{"id":19208,"date":"2025-05-12T19:51:57","date_gmt":"2025-05-12T16:51:57","guid":{"rendered":"https:\/\/flameguard.ee\/?post_type=product&#038;p=19208"},"modified":"2025-05-12T19:58:43","modified_gmt":"2025-05-12T16:58:43","slug":"co-ja-co2-eemaldussusteem-arc","status":"publish","type":"product","link":"https:\/\/flameguard.ee\/fi\/product\/co-ja-co2-poistoteema-arc\/","title":{"rendered":"CO- ja CO2 poistoj\u00e4rjestelm\u00e4 ARC"},"content":{"rendered":"<p data-start=\"715\" data-end=\"741\"><strong data-start=\"719\" data-end=\"741\">K\u00e4ytt\u00f6tarkoitukset:<\/strong><\/p>\n<p class=\"\" data-start=\"2220\" data-end=\"2441\">Sopii ihanteellisesti v\u00e4est\u00f6nsuojelun suojuksiin, valtionsyytt\u00e4jiin, h\u00e4t\u00e4suojuksiin ja kriittisiin infrastruktuureihin, joissa tarvitaan korkeatasoista ilmansuodatusta ja ylipaineen yll\u00e4pitoa.<\/p>","protected":false},"excerpt":{"rendered":"<p><strong>CO- ja CO2 ARC-j\u00e4rjestelm\u00e4<\/strong> hiilidioksidin (CO-\u2082) ja hiilimonoksidin (CO) poistoj\u00e4rjestelm\u00e4t. J\u00e4rjestelm\u00e4t tarjoavat modulaarisen suunnittelun, joka mahdollistaa yhden tai useamman CO-\u2082 tai CO-suodattimen yhdist\u00e4misen tuulettimeen ilman kierr\u00e4tt\u00e4miseksi suojassa ja hiilidioksidin tai hiilimonoksidin poistamiseksi siit\u00e4.<\/p>\n<h3 class=\"\" data-start=\"232\" data-end=\"258\"><strong data-start=\"236\" data-end=\"258\">T\u00e4rkeimm\u00e4t ominaisuudet:<\/strong><\/h3>\n<ul>\n<li class=\"\" data-start=\"389\" data-end=\"469\">\n<p class=\"\" data-start=\"391\" data-end=\"469\">Modulaarinen suunnittelu joustavasti asennettavaksi erikokoisiin suojiin<\/p>\n<\/li>\n<li class=\"\" data-start=\"470\" data-end=\"512\">\n<p class=\"\" data-start=\"472\" data-end=\"512\">Tehokas hiilidioksidin poisto ilmasta<\/p>\n<\/li>\n<li class=\"\" data-start=\"513\" data-end=\"600\">\n<p class=\"\" data-start=\"515\" data-end=\"600\">Voidaan asentaa erillisen\u00e4 yksikk\u00f6n\u00e4 tai osana suurempia ilmank\u00e4sittelyj\u00e4rjestelmi\u00e4<\/p>\n<\/li>\n<li class=\"\" data-start=\"601\" data-end=\"678\">\n<p class=\"\" data-start=\"603\" data-end=\"678\">Ne on erityisesti suunniteltu pelastuspalvelulinjoja ja suojelualueita varten.<\/p>\n<\/li>\n<\/ul>\n<ul>\n<li style=\"list-style-type: none;\"><\/li>\n<\/ul>","protected":false},"featured_media":19218,"template":"","meta":[],"product_brand":[172],"product_cat":[167],"product_tag":[],"class_list":{"0":"post-19208","1":"product","2":"type-product","3":"status-publish","4":"has-post-thumbnail","6":"product_brand-arconic","7":"product_cat-varjumiskohad","9":"first","10":"onbackorder","11":"taxable","12":"shipping-taxable","13":"product-type-simple"},"_links":{"self":[{"href":"https:\/\/flameguard.ee\/fi\/wp-json\/wp\/v2\/product\/19208","targetHints":{"allow":["GET"]}}],"collection":[{"href":"https:\/\/flameguard.ee\/fi\/wp-json\/wp\/v2\/product"}],"about":[{"href":"https:\/\/flameguard.ee\/fi\/wp-json\/wp\/v2\/types\/product"}],"version-history":[{"count":2,"href":"https:\/\/flameguard.ee\/fi\/wp-json\/wp\/v2\/product\/19208\/revisions"}],"predecessor-version":[{"id":19221,"href":"https:\/\/flameguard.ee\/fi\/wp-json\/wp\/v2\/product\/19208\/revisions\/19221"}],"wp:featuredmedia":[{"embeddable":true,"href":"https:\/\/flameguard.ee\/fi\/wp-json\/wp\/v2\/media\/19218"}],"wp:attachment":[{"href":"https:\/\/flameguard.ee\/fi\/wp-json\/wp\/v2\/media?parent=19208"}],"wp:term":[{"taxonomy":"product_brand","embeddable":true,"href":"https:\/\/flameguard.ee\/fi\/wp-json\/wp\/v2\/product_brand?post=19208"},{"taxonomy":"product_cat","embeddable":true,"href":"https:\/\/flameguard.ee\/fi\/wp-json\/wp\/v2\/product_cat?post=19208"},{"taxonomy":"product_tag","embeddable":true,"href":"https:\/\/flameguard.ee\/fi\/wp-json\/wp\/v2\/product_tag?post=19208"}],"curies":[{"name":"wp","href":"https:\/\/api.w.org\/{rel}","templated":true}]}}