{"id":19223,"date":"2025-05-12T20:02:40","date_gmt":"2025-05-12T17:02:40","guid":{"rendered":"https:\/\/flameguard.ee\/?post_type=product&#038;p=19223"},"modified":"2025-05-12T20:29:06","modified_gmt":"2025-05-12T17:29:06","slug":"looklainevastane-ulerohuklapp-bvno","status":"publish","type":"product","link":"https:\/\/flameguard.ee\/fi\/product\/lookinestoventtiili-bvno\/","title":{"rendered":"Paineenrajoitusventtiili BVNO, joka on avattu normaalisti"},"content":{"rendered":"<p data-start=\"715\" data-end=\"741\"><strong data-start=\"719\" data-end=\"741\">K\u00e4ytt\u00f6tarkoitukset:<\/strong><\/p>\n<p class=\"\" data-start=\"2220\" data-end=\"2441\">Sopii erinomaisesti pelastuspalvelulaitoksiin, sotilaslaitoksiin, h\u00e4t\u00e4tilanteisiin ja kriittiseen infrastruktuuriin<\/p>","protected":false},"excerpt":{"rendered":"<p><strong data-start=\"73\" data-end=\"119\">BVNO-automaattiset, <\/strong>normaalisti avatut venttiilit on tarkoitettu asennettavaksi ilmanvaihtoaukkoihin suojaamaan sis\u00e4tiloja tuhoavan r\u00e4j\u00e4hdyksen vaikutuksilta. N\u00e4m\u00e4 venttiilit on erityisesti suunniteltu varmistamaan ilmanvaihto samalla kun ne suojaavat odottamattomilta ylipaineilta. N\u00e4iss\u00e4 venttiileiss\u00e4 on normaalitilassa jatkuva ilmavirta, mutta ne sulkeutuvat automaattisesti r\u00e4j\u00e4hdyksen sattuessa sis\u00e4puolelta suojaamiseksi.<\/p>\n<h3 class=\"\" data-start=\"232\" data-end=\"258\"><strong data-start=\"236\" data-end=\"258\">T\u00e4rkeimm\u00e4t ominaisuudet:<\/strong><\/h3>\n<ul>\n<li class=\"\" data-start=\"511\" data-end=\"709\">\n<p class=\"\" data-start=\"513\" data-end=\"709\">Useita r\u00e4j\u00e4hdysventtiilej\u00e4 eri ilmavirtoihin. BVNO-sarja sis\u00e4lt\u00e4\u00e4 venttiilej\u00e4, joiden ilmavirta on alueella <strong data-start=\"621\" data-end=\"637\">50\u20132900 m\/h<\/strong> (yht\u00e4 venttiili\u00e4 kohti; useampia venttiilej\u00e4 voidaan asentaa, jos ilmavirta on suurempi).<\/p>\n<\/li>\n<li class=\"\" data-start=\"710\" data-end=\"750\">\n<p class=\"\" data-start=\"712\" data-end=\"750\">Takaisinpaineensietokyky &gt; 900 kPa (9 bar).<\/p>\n<\/li>\n<li class=\"\" data-start=\"751\" data-end=\"804\">\n<p class=\"\" data-start=\"753\" data-end=\"804\">Eritt\u00e4in kest\u00e4vi\u00e4 \u2013 kest\u00e4v\u00e4t kuumuutta ja korroosiota.<\/p>\n<\/li>\n<li class=\"\" data-start=\"805\" data-end=\"948\">\n<p class=\"\" data-start=\"807\" data-end=\"948\">Tavallisesti avatut r\u00e4j\u00e4hdysventtiilit voidaan varustaa p\u00f6lynpoistoon tarkoitetulla p\u00f6lynesisuodattimella ja erityisell\u00e4 ilmansy\u00f6tt\u00f6\u00f6n tarkoitetulla kotelolla.<\/p>\n<\/li>\n<li data-start=\"805\" data-end=\"948\">K\u00e4ytt\u00f6l\u00e4mp\u00f6tila -20 \u00b0C \u2013 +70 \u00b0C<\/li>\n<li data-start=\"805\" data-end=\"948\">Mekaaninen lujuus enint\u00e4\u00e4n 12 g<\/li>\n<\/ul>\n<ul>\n<li style=\"list-style-type: none;\"><\/li>\n<\/ul>","protected":false},"featured_media":19224,"template":"","meta":[],"product_brand":[172],"product_cat":[167],"product_tag":[],"class_list":{"0":"post-19223","1":"product","2":"type-product","3":"status-publish","4":"has-post-thumbnail","6":"product_brand-arconic","7":"product_cat-varjumiskohad","9":"first","10":"instock","11":"taxable","12":"shipping-taxable","13":"product-type-variable"},"_links":{"self":[{"href":"https:\/\/flameguard.ee\/fi\/wp-json\/wp\/v2\/product\/19223","targetHints":{"allow":["GET"]}}],"collection":[{"href":"https:\/\/flameguard.ee\/fi\/wp-json\/wp\/v2\/product"}],"about":[{"href":"https:\/\/flameguard.ee\/fi\/wp-json\/wp\/v2\/types\/product"}],"version-history":[{"count":4,"href":"https:\/\/flameguard.ee\/fi\/wp-json\/wp\/v2\/product\/19223\/revisions"}],"predecessor-version":[{"id":19250,"href":"https:\/\/flameguard.ee\/fi\/wp-json\/wp\/v2\/product\/19223\/revisions\/19250"}],"wp:featuredmedia":[{"embeddable":true,"href":"https:\/\/flameguard.ee\/fi\/wp-json\/wp\/v2\/media\/19224"}],"wp:attachment":[{"href":"https:\/\/flameguard.ee\/fi\/wp-json\/wp\/v2\/media?parent=19223"}],"wp:term":[{"taxonomy":"product_brand","embeddable":true,"href":"https:\/\/flameguard.ee\/fi\/wp-json\/wp\/v2\/product_brand?post=19223"},{"taxonomy":"product_cat","embeddable":true,"href":"https:\/\/flameguard.ee\/fi\/wp-json\/wp\/v2\/product_cat?post=19223"},{"taxonomy":"product_tag","embeddable":true,"href":"https:\/\/flameguard.ee\/fi\/wp-json\/wp\/v2\/product_tag?post=19223"}],"curies":[{"name":"wp","href":"https:\/\/api.w.org\/{rel}","templated":true}]}}