{"id":19241,"date":"2025-05-12T20:25:51","date_gmt":"2025-05-12T17:25:51","guid":{"rendered":"https:\/\/flameguard.ee\/?post_type=product&#038;p=19241"},"modified":"2025-05-12T20:37:49","modified_gmt":"2025-05-12T17:37:49","slug":"looklainevastane-ulerohuklapp-bvno-2","status":"publish","type":"product","link":"https:\/\/flameguard.ee\/fi\/product\/lookinestoventtiili-bvno-2\/","title":{"rendered":"Paineenrajoitusventtiili BVNO"},"content":{"rendered":"<p data-start=\"715\" data-end=\"741\"><strong data-start=\"719\" data-end=\"741\">K\u00e4ytt\u00f6tarkoitukset:<\/strong><\/p>\n<p class=\"\" data-start=\"2220\" data-end=\"2441\">Sopii erinomaisesti pelastuspalvelulaitoksiin, sotilaslaitoksiin, h\u00e4t\u00e4tilanteisiin ja kriittiseen infrastruktuuriin<\/p>","protected":false},"excerpt":{"rendered":"<p><strong data-start=\"172\" data-end=\"180\">BVNC<\/strong> ylipaineventtiilit ovat yleens\u00e4 suljettuja ja avautuvat automaattisesti vain, jos sis\u00e4inen ylipaine on poistettava. Ne suojaavat merkitt\u00e4v\u00e4sti r\u00e4j\u00e4hdyksest\u00e4 johtuvalta sis\u00e4iselt\u00e4 ylipaineelta ja s\u00e4ilytt\u00e4v\u00e4t samalla tiiviyden normaaleissa olosuhteissa.<\/p>\n<h3 class=\"\" data-start=\"232\" data-end=\"258\"><strong data-start=\"236\" data-end=\"258\">T\u00e4rkeimm\u00e4t ominaisuudet:<\/strong><\/h3>\n<ul>\n<li class=\"\" data-start=\"450\" data-end=\"517\">\n<p class=\"\" data-start=\"452\" data-end=\"517\">Pit\u00e4\u00e4 ylipaineen hallinnassa vapauttamalla automaattisesti ylim\u00e4\u00e4r\u00e4ist\u00e4 ilmaa.<\/p>\n<\/li>\n<li class=\"\" data-start=\"518\" data-end=\"551\">\n<p class=\"\" data-start=\"520\" data-end=\"551\">Toimii paineesta alkaen <strong data-start=\"541\" data-end=\"550\">50 Pa<\/strong>.<\/p>\n<\/li>\n<li class=\"\" data-start=\"552\" data-end=\"614\">\n<p class=\"\" data-start=\"554\" data-end=\"614\">Saatavilla eri kokoisina ilmavirtauksen tarpeen mukaan.<\/p>\n<\/li>\n<\/ul>\n<ul>\n<li style=\"list-style-type: none;\"><\/li>\n<\/ul>","protected":false},"featured_media":19251,"template":"","meta":[],"product_brand":[172],"product_cat":[167],"product_tag":[],"class_list":{"0":"post-19241","1":"product","2":"type-product","3":"status-publish","4":"has-post-thumbnail","6":"product_brand-arconic","7":"product_cat-varjumiskohad","9":"first","10":"instock","11":"taxable","12":"shipping-taxable","13":"product-type-simple"},"_links":{"self":[{"href":"https:\/\/flameguard.ee\/fi\/wp-json\/wp\/v2\/product\/19241","targetHints":{"allow":["GET"]}}],"collection":[{"href":"https:\/\/flameguard.ee\/fi\/wp-json\/wp\/v2\/product"}],"about":[{"href":"https:\/\/flameguard.ee\/fi\/wp-json\/wp\/v2\/types\/product"}],"version-history":[{"count":1,"href":"https:\/\/flameguard.ee\/fi\/wp-json\/wp\/v2\/product\/19241\/revisions"}],"predecessor-version":[{"id":19256,"href":"https:\/\/flameguard.ee\/fi\/wp-json\/wp\/v2\/product\/19241\/revisions\/19256"}],"wp:featuredmedia":[{"embeddable":true,"href":"https:\/\/flameguard.ee\/fi\/wp-json\/wp\/v2\/media\/19251"}],"wp:attachment":[{"href":"https:\/\/flameguard.ee\/fi\/wp-json\/wp\/v2\/media?parent=19241"}],"wp:term":[{"taxonomy":"product_brand","embeddable":true,"href":"https:\/\/flameguard.ee\/fi\/wp-json\/wp\/v2\/product_brand?post=19241"},{"taxonomy":"product_cat","embeddable":true,"href":"https:\/\/flameguard.ee\/fi\/wp-json\/wp\/v2\/product_cat?post=19241"},{"taxonomy":"product_tag","embeddable":true,"href":"https:\/\/flameguard.ee\/fi\/wp-json\/wp\/v2\/product_tag?post=19241"}],"curies":[{"name":"wp","href":"https:\/\/api.w.org\/{rel}","templated":true}]}}