{"id":19257,"date":"2025-05-12T20:38:30","date_gmt":"2025-05-12T17:38:30","guid":{"rendered":"https:\/\/flameguard.ee\/?post_type=product&#038;p=19257"},"modified":"2025-05-12T20:42:35","modified_gmt":"2025-05-12T17:42:35","slug":"prv-rohuerinevuse-regulaatorklapid","status":"publish","type":"product","link":"https:\/\/flameguard.ee\/fi\/product\/prv-ruohonkorroosion-saatoventtiilit\/","title":{"rendered":"PRV:n paineenvaihtelun s\u00e4\u00e4t\u00f6venttiilit"},"content":{"rendered":"<p data-start=\"715\" data-end=\"741\"><strong data-start=\"719\" data-end=\"741\">K\u00e4ytt\u00f6tarkoitukset:<\/strong><\/p>\n<p class=\"\" data-start=\"2220\" data-end=\"2441\">Sopii erinomaisesti pelastuspalvelulaitoksiin, sotilaslaitoksiin, h\u00e4t\u00e4tilanteisiin, l\u00e4\u00e4kelaboratorioihin ja kriittiseen infrastruktuuriin<\/p>\n<p data-start=\"2220\" data-end=\"2441\">","protected":false},"excerpt":{"rendered":"<p><strong data-start=\"778\" data-end=\"792\">PRV-venttiilit<\/strong> s\u00e4\u00e4telev\u00e4t kiinte\u00e4\u00e4 paineeroa toisiinsa liitettyjen tilojen (esim. ilmalukot, suojarakenteet) v\u00e4lill\u00e4. Niill\u00e4 varmistetaan tasapainoinen ilmavirtaus ja yll\u00e4pidet\u00e4\u00e4n vaadittua ylipainetta.<\/p>\n<h3 class=\"\" data-start=\"232\" data-end=\"258\"><strong data-start=\"236\" data-end=\"258\">T\u00e4rkeimm\u00e4t ominaisuudet:<\/strong><\/h3>\n<ul>\n<li class=\"\" data-start=\"986\" data-end=\"1048\">\n<p class=\"\" data-start=\"988\" data-end=\"1048\">Ammattimainen ratkaisu ilmalukkoihin ja suojattuihin tiloihin.<\/p>\n<\/li>\n<li class=\"\" data-start=\"1049\" data-end=\"1135\">\n<p class=\"\" data-start=\"1051\" data-end=\"1135\">Tiivis suunnittelu \u2013 helppo integroida olemassa oleviin ilmanvaihtoj\u00e4rjestelmiin.<\/p>\n<\/li>\n<li class=\"\" data-start=\"1136\" data-end=\"1187\">\n<p class=\"\" data-start=\"1138\" data-end=\"1187\">Korroosionkest\u00e4v\u00e4t materiaalit takaavat pitk\u00e4n elini\u00e4n.<\/p>\n<\/li>\n<\/ul>\n<ul>\n<li style=\"list-style-type: none;\"><\/li>\n<\/ul>","protected":false},"featured_media":19259,"template":"","meta":[],"product_brand":[172],"product_cat":[167],"product_tag":[],"class_list":{"0":"post-19257","1":"product","2":"type-product","3":"status-publish","4":"has-post-thumbnail","6":"product_brand-arconic","7":"product_cat-varjumiskohad","9":"first","10":"instock","11":"taxable","12":"shipping-taxable","13":"product-type-simple"},"_links":{"self":[{"href":"https:\/\/flameguard.ee\/fi\/wp-json\/wp\/v2\/product\/19257","targetHints":{"allow":["GET"]}}],"collection":[{"href":"https:\/\/flameguard.ee\/fi\/wp-json\/wp\/v2\/product"}],"about":[{"href":"https:\/\/flameguard.ee\/fi\/wp-json\/wp\/v2\/types\/product"}],"version-history":[{"count":1,"href":"https:\/\/flameguard.ee\/fi\/wp-json\/wp\/v2\/product\/19257\/revisions"}],"predecessor-version":[{"id":19258,"href":"https:\/\/flameguard.ee\/fi\/wp-json\/wp\/v2\/product\/19257\/revisions\/19258"}],"wp:featuredmedia":[{"embeddable":true,"href":"https:\/\/flameguard.ee\/fi\/wp-json\/wp\/v2\/media\/19259"}],"wp:attachment":[{"href":"https:\/\/flameguard.ee\/fi\/wp-json\/wp\/v2\/media?parent=19257"}],"wp:term":[{"taxonomy":"product_brand","embeddable":true,"href":"https:\/\/flameguard.ee\/fi\/wp-json\/wp\/v2\/product_brand?post=19257"},{"taxonomy":"product_cat","embeddable":true,"href":"https:\/\/flameguard.ee\/fi\/wp-json\/wp\/v2\/product_cat?post=19257"},{"taxonomy":"product_tag","embeddable":true,"href":"https:\/\/flameguard.ee\/fi\/wp-json\/wp\/v2\/product_tag?post=19257"}],"curies":[{"name":"wp","href":"https:\/\/api.w.org\/{rel}","templated":true}]}}