{"id":19260,"date":"2025-05-12T20:44:41","date_gmt":"2025-05-12T17:44:41","guid":{"rendered":"https:\/\/flameguard.ee\/?post_type=product&#038;p=19260"},"modified":"2025-05-12T20:49:23","modified_gmt":"2025-05-12T17:49:23","slug":"hdb-looklainevastane-rest","status":"publish","type":"product","link":"https:\/\/flameguard.ee\/fi\/product\/hdb-lookinestoristikot\/","title":{"rendered":"T\u00d6RM\u00c4YKSENESTORITIL\u00c4T"},"content":{"rendered":"<p data-start=\"715\" data-end=\"741\"><strong data-start=\"719\" data-end=\"741\">K\u00e4ytt\u00f6tarkoitukset:<\/strong><\/p>\n<p class=\"\" data-start=\"2220\" data-end=\"2441\">J\u00e4lleenrakennuslaitokset, \u00f6ljy- ja kaasulaitokset, ydinvoimalat, suojat, valtion rakennukset ja muut kriittiset infrastruktuurit.<\/p>\n<p data-start=\"2220\" data-end=\"2441\">","protected":false},"excerpt":{"rendered":"<p><strong data-start=\"1345\" data-end=\"1369\">T\u00d6RM\u00c4YKSENESTORITIL\u00c4T<\/strong>\u00a0suojelee t\u00e4rke\u00e4\u00e4 infrastruktuuria est\u00e4m\u00e4ll\u00e4 r\u00e4j\u00e4hdysaineiden p\u00e4\u00e4syn ilmanvaihtoj\u00e4rjestelmiin. Sulkeutuu heti, kun sokkiaalto havaitaan, ja avautuu automaattisesti, kun tilanne on normalisoitunut (my\u00f6s manuaalisesti avattava). Valmistettu ruostumattomasta ter\u00e4ksest\u00e4, soveltuu my\u00f6s r\u00e4j\u00e4hdysalttiille alueille (ATEX Zone 1, 2, 21, 22).<\/p>\n<h3 class=\"\" data-start=\"232\" data-end=\"258\"><strong data-start=\"236\" data-end=\"258\">T\u00e4rkeimm\u00e4t ominaisuudet:<\/strong><\/h3>\n<ul>\n<li class=\"\" data-start=\"1707\" data-end=\"1750\">\n<p class=\"\" data-start=\"1709\" data-end=\"1750\">Testattu sokkiputkessa enint\u00e4\u00e4n <strong data-start=\"1733\" data-end=\"1742\">6 bar<\/strong> painetta.<\/p>\n<\/li>\n<li class=\"\" data-start=\"1751\" data-end=\"1803\">\n<p class=\"\" data-start=\"1753\" data-end=\"1803\">Korroosionkest\u00e4vyys (1\u00a0440 tuntia sumutetestiss\u00e4).<\/p>\n<\/li>\n<li class=\"\" data-start=\"1804\" data-end=\"1849\">\n<p class=\"\" data-start=\"1806\" data-end=\"1849\">Itseaktivoituva sulkemis- ja avausmekanismi.<\/p>\n<\/li>\n<li class=\"\" data-start=\"1850\" data-end=\"1908\">\n<p class=\"\" data-start=\"1852\" data-end=\"1908\">Saatavilla tilauksesta 2000 \u00d7 2400 mm:n kokoisiksi.<\/p>\n<\/li>\n<li class=\"\" data-start=\"1909\" data-end=\"1963\">\n<p class=\"\" data-start=\"1911\" data-end=\"1963\">Sertifioitu k\u00e4ytett\u00e4v\u00e4ksi vaarallisissa ymp\u00e4rist\u00f6iss\u00e4.<\/p>\n<\/li>\n<\/ul>","protected":false},"featured_media":19263,"template":"","meta":[],"product_brand":[172],"product_cat":[167],"product_tag":[],"class_list":{"0":"post-19260","1":"product","2":"type-product","3":"status-publish","4":"has-post-thumbnail","6":"product_brand-arconic","7":"product_cat-varjumiskohad","9":"first","10":"instock","11":"taxable","12":"shipping-taxable","13":"product-type-simple"},"_links":{"self":[{"href":"https:\/\/flameguard.ee\/fi\/wp-json\/wp\/v2\/product\/19260","targetHints":{"allow":["GET"]}}],"collection":[{"href":"https:\/\/flameguard.ee\/fi\/wp-json\/wp\/v2\/product"}],"about":[{"href":"https:\/\/flameguard.ee\/fi\/wp-json\/wp\/v2\/types\/product"}],"version-history":[{"count":1,"href":"https:\/\/flameguard.ee\/fi\/wp-json\/wp\/v2\/product\/19260\/revisions"}],"predecessor-version":[{"id":19262,"href":"https:\/\/flameguard.ee\/fi\/wp-json\/wp\/v2\/product\/19260\/revisions\/19262"}],"wp:featuredmedia":[{"embeddable":true,"href":"https:\/\/flameguard.ee\/fi\/wp-json\/wp\/v2\/media\/19263"}],"wp:attachment":[{"href":"https:\/\/flameguard.ee\/fi\/wp-json\/wp\/v2\/media?parent=19260"}],"wp:term":[{"taxonomy":"product_brand","embeddable":true,"href":"https:\/\/flameguard.ee\/fi\/wp-json\/wp\/v2\/product_brand?post=19260"},{"taxonomy":"product_cat","embeddable":true,"href":"https:\/\/flameguard.ee\/fi\/wp-json\/wp\/v2\/product_cat?post=19260"},{"taxonomy":"product_tag","embeddable":true,"href":"https:\/\/flameguard.ee\/fi\/wp-json\/wp\/v2\/product_tag?post=19260"}],"curies":[{"name":"wp","href":"https:\/\/api.w.org\/{rel}","templated":true}]}}