{"id":19265,"date":"2025-05-12T20:53:50","date_gmt":"2025-05-12T17:53:50","guid":{"rendered":"https:\/\/flameguard.ee\/?post_type=product&#038;p=19265"},"modified":"2025-05-13T20:33:16","modified_gmt":"2025-05-13T17:33:16","slug":"moodulvarjend-kalamaki","status":"publish","type":"product","link":"https:\/\/flameguard.ee\/fi\/product\/moduulivarjostus-kalamaki\/","title":{"rendered":"Moduulivarjostus Kalamaki"},"content":{"rendered":"<p data-start=\"715\" data-end=\"741\">Moduulivarjostus Kalamaki on t\u00e4ysin modulaarinen, joten sit\u00e4 voidaan mukauttaa tarpeen mukaan. Suojaus voidaan yhdist\u00e4\u00e4 erilaisiin teknisiin, asuin- ja mukavuusmoduuleihin. Bunkkeriin voidaan toimittaa s\u00e4hk\u00f6j\u00e4rjestelmi\u00e4, vedenpuhdistusta, ilmanvaihtoa, varastointia, makuualueita ja jopa ylellisi\u00e4 elementtej\u00e4. Moduulisuoja Kalamaki tarjoaa joustavuutta, nopeaa asennusta ja pitk\u00e4kestoista suojaa \u2013 juuri sinun tarpeidesi mukaan.<\/p>\n<p data-start=\"2220\" data-end=\"2441\">","protected":false},"excerpt":{"rendered":"<p><strong data-start=\"1345\" data-end=\"1369\">Moduulivarjostus Kalamaki <\/strong>on esik\u00e4sitelty, modulaarinen ja eritt\u00e4in kest\u00e4v\u00e4 suojarakenteiden moduulij\u00e4rjestelm\u00e4, joka on suunniteltu maksimoimaan suojaus ja mukavuus. N\u00e4m\u00e4 esivalmistetut suojat on suunniteltu yhdist\u00e4m\u00e4\u00e4n kohtuuhintaisuus ja laatu, ja ne tarjoavat erinomaisen turvallisuuden, mukavuuden ja pitk\u00e4aikaisen k\u00e4ytett\u00e4vyyden.<\/p>\n<h3 class=\"\" data-start=\"232\" data-end=\"258\"><strong data-start=\"236\" data-end=\"258\">T\u00e4rkeimm\u00e4t ominaisuudet:<\/strong><\/h3>\n<ul>\n<li class=\"\" data-start=\"470\" data-end=\"604\">\n<p class=\"\" data-start=\"472\" data-end=\"604\"><strong data-start=\"472\" data-end=\"527\">Kustannustehokas ratkaisu ilman kompromisseja laadussa<\/strong> \u2013 korkealaatuiset materiaalit ja taitava toteutus kohtuuhintaan.<\/p>\n<\/li>\n<li class=\"\" data-start=\"605\" data-end=\"724\">\n<p class=\"\" data-start=\"607\" data-end=\"724\"><strong data-start=\"607\" data-end=\"632\">T\u00e4ysin mukautettavissa<\/strong> \u2013 eri moduulien avulla voidaan tarvittaessa luoda laajempia asuin- ja turva-alueita.<\/p>\n<\/li>\n<li class=\"\" data-start=\"725\" data-end=\"828\">\n<p class=\"\" data-start=\"727\" data-end=\"828\"><strong data-start=\"727\" data-end=\"756\">Nopea ja yksinkertainen asennus<\/strong> \u2013 esik\u00e4sitelty rakenne mahdollistaa nopean ja yksinkertaisen asennuksen.<\/p>\n<\/li>\n<li class=\"\" data-start=\"829\" data-end=\"924\">\n<p class=\"\" data-start=\"831\" data-end=\"924\"><strong data-start=\"831\" data-end=\"851\">Kattava suoja<\/strong> \u2013 t\u00e4ysin vedenpit\u00e4v\u00e4, ilmatiivis ja korroosionkest\u00e4v\u00e4, mik\u00e4 takaa pitk\u00e4n elini\u00e4n.<\/p>\n<\/li>\n<li class=\"\" data-start=\"925\" data-end=\"1134\">\n<p class=\"\" data-start=\"927\" data-end=\"1134\"><strong data-start=\"927\" data-end=\"989\">Integroitu CBRN-suodatus ja r\u00e4j\u00e4hdyksenkest\u00e4v\u00e4t ovet<\/strong> \u2013 varustettu sertifioiduilla Atmas Group\/Arconik CBRN-suodatusj\u00e4rjestelmill\u00e4 ja r\u00e4j\u00e4hdyksenkest\u00e4vill\u00e4 ovilla mahdollisimman suurta turvallisuutta varten.<\/p>\n<\/li>\n<li class=\"\" data-start=\"1135\" data-end=\"1347\">\n<p class=\"\" data-start=\"1137\" data-end=\"1347\"><strong data-start=\"1137\" data-end=\"1166\">Maailmanlaajuinen tarjonta<\/strong> \u2013 optimoitu vakiokontteihin sijoittamista varten sek\u00e4 kevyt ja kest\u00e4v\u00e4 rakenne mahdollistavat kuljetuksen maailmanlaajuisesti; paikalliset edustajat varmistavat saumattoman tilauksen ja tuen.<\/p>\n<\/li>\n<\/ul>","protected":false},"featured_media":19266,"template":"","meta":[],"product_brand":[202],"product_cat":[167],"product_tag":[],"class_list":{"0":"post-19265","1":"product","2":"type-product","3":"status-publish","4":"has-post-thumbnail","6":"product_brand-kolomaki","7":"product_cat-varjumiskohad","9":"first","10":"instock","11":"taxable","12":"shipping-taxable","13":"product-type-simple"},"_links":{"self":[{"href":"https:\/\/flameguard.ee\/fi\/wp-json\/wp\/v2\/product\/19265","targetHints":{"allow":["GET"]}}],"collection":[{"href":"https:\/\/flameguard.ee\/fi\/wp-json\/wp\/v2\/product"}],"about":[{"href":"https:\/\/flameguard.ee\/fi\/wp-json\/wp\/v2\/types\/product"}],"version-history":[{"count":1,"href":"https:\/\/flameguard.ee\/fi\/wp-json\/wp\/v2\/product\/19265\/revisions"}],"predecessor-version":[{"id":19267,"href":"https:\/\/flameguard.ee\/fi\/wp-json\/wp\/v2\/product\/19265\/revisions\/19267"}],"wp:featuredmedia":[{"embeddable":true,"href":"https:\/\/flameguard.ee\/fi\/wp-json\/wp\/v2\/media\/19266"}],"wp:attachment":[{"href":"https:\/\/flameguard.ee\/fi\/wp-json\/wp\/v2\/media?parent=19265"}],"wp:term":[{"taxonomy":"product_brand","embeddable":true,"href":"https:\/\/flameguard.ee\/fi\/wp-json\/wp\/v2\/product_brand?post=19265"},{"taxonomy":"product_cat","embeddable":true,"href":"https:\/\/flameguard.ee\/fi\/wp-json\/wp\/v2\/product_cat?post=19265"},{"taxonomy":"product_tag","embeddable":true,"href":"https:\/\/flameguard.ee\/fi\/wp-json\/wp\/v2\/product_tag?post=19265"}],"curies":[{"name":"wp","href":"https:\/\/api.w.org\/{rel}","templated":true}]}}