{"id":19274,"date":"2025-05-12T21:16:27","date_gmt":"2025-05-12T18:16:27","guid":{"rendered":"https:\/\/flameguard.ee\/?post_type=product&#038;p=19274"},"modified":"2025-05-13T20:32:40","modified_gmt":"2025-05-13T17:32:40","slug":"toru-kujuline-varjend","status":"publish","type":"product","link":"https:\/\/flameguard.ee\/fi\/product\/putken-muotoinen-suojus\/","title":{"rendered":"Putken muotoinen suojaus"},"content":{"rendered":"<p data-start=\"715\" data-end=\"741\">T\u00e4ydellinen k\u00e4ytett\u00e4v\u00e4ksi yksityishenkil\u00f6iden bunkkereina, h\u00e4t\u00e4suojuksina ja tiloina, jotka suojaavat luonnollisilta tai ihmisen aiheuttamilta vaaroilta.<\/p>\n<p data-start=\"2220\" data-end=\"2441\">","protected":false},"excerpt":{"rendered":"<p>Putken muotoinen suojaus on parannettu ratkaisu, jonka tarkoituksena on varmistaa turvallisuus erilaisissa kriisitilanteissa. Se on suunniteltu kiinnitt\u00e4m\u00e4\u00e4n erityist\u00e4 huomiota korkeimpiin puolustusvaatimuksiin. Lis\u00e4ksi sille on ominaista k\u00e4ytt\u00f6mukavuus, joka vastaa my\u00f6s kaikkein vaativimpien k\u00e4ytt\u00e4jien odotuksia. Lis\u00e4ksi se tarjoaa joustavuutta, koska se mahdollistaa sis\u00e4isen mukauttamisen yksil\u00f6llisiin tarpeisiin ja tekee siit\u00e4 ihanteellisen vaihtoehdon sek\u00e4 yksityishenkil\u00f6ille ett\u00e4 elimille, jotka etsiv\u00e4t kokonaisvaltaista ratkaisua puolustuksen alalla.<\/p>\n<h3 class=\"\" data-start=\"232\" data-end=\"258\"><strong data-start=\"236\" data-end=\"258\">T\u00e4rkeimm\u00e4t ominaisuudet:<\/strong><\/h3>\n<ul>\n<li class=\"\" data-start=\"635\" data-end=\"713\">\n<p class=\"\" data-start=\"637\" data-end=\"713\"><strong data-start=\"637\" data-end=\"665\">K\u00e4ytt\u00f6korkeus: 3 metri\u00e4<\/strong> \u2013 varmistaa sis\u00e4isen liikkumisvapauden ja mukavuuden.<\/p>\n<\/li>\n<li class=\"\" data-start=\"714\" data-end=\"800\">\n<p class=\"\" data-start=\"716\" data-end=\"800\"><strong data-start=\"716\" data-end=\"759\">Asumismoduulin pituus: 6\u201315 metri\u00e4<\/strong>, tarjoamalla majoitusta useille ihmisille.<\/p>\n<\/li>\n<li class=\"\" data-start=\"801\" data-end=\"866\">\n<p class=\"\" data-start=\"803\" data-end=\"866\">Rakenteessa on tilaa liit\u00e4nn\u00f6ille ja teknisille j\u00e4rjestelmille.<\/p>\n<\/li>\n<li class=\"\" data-start=\"867\" data-end=\"929\">\n<p class=\"\" data-start=\"869\" data-end=\"929\">Voidaan asentaa <strong data-start=\"889\" data-end=\"928\">maanp\u00e4\u00e4llisen\u00e4 tai maanalaisena ratkaisuna<\/strong>.<\/p>\n<\/li>\n<li class=\"\" data-start=\"930\" data-end=\"1071\">\n<p class=\"\" data-start=\"932\" data-end=\"1071\">Varustettu <strong data-start=\"943\" data-end=\"990\">sertifioitujen kaasu- ja vesitiiviiden ovien<\/strong> ja <strong data-start=\"996\" data-end=\"1027\">r\u00e4j\u00e4hdyksenkest\u00e4v\u00e4t luukut<\/strong>, joilla varmistetaan erist\u00e4minen ulkoisilta vaaroilta.<\/p>\n<\/li>\n<li class=\"\" data-start=\"1072\" data-end=\"1206\">\n<p class=\"\" data-start=\"1074\" data-end=\"1206\">Sis\u00e4lt\u00e4\u00e4 <strong data-start=\"1083\" data-end=\"1134\">Arconik tuuletus- ja suodatusj\u00e4rjestelm\u00e4n<\/strong>, joka suojaa <strong data-start=\"1148\" data-end=\"1200\">ydin-, biologisten ja kemiallisten (CBRN) uhkien<\/strong> pois tielt\u00e4.<\/p>\n<\/li>\n<\/ul>","protected":false},"featured_media":19275,"template":"","meta":[],"product_brand":[202],"product_cat":[167],"product_tag":[],"class_list":{"0":"post-19274","1":"product","2":"type-product","3":"status-publish","4":"has-post-thumbnail","6":"product_brand-kolomaki","7":"product_cat-varjumiskohad","9":"first","10":"instock","11":"taxable","12":"shipping-taxable","13":"product-type-simple"},"_links":{"self":[{"href":"https:\/\/flameguard.ee\/fi\/wp-json\/wp\/v2\/product\/19274","targetHints":{"allow":["GET"]}}],"collection":[{"href":"https:\/\/flameguard.ee\/fi\/wp-json\/wp\/v2\/product"}],"about":[{"href":"https:\/\/flameguard.ee\/fi\/wp-json\/wp\/v2\/types\/product"}],"version-history":[{"count":1,"href":"https:\/\/flameguard.ee\/fi\/wp-json\/wp\/v2\/product\/19274\/revisions"}],"predecessor-version":[{"id":19279,"href":"https:\/\/flameguard.ee\/fi\/wp-json\/wp\/v2\/product\/19274\/revisions\/19279"}],"wp:featuredmedia":[{"embeddable":true,"href":"https:\/\/flameguard.ee\/fi\/wp-json\/wp\/v2\/media\/19275"}],"wp:attachment":[{"href":"https:\/\/flameguard.ee\/fi\/wp-json\/wp\/v2\/media?parent=19274"}],"wp:term":[{"taxonomy":"product_brand","embeddable":true,"href":"https:\/\/flameguard.ee\/fi\/wp-json\/wp\/v2\/product_brand?post=19274"},{"taxonomy":"product_cat","embeddable":true,"href":"https:\/\/flameguard.ee\/fi\/wp-json\/wp\/v2\/product_cat?post=19274"},{"taxonomy":"product_tag","embeddable":true,"href":"https:\/\/flameguard.ee\/fi\/wp-json\/wp\/v2\/product_tag?post=19274"}],"curies":[{"name":"wp","href":"https:\/\/api.w.org\/{rel}","templated":true}]}}