{"id":19287,"date":"2025-05-13T10:43:32","date_gmt":"2025-05-13T07:43:32","guid":{"rendered":"https:\/\/flameguard.ee\/?post_type=product&#038;p=19287"},"modified":"2025-05-13T11:52:07","modified_gmt":"2025-05-13T08:52:07","slug":"soome-tuupi-so1-ja-so2-varjendiuksed","status":"publish","type":"product","link":"https:\/\/flameguard.ee\/fi\/product\/suomi-tuuppi-so1-ja-so2-suojien-ovet\/","title":{"rendered":"Suomi-tyyppiset SO1 ja SO2 suojien ovet"},"content":{"rendered":"<p data-start=\"715\" data-end=\"741\"><strong data-start=\"719\" data-end=\"741\">K\u00e4ytt\u00f6tarkoitukset:<\/strong><\/p>\n<p class=\"\" data-start=\"2220\" data-end=\"2441\">Sopii t\u00e4ydellisesti siviilipuolustussuojiin, sotilaslaitteistoihin, h\u00e4t\u00e4tilanteisiin ja kriittiseen infrastruktuuriin.<\/p>\n<p data-start=\"2220\" data-end=\"2441\">","protected":false},"excerpt":{"rendered":"<p class=\"\" data-start=\"92\" data-end=\"247\">Suomi-tyyppiset SO1 ja SO2 ovat vahvoja metallisia r\u00e4j\u00e4hdyksen- ja kaasunkest\u00e4vi\u00e4 suojaovia, joille on saatavilla valikoiva sirpalesuoja. N\u00e4m\u00e4 ovet on suunniteltu Suomen v\u00e4est\u00f6nsuojelunormien mukaisesti.<\/p>\n<h3 class=\"\" data-start=\"232\" data-end=\"258\"><strong data-start=\"236\" data-end=\"258\">T\u00e4rkeimm\u00e4t ominaisuudet:<\/strong><\/h3>\n<ul>\n<li class=\"\" data-start=\"301\" data-end=\"349\">\n<p class=\"\" data-start=\"303\" data-end=\"349\">T\u00e4ytt\u00e4v\u00e4t Suomen siviililains\u00e4\u00e4d\u00e4nn\u00f6n vaatimukset<\/p>\n<\/li>\n<li class=\"\" data-start=\"350\" data-end=\"489\">\n<p class=\"\" data-start=\"352\" data-end=\"489\">Ovilevy on valmistettu yksikerroksisesta metallilevyst\u00e4, jonka paksuus on 20 mm tai 30 mm (valinnainen \u2013 muut mukautetut vaihtoehdot)<\/p>\n<\/li>\n<li class=\"\" data-start=\"490\" data-end=\"596\">\n<p class=\"\" data-start=\"492\" data-end=\"596\">Vakiomitat: <strong data-start=\"508\" data-end=\"523\">900 \u00d7 2000 mm<\/strong> ja <strong data-start=\"527\" data-end=\"543\">1200 \u00d7 2000 mm<\/strong> (voidaan valmistaa my\u00f6s tilaajan pyyt\u00e4miss\u00e4 mittasuhteissa)<\/p>\n<\/li>\n<li class=\"\" data-start=\"597\" data-end=\"704\">\n<p class=\"\" data-start=\"599\" data-end=\"704\">Rakenne kest\u00e4\u00e4 <strong data-start=\"620\" data-end=\"641\">200 kN\/m \u00b2 (2 bar)<\/strong> r\u00e4j\u00e4hdysaineen paine Suomen suojastandardien mukaisesti<\/p>\n<\/li>\n<li class=\"\" data-start=\"705\" data-end=\"774\">\n<p class=\"\" data-start=\"707\" data-end=\"774\">Saranat ja lukitusmekanismi kest\u00e4v\u00e4t r\u00e4j\u00e4hdyksen ja takaiskun.<\/p>\n<\/li>\n<li class=\"\" data-start=\"775\" data-end=\"871\">\n<p class=\"\" data-start=\"777\" data-end=\"871\">Oveen on asennettu sokkiesteit\u00e4, jotka tekev\u00e4t siit\u00e4 kest\u00e4v\u00e4n, kunnes <strong data-start=\"845\" data-end=\"853\">30 g<\/strong> t\u00f6rm\u00e4ysnormeihin<\/p>\n<\/li>\n<li class=\"\" data-start=\"872\" data-end=\"989\">\n<p class=\"\" data-start=\"874\" data-end=\"989\">Suljettu ovi <strong data-start=\"890\" data-end=\"905\">kaasutiivis<\/strong>, vaarallisten kaasujen kulkeutumisen est\u00e4miseksi ja suojuksen <strong data-start=\"971\" data-end=\"987\">ylikulmaa<\/strong><\/p>\n<\/li>\n<li class=\"\" data-start=\"990\" data-end=\"1129\">\n<p class=\"\" data-start=\"992\" data-end=\"1129\">Valinnainen <strong data-start=\"1003\" data-end=\"1018\">sirpaleensuoja<\/strong> SO-1S mallissa, jonka ovilevy on v\u00e4hint\u00e4\u00e4n <strong data-start=\"1061\" data-end=\"1070\">30 mm<\/strong> paksuus (verrattuna standardinmukaiseen 20 mm:n paksuuteen SO-1-mallissa)<\/p>\n<\/li>\n<li class=\"\" data-start=\"1130\" data-end=\"1258\">\n<p class=\"\" data-start=\"1132\" data-end=\"1258\">Ovenkarmit on standardissa tarkoitettu valamiseen <strong data-start=\"1174\" data-end=\"1207\">betonisein\u00e4n paksuus 300 mm<\/strong>, mutta voidaan mukauttaa my\u00f6s paksumpiin seiniin<\/p>\n<\/li>\n<\/ul>","protected":false},"featured_media":19288,"template":"","meta":[],"product_brand":[],"product_cat":[167],"product_tag":[],"class_list":{"0":"post-19287","1":"product","2":"type-product","3":"status-publish","4":"has-post-thumbnail","6":"product_cat-varjumiskohad","8":"first","9":"instock","10":"taxable","11":"shipping-taxable","12":"product-type-simple"},"_links":{"self":[{"href":"https:\/\/flameguard.ee\/fi\/wp-json\/wp\/v2\/product\/19287","targetHints":{"allow":["GET"]}}],"collection":[{"href":"https:\/\/flameguard.ee\/fi\/wp-json\/wp\/v2\/product"}],"about":[{"href":"https:\/\/flameguard.ee\/fi\/wp-json\/wp\/v2\/types\/product"}],"version-history":[{"count":1,"href":"https:\/\/flameguard.ee\/fi\/wp-json\/wp\/v2\/product\/19287\/revisions"}],"predecessor-version":[{"id":19289,"href":"https:\/\/flameguard.ee\/fi\/wp-json\/wp\/v2\/product\/19287\/revisions\/19289"}],"wp:featuredmedia":[{"embeddable":true,"href":"https:\/\/flameguard.ee\/fi\/wp-json\/wp\/v2\/media\/19288"}],"wp:attachment":[{"href":"https:\/\/flameguard.ee\/fi\/wp-json\/wp\/v2\/media?parent=19287"}],"wp:term":[{"taxonomy":"product_brand","embeddable":true,"href":"https:\/\/flameguard.ee\/fi\/wp-json\/wp\/v2\/product_brand?post=19287"},{"taxonomy":"product_cat","embeddable":true,"href":"https:\/\/flameguard.ee\/fi\/wp-json\/wp\/v2\/product_cat?post=19287"},{"taxonomy":"product_tag","embeddable":true,"href":"https:\/\/flameguard.ee\/fi\/wp-json\/wp\/v2\/product_tag?post=19287"}],"curies":[{"name":"wp","href":"https:\/\/api.w.org\/{rel}","templated":true}]}}