{"id":19290,"date":"2025-05-13T10:53:18","date_gmt":"2025-05-13T07:53:18","guid":{"rendered":"https:\/\/flameguard.ee\/?post_type=product&#038;p=19290"},"modified":"2025-05-13T11:51:59","modified_gmt":"2025-05-13T08:51:59","slug":"ukraina-tuupi-du-varjendiuksed","status":"publish","type":"product","link":"https:\/\/flameguard.ee\/fi\/product\/ukraina-tuuppi-du-suojarakenteen-ovet\/","title":{"rendered":"UKRAINALAISTYYPPISET suojalevyt"},"content":{"rendered":"<p data-start=\"715\" data-end=\"741\"><strong data-start=\"719\" data-end=\"741\">K\u00e4ytt\u00f6tarkoitukset:<\/strong><\/p>\n<p class=\"\" data-start=\"2220\" data-end=\"2441\">Sopii t\u00e4ydellisesti siviilipuolustussuojiin, sotilaslaitteistoihin, h\u00e4t\u00e4tilanteisiin ja kriittiseen infrastruktuuriin.<\/p>\n<ul>\n<li class=\"\" data-start=\"839\" data-end=\"884\">\n<p class=\"\" data-start=\"841\" data-end=\"884\"><strong data-start=\"841\" data-end=\"859\">DU-IV:<\/strong> vain kaasutiivis ovi<\/p>\n<\/li>\n<li class=\"\" data-start=\"885\" data-end=\"966\">\n<p class=\"\" data-start=\"887\" data-end=\"966\"><strong data-start=\"887\" data-end=\"907\">DU-IVR:<\/strong> r\u00e4j\u00e4hdys- ja kaasutiivis ovi (kest\u00e4\u00e4 enint\u00e4\u00e4n 100 kPa:n paineen)<\/p>\n<\/li>\n<li class=\"\" data-start=\"967\" data-end=\"1036\">\n<p class=\"\" data-start=\"969\" data-end=\"1036\"><strong data-start=\"969\" data-end=\"989\">DU-250:<\/strong> r\u00e4j\u00e4hdys- ja kaasutiivis ovi (enint\u00e4\u00e4n 250 kPa)<\/p>\n<\/li>\n<li class=\"\" data-start=\"1037\" data-end=\"1106\">\n<p class=\"\" data-start=\"1039\" data-end=\"1106\"><strong data-start=\"1039\" data-end=\"1059\">DU-III:<\/strong> r\u00e4j\u00e4hdys- ja kaasutiivis ovi (enint\u00e4\u00e4n 440 kPa)<\/p>\n<\/li>\n<li class=\"\" data-start=\"1107\" data-end=\"1172\">\n<p class=\"\" data-start=\"1109\" data-end=\"1172\"><strong data-start=\"1109\" data-end=\"1125\">DU:<\/strong> r\u00e4j\u00e4hdys- ja kaasutiivis ovi (enint\u00e4\u00e4n 900 kPa)<\/p>\n<\/li>\n<li class=\"\" data-start=\"1173\" data-end=\"1232\">\n<p class=\"\" data-start=\"1175\" data-end=\"1232\"><strong data-start=\"1175\" data-end=\"1200\">Mukautetut ratkaisut<\/strong>, du-oviin perustuvat<\/p>\n<\/li>\n<\/ul>\n<p data-start=\"2220\" data-end=\"2441\">","protected":false},"excerpt":{"rendered":"<p class=\"\" data-start=\"92\" data-end=\"247\">Ukrainalaisen raskaan luokan r\u00e4j\u00e4hdyksenkest\u00e4v\u00e4t ja kaasutiiviit ovet, jotka soveltuvat sek\u00e4 uusiin rakennuksiin ett\u00e4 olemassa oleviin rakenteisiin. Ovet on suunniteltu Ukrainan nykyisten v\u00e4est\u00f6nsuojelunormien mukaisesti, ja niit\u00e4 voidaan mukauttaa my\u00f6s ballistisen lis\u00e4suojan varmistamiseksi.<\/p>\n<h3 class=\"\" data-start=\"232\" data-end=\"258\"><strong data-start=\"236\" data-end=\"258\">T\u00e4rkeimm\u00e4t ominaisuudet:<\/strong><\/h3>\n<ul>\n<li class=\"\" data-start=\"429\" data-end=\"527\">\n<p class=\"\" data-start=\"431\" data-end=\"527\"><strong data-start=\"431\" data-end=\"466\">Raskaiden rakenteiden suunnittelu<\/strong>, joka kest\u00e4\u00e4 suuria paineita sis\u00e4isten vahvuuksien ansiosta<\/p>\n<\/li>\n<li class=\"\" data-start=\"528\" data-end=\"615\">\n<p class=\"\" data-start=\"530\" data-end=\"615\"><strong data-start=\"530\" data-end=\"549\">Vakiomitat:<\/strong> 900 \u00d7 2000 mm, 1200 \u00d7 2000 mm, 800 \u00d7 1800 mm; saatavana my\u00f6s erikoiskokoisina<\/p>\n<\/li>\n<li class=\"\" data-start=\"616\" data-end=\"731\">\n<p class=\"\" data-start=\"618\" data-end=\"731\"><strong data-start=\"618\" data-end=\"642\">Erikoinen ovenkarmi<\/strong> mahdollistaa helppo asentaminen olemassa oleviin aukkoihin tai esiasennettuihin kehyksiin<\/p>\n<\/li>\n<li class=\"\" data-start=\"732\" data-end=\"806\">\n<p class=\"\" data-start=\"734\" data-end=\"806\"><strong data-start=\"734\" data-end=\"758\">Patentoitu suunnittelu<\/strong> varmistettava hyv\u00e4 huolto my\u00f6s asennuksen j\u00e4lkeen<\/p>\n<\/li>\n<\/ul>","protected":false},"featured_media":19293,"template":"","meta":[],"product_brand":[],"product_cat":[167],"product_tag":[],"class_list":{"0":"post-19290","1":"product","2":"type-product","3":"status-publish","4":"has-post-thumbnail","6":"product_cat-varjumiskohad","8":"first","9":"instock","10":"taxable","11":"shipping-taxable","12":"product-type-simple"},"_links":{"self":[{"href":"https:\/\/flameguard.ee\/fi\/wp-json\/wp\/v2\/product\/19290","targetHints":{"allow":["GET"]}}],"collection":[{"href":"https:\/\/flameguard.ee\/fi\/wp-json\/wp\/v2\/product"}],"about":[{"href":"https:\/\/flameguard.ee\/fi\/wp-json\/wp\/v2\/types\/product"}],"version-history":[{"count":1,"href":"https:\/\/flameguard.ee\/fi\/wp-json\/wp\/v2\/product\/19290\/revisions"}],"predecessor-version":[{"id":19294,"href":"https:\/\/flameguard.ee\/fi\/wp-json\/wp\/v2\/product\/19290\/revisions\/19294"}],"wp:featuredmedia":[{"embeddable":true,"href":"https:\/\/flameguard.ee\/fi\/wp-json\/wp\/v2\/media\/19293"}],"wp:attachment":[{"href":"https:\/\/flameguard.ee\/fi\/wp-json\/wp\/v2\/media?parent=19290"}],"wp:term":[{"taxonomy":"product_brand","embeddable":true,"href":"https:\/\/flameguard.ee\/fi\/wp-json\/wp\/v2\/product_brand?post=19290"},{"taxonomy":"product_cat","embeddable":true,"href":"https:\/\/flameguard.ee\/fi\/wp-json\/wp\/v2\/product_cat?post=19290"},{"taxonomy":"product_tag","embeddable":true,"href":"https:\/\/flameguard.ee\/fi\/wp-json\/wp\/v2\/product_tag?post=19290"}],"curies":[{"name":"wp","href":"https:\/\/api.w.org\/{rel}","templated":true}]}}