{"id":19302,"date":"2025-05-13T11:08:00","date_gmt":"2025-05-13T08:08:00","guid":{"rendered":"https:\/\/flameguard.ee\/?post_type=product&#038;p=19302"},"modified":"2025-05-13T11:51:54","modified_gmt":"2025-05-13T08:51:54","slug":"iisraeli-m-tuupi-du-varjendiuksed","status":"publish","type":"product","link":"https:\/\/flameguard.ee\/fi\/product\/israelin-m-tuuppi-du-suojarakenteen-ovet\/","title":{"rendered":"Israelin M-tyypin SUOJAOVET"},"content":{"rendered":"<p data-start=\"715\" data-end=\"741\"><strong data-start=\"719\" data-end=\"741\">K\u00e4ytt\u00f6tarkoitukset:<\/strong><\/p>\n<p class=\"\" data-start=\"2220\" data-end=\"2441\">Sopii t\u00e4ydellisesti siviilipuolustussuojiin, sotilaslaitteistoihin, h\u00e4t\u00e4tilanteisiin ja kriittiseen infrastruktuuriin.<\/p>\n<ul>\n<li class=\"\" data-start=\"1044\" data-end=\"1128\">\n<p class=\"\" data-start=\"1046\" data-end=\"1128\"><strong data-start=\"1046\" data-end=\"1052\">MD<\/strong> \u2013 helppo r\u00e4j\u00e4hdys- ja kaasutiivis ovi asunnon suojuksiin\/turvahuoneisiin<\/p>\n<\/li>\n<li class=\"\" data-start=\"1129\" data-end=\"1246\">\n<p class=\"\" data-start=\"1131\" data-end=\"1246\"><strong data-start=\"1131\" data-end=\"1138\">MDR<\/strong> \u2013 r\u00e4j\u00e4hdys- ja kaasutiivis ovi asunnon suojuksiin\/turvatiloihin, <strong data-start=\"1208\" data-end=\"1244\">15 mm suojaamaan sirpaleilta, joissa on ter\u00e4slevy<\/strong><\/p>\n<\/li>\n<li class=\"\" data-start=\"1247\" data-end=\"1342\">\n<p class=\"\" data-start=\"1249\" data-end=\"1342\"><strong data-start=\"1249\" data-end=\"1256\">MMH<\/strong> \u2013 vahva r\u00e4j\u00e4hdys- ja kaasutiivis ovi pelastuspalvelulaitoksiin ja - tiloihin<\/p>\n<\/li>\n<li class=\"\" data-start=\"1343\" data-end=\"1479\">\n<p class=\"\" data-start=\"1345\" data-end=\"1479\"><strong data-start=\"1345\" data-end=\"1352\">MMR<\/strong> \u2013 r\u00e4j\u00e4hdyksen-, kaasun- ja sirpaleenkest\u00e4v\u00e4 ovi, jonka ovenlehti on valmistettu <strong data-start=\"1436\" data-end=\"1479\">25 mm:n tai 32 mm:n paksuisesta ter\u00e4slevyst\u00e4<\/strong><\/p>\n<\/li>\n<\/ul>","protected":false},"excerpt":{"rendered":"<p class=\"\" data-start=\"92\" data-end=\"247\">Israelin suojastandardi <strong data-start=\"144\" data-end=\"155\">SI 4422<\/strong> m\u00e4\u00e4ritt\u00e4\u00e4 asuintilojen suojien, v\u00e4est\u00f6nsuojelusuojien, bunkkerien ja muiden suojattujen tilojen suojarakenteet ja ominaisuudet. Ovia on monenlaisia: kevyist\u00e4 kodin turvaovista raskaisiin suojaoviin, jotka kest\u00e4v\u00e4t suuria r\u00e4j\u00e4hdyspaineita ja tarjoavat kaasutiheytt\u00e4, ballistista ja sirpalosuojausta, murtosuojausta ja palonkest\u00e4vyytt\u00e4. Kaikki ovet ovat <strong data-start=\"550\" data-end=\"627\">todellisia r\u00e4j\u00e4hdyksi\u00e4 ja hyv\u00e4ksytty Israelin pelastuspalvelukeskuksen<\/strong> (Home Front Command).<\/p>\n<h3 class=\"\" data-start=\"232\" data-end=\"258\"><strong data-start=\"236\" data-end=\"258\">T\u00e4rkeimm\u00e4t ominaisuudet:<\/strong><\/h3>\n<ul>\n<li class=\"\" data-start=\"685\" data-end=\"762\">\n<p class=\"\" data-start=\"687\" data-end=\"762\">Sertifioitu ja testattu <strong data-start=\"726\" data-end=\"762\">kansalliseen standardiin SI 4422<\/strong><\/p>\n<\/li>\n<li class=\"\" data-start=\"763\" data-end=\"884\">\n<p class=\"\" data-start=\"765\" data-end=\"884\">Laaja valikoima: <strong data-start=\"776\" data-end=\"834\">kevyet suojaovet asuinrakennuksiin \u2013 raskaat BLAST-ovet<\/strong> valtion tai strategisten kohteiden bunkkereihin<\/p>\n<\/li>\n<li class=\"\" data-start=\"885\" data-end=\"998\">\n<p class=\"\" data-start=\"887\" data-end=\"998\">Useimmissa malleissa <strong data-start=\"909\" data-end=\"960\">voidaan asentaa ylim\u00e4\u00e4r\u00e4inen palo - tai turvaovi<\/strong> jossa on r\u00e4j\u00e4hdys- ja kaasutiivis ovi<\/p>\n<\/li>\n<\/ul>","protected":false},"featured_media":19303,"template":"","meta":[],"product_brand":[],"product_cat":[167],"product_tag":[],"class_list":{"0":"post-19302","1":"product","2":"type-product","3":"status-publish","4":"has-post-thumbnail","6":"product_cat-varjumiskohad","8":"first","9":"instock","10":"taxable","11":"shipping-taxable","12":"product-type-simple"},"_links":{"self":[{"href":"https:\/\/flameguard.ee\/fi\/wp-json\/wp\/v2\/product\/19302","targetHints":{"allow":["GET"]}}],"collection":[{"href":"https:\/\/flameguard.ee\/fi\/wp-json\/wp\/v2\/product"}],"about":[{"href":"https:\/\/flameguard.ee\/fi\/wp-json\/wp\/v2\/types\/product"}],"version-history":[{"count":1,"href":"https:\/\/flameguard.ee\/fi\/wp-json\/wp\/v2\/product\/19302\/revisions"}],"predecessor-version":[{"id":19306,"href":"https:\/\/flameguard.ee\/fi\/wp-json\/wp\/v2\/product\/19302\/revisions\/19306"}],"wp:featuredmedia":[{"embeddable":true,"href":"https:\/\/flameguard.ee\/fi\/wp-json\/wp\/v2\/media\/19303"}],"wp:attachment":[{"href":"https:\/\/flameguard.ee\/fi\/wp-json\/wp\/v2\/media?parent=19302"}],"wp:term":[{"taxonomy":"product_brand","embeddable":true,"href":"https:\/\/flameguard.ee\/fi\/wp-json\/wp\/v2\/product_brand?post=19302"},{"taxonomy":"product_cat","embeddable":true,"href":"https:\/\/flameguard.ee\/fi\/wp-json\/wp\/v2\/product_cat?post=19302"},{"taxonomy":"product_tag","embeddable":true,"href":"https:\/\/flameguard.ee\/fi\/wp-json\/wp\/v2\/product_tag?post=19302"}],"curies":[{"name":"wp","href":"https:\/\/api.w.org\/{rel}","templated":true}]}}