{"id":19315,"date":"2025-05-13T11:48:24","date_gmt":"2025-05-13T08:48:24","guid":{"rendered":"https:\/\/flameguard.ee\/?post_type=product&#038;p=19315"},"modified":"2025-05-13T11:53:50","modified_gmt":"2025-05-13T08:53:50","slug":"plahvatus-ja-gaasikindlad-hadaevakuatsiooni-luugid","status":"publish","type":"product","link":"https:\/\/flameguard.ee\/fi\/product\/rajahdyksenkestavat-ja-kaasutiiviit-hadeevakuointiluukut\/","title":{"rendered":"R\u00e4j\u00e4hdyksilt\u00e4 ja kaasuilta suojaavat h\u00e4t\u00e4poistumisluukut"},"content":{"rendered":"<p data-start=\"715\" data-end=\"741\"><strong data-start=\"719\" data-end=\"741\">K\u00e4ytt\u00f6tarkoitukset:<\/strong><\/p>\n<p class=\"\" data-start=\"2220\" data-end=\"2441\">Sopii t\u00e4ydellisesti siviilipuolustussuojiin, sotilaslaitteistoihin, h\u00e4t\u00e4tilanteisiin ja kriittisiin infrastruktuureihin, teollisuuslaitoksiin ja muihin kohteisiin, joilla on korkea turvallisuustaso<\/p>\n<p data-start=\"2220\" data-end=\"2441\">\n<p data-start=\"2220\" data-end=\"2441\">\n<p>&nbsp;<\/p>","protected":false},"excerpt":{"rendered":"<p class=\"\" data-start=\"92\" data-end=\"247\"><strong data-start=\"55\" data-end=\"110\">R\u00e4j\u00e4hdyksilt\u00e4 ja kaasuilta suojaavat h\u00e4t\u00e4poistumisluukut<\/strong> on tarkoitettu varmistamaan turvalliset poistumisreitit kriisitilanteissa. N\u00e4m\u00e4 luukut ovat <strong data-start=\"197\" data-end=\"225\">el\u00e4m\u00e4\u00e4 pelastavat komponentit<\/strong> turvatiloissa varmistaen nopean ja turvallisen poistumisen jopa \u00e4\u00e4rimm\u00e4isiss\u00e4 olosuhteissa.<\/p>\n<h3 class=\"\" data-start=\"232\" data-end=\"258\"><strong data-start=\"236\" data-end=\"258\">T\u00e4rkeimm\u00e4t ominaisuudet:<\/strong><\/h3>\n<ul>\n<li class=\"\" data-start=\"352\" data-end=\"433\">\n<p class=\"\" data-start=\"354\" data-end=\"433\"><strong data-start=\"354\" data-end=\"396\">Vahvistetut kehykset ja lukitusj\u00e4rjestelm\u00e4t<\/strong> turvallisuuden maksimoimiseksi<\/p>\n<\/li>\n<li class=\"\" data-start=\"434\" data-end=\"521\">\n<p class=\"\" data-start=\"436\" data-end=\"521\"><strong data-start=\"436\" data-end=\"473\">Helposti k\u00e4ytett\u00e4v\u00e4t mekanismit<\/strong>, jotka mahdollistavat nopean avaamisen h\u00e4t\u00e4tilanteessa<\/p>\n<\/li>\n<li class=\"\" data-start=\"522\" data-end=\"616\">\n<p class=\"\" data-start=\"524\" data-end=\"616\"><strong data-start=\"524\" data-end=\"549\">Kaasutiiviit tiivisteet<\/strong>, jotka est\u00e4v\u00e4t saastuneen ilman, kemikaalien tai savun p\u00e4\u00e4syn<\/p>\n<\/li>\n<li class=\"\" data-start=\"617\" data-end=\"715\">\n<p class=\"\" data-start=\"619\" data-end=\"715\"><strong data-start=\"619\" data-end=\"644\">Korkean ylipaineen sietokyky<\/strong> sek\u00e4 \u00e4\u00e4rimm\u00e4isten s\u00e4\u00e4olojen ja ymp\u00e4rist\u00f6olojen sietokyky<\/p>\n<\/li>\n<\/ul>","protected":false},"featured_media":19316,"template":"","meta":[],"product_brand":[],"product_cat":[167],"product_tag":[],"class_list":{"0":"post-19315","1":"product","2":"type-product","3":"status-publish","4":"has-post-thumbnail","6":"product_cat-varjumiskohad","8":"first","9":"instock","10":"taxable","11":"shipping-taxable","12":"product-type-simple"},"_links":{"self":[{"href":"https:\/\/flameguard.ee\/fi\/wp-json\/wp\/v2\/product\/19315","targetHints":{"allow":["GET"]}}],"collection":[{"href":"https:\/\/flameguard.ee\/fi\/wp-json\/wp\/v2\/product"}],"about":[{"href":"https:\/\/flameguard.ee\/fi\/wp-json\/wp\/v2\/types\/product"}],"version-history":[{"count":1,"href":"https:\/\/flameguard.ee\/fi\/wp-json\/wp\/v2\/product\/19315\/revisions"}],"predecessor-version":[{"id":19319,"href":"https:\/\/flameguard.ee\/fi\/wp-json\/wp\/v2\/product\/19315\/revisions\/19319"}],"wp:featuredmedia":[{"embeddable":true,"href":"https:\/\/flameguard.ee\/fi\/wp-json\/wp\/v2\/media\/19316"}],"wp:attachment":[{"href":"https:\/\/flameguard.ee\/fi\/wp-json\/wp\/v2\/media?parent=19315"}],"wp:term":[{"taxonomy":"product_brand","embeddable":true,"href":"https:\/\/flameguard.ee\/fi\/wp-json\/wp\/v2\/product_brand?post=19315"},{"taxonomy":"product_cat","embeddable":true,"href":"https:\/\/flameguard.ee\/fi\/wp-json\/wp\/v2\/product_cat?post=19315"},{"taxonomy":"product_tag","embeddable":true,"href":"https:\/\/flameguard.ee\/fi\/wp-json\/wp\/v2\/product_tag?post=19315"}],"curies":[{"name":"wp","href":"https:\/\/api.w.org\/{rel}","templated":true}]}}