{"id":19321,"date":"2025-05-13T11:57:44","date_gmt":"2025-05-13T08:57:44","guid":{"rendered":"https:\/\/flameguard.ee\/?post_type=product&#038;p=19321"},"modified":"2025-05-13T12:06:44","modified_gmt":"2025-05-13T09:06:44","slug":"hingedel-varjendivarav","status":"publish","type":"product","link":"https:\/\/flameguard.ee\/fi\/product\/saranoitu-varjostus\/","title":{"rendered":"Saranoitu suojaportti"},"content":{"rendered":"<p data-start=\"715\" data-end=\"741\"><strong data-start=\"719\" data-end=\"741\">K\u00e4ytt\u00f6tarkoitukset:<\/strong><\/p>\n<p class=\"\" data-start=\"2220\" data-end=\"2441\">Sopii t\u00e4ydellisesti pelastuspalvelulaitoksiin, sotilaslaitoksiin, h\u00e4t\u00e4tilanteisiin ja kriittiseen infrastruktuuriin, kriisivarastoihin, varasto- ja logistiikkatiloihin, ampumatarvikevarastoihin, r\u00e4j\u00e4hdysainetehtaisiin<\/p>\n<p>&nbsp;<\/p>","protected":false},"excerpt":{"rendered":"<p class=\"\" data-start=\"92\" data-end=\"247\">Perinteinen avausmekanismi <strong data-start=\"143\" data-end=\"154\">siiveksi<\/strong> tai <strong data-start=\"159\" data-end=\"168\">portti<\/strong>, joka on suunniteltu varmistamaan korkea turvallisuustaso. Tehostettu rakenne ja tehostetut lukitusj\u00e4rjestelm\u00e4t tekev\u00e4t siit\u00e4 ihanteellisen vaihtoehdon korkean riskin alueilla.<\/p>\n<h3 class=\"\" data-start=\"232\" data-end=\"258\"><strong data-start=\"236\" data-end=\"258\">T\u00e4rkeimm\u00e4t ominaisuudet:<\/strong><\/h3>\n<ul>\n<li class=\"\" data-start=\"355\" data-end=\"420\">\n<p class=\"\" data-start=\"357\" data-end=\"420\">Monipistelukitusj\u00e4rjestelm\u00e4 maksimaalisen suojauksen varmistamiseksi<\/p>\n<\/li>\n<li class=\"\" data-start=\"421\" data-end=\"498\">\n<p class=\"\" data-start=\"423\" data-end=\"498\">Vahvistettu ter\u00e4srakenne \u2013 kest\u00e4\u00e4 tunkeutumisen ja r\u00e4j\u00e4hdyksen<\/p>\n<\/li>\n<li class=\"\" data-start=\"499\" data-end=\"558\">\n<p class=\"\" data-start=\"501\" data-end=\"558\">Valinnassa <strong data-start=\"509\" data-end=\"525\">kaasutiiviit<\/strong> ja <strong data-start=\"529\" data-end=\"545\">luodinkest\u00e4v\u00e4t<\/strong> versiot<\/p>\n<\/li>\n<li class=\"\" data-start=\"559\" data-end=\"614\">\n<p class=\"\" data-start=\"561\" data-end=\"614\">Avaaminen manuaalisesti tai automaattisesti tarpeen mukaan<\/p>\n<\/li>\n<\/ul>","protected":false},"featured_media":19322,"template":"","meta":[],"product_brand":[],"product_cat":[167],"product_tag":[],"class_list":{"0":"post-19321","1":"product","2":"type-product","3":"status-publish","4":"has-post-thumbnail","6":"product_cat-varjumiskohad","8":"first","9":"instock","10":"taxable","11":"shipping-taxable","12":"product-type-simple"},"_links":{"self":[{"href":"https:\/\/flameguard.ee\/fi\/wp-json\/wp\/v2\/product\/19321","targetHints":{"allow":["GET"]}}],"collection":[{"href":"https:\/\/flameguard.ee\/fi\/wp-json\/wp\/v2\/product"}],"about":[{"href":"https:\/\/flameguard.ee\/fi\/wp-json\/wp\/v2\/types\/product"}],"version-history":[{"count":1,"href":"https:\/\/flameguard.ee\/fi\/wp-json\/wp\/v2\/product\/19321\/revisions"}],"predecessor-version":[{"id":19324,"href":"https:\/\/flameguard.ee\/fi\/wp-json\/wp\/v2\/product\/19321\/revisions\/19324"}],"wp:featuredmedia":[{"embeddable":true,"href":"https:\/\/flameguard.ee\/fi\/wp-json\/wp\/v2\/media\/19322"}],"wp:attachment":[{"href":"https:\/\/flameguard.ee\/fi\/wp-json\/wp\/v2\/media?parent=19321"}],"wp:term":[{"taxonomy":"product_brand","embeddable":true,"href":"https:\/\/flameguard.ee\/fi\/wp-json\/wp\/v2\/product_brand?post=19321"},{"taxonomy":"product_cat","embeddable":true,"href":"https:\/\/flameguard.ee\/fi\/wp-json\/wp\/v2\/product_cat?post=19321"},{"taxonomy":"product_tag","embeddable":true,"href":"https:\/\/flameguard.ee\/fi\/wp-json\/wp\/v2\/product_tag?post=19321"}],"curies":[{"name":"wp","href":"https:\/\/api.w.org\/{rel}","templated":true}]}}