{"id":19325,"date":"2025-05-13T12:06:48","date_gmt":"2025-05-13T09:06:48","guid":{"rendered":"https:\/\/flameguard.ee\/?post_type=product&#038;p=19325"},"modified":"2025-05-13T12:42:27","modified_gmt":"2025-05-13T09:42:27","slug":"varjendiliuguks","status":"publish","type":"product","link":"https:\/\/flameguard.ee\/fi\/product\/suojalukua-varten\/","title":{"rendered":"suojalukua varten"},"content":{"rendered":"<p data-start=\"715\" data-end=\"741\"><strong data-start=\"719\" data-end=\"741\">K\u00e4ytt\u00f6tarkoitukset:<\/strong><\/p>\n<p class=\"\" data-start=\"2220\" data-end=\"2441\">Sopii t\u00e4ydellisesti pelastuspalvelulaitoksiin, sotilaslaitoksiin, h\u00e4t\u00e4tilanteisiin ja kriittiseen infrastruktuuriin, kriisivarastoihin, varasto- ja logistiikkatiloihin, ampumatarvikevarastoihin, r\u00e4j\u00e4hdysainetehtaisiin<\/p>\n<p>&nbsp;<\/p>","protected":false},"excerpt":{"rendered":"<p class=\"\" data-start=\"92\" data-end=\"247\"><strong data-start=\"828\" data-end=\"853\">Liukuovet ja - portit<\/strong> on suunniteltu k\u00e4ytett\u00e4v\u00e4ksi tiloissa, joissa <strong data-start=\"891\" data-end=\"911\">tilan tehokkuus<\/strong> ja <strong data-start=\"915\" data-end=\"929\">turvallisuus<\/strong> yht\u00e4 t\u00e4rkeit\u00e4. Ne liikkuvat saumattomasti kest\u00e4vi\u00e4 v\u00e4yl\u00e4mekanismeja pitkin ja tarjoavat vahvan suojan ulkoisia uhkia vastaan.<\/p>\n<h3 class=\"\" data-start=\"232\" data-end=\"258\"><strong data-start=\"236\" data-end=\"258\">T\u00e4rkeimm\u00e4t ominaisuudet:<\/strong><\/h3>\n<ul>\n<li class=\"\" data-start=\"1085\" data-end=\"1136\">\n<p class=\"\" data-start=\"1087\" data-end=\"1136\">Tilaa s\u00e4\u00e4st\u00e4v\u00e4 suunnittelu ja hiljainen, sujuva liike<\/p>\n<\/li>\n<li class=\"\" data-start=\"1137\" data-end=\"1189\">\n<p class=\"\" data-start=\"1139\" data-end=\"1189\">Integroitu lukkomekanismi ovenkarmiin<\/p>\n<\/li>\n<li class=\"\" data-start=\"1190\" data-end=\"1249\">\n<p class=\"\" data-start=\"1192\" data-end=\"1249\">Valinnassa <strong data-start=\"1200\" data-end=\"1236\">r\u00e4j\u00e4hdys- ja ballistisuojaus<\/strong> versiot<\/p>\n<\/li>\n<li class=\"\" data-start=\"1250\" data-end=\"1300\">\n<p class=\"\" data-start=\"1252\" data-end=\"1300\">Voidaan kytke\u00e4 automaattisiin ohjausj\u00e4rjestelmiin<\/p>\n<\/li>\n<\/ul>","protected":false},"featured_media":19326,"template":"","meta":[],"product_brand":[],"product_cat":[167],"product_tag":[],"class_list":{"0":"post-19325","1":"product","2":"type-product","3":"status-publish","4":"has-post-thumbnail","6":"product_cat-varjumiskohad","8":"first","9":"instock","10":"taxable","11":"shipping-taxable","12":"product-type-simple"},"_links":{"self":[{"href":"https:\/\/flameguard.ee\/fi\/wp-json\/wp\/v2\/product\/19325","targetHints":{"allow":["GET"]}}],"collection":[{"href":"https:\/\/flameguard.ee\/fi\/wp-json\/wp\/v2\/product"}],"about":[{"href":"https:\/\/flameguard.ee\/fi\/wp-json\/wp\/v2\/types\/product"}],"version-history":[{"count":2,"href":"https:\/\/flameguard.ee\/fi\/wp-json\/wp\/v2\/product\/19325\/revisions"}],"predecessor-version":[{"id":19346,"href":"https:\/\/flameguard.ee\/fi\/wp-json\/wp\/v2\/product\/19325\/revisions\/19346"}],"wp:featuredmedia":[{"embeddable":true,"href":"https:\/\/flameguard.ee\/fi\/wp-json\/wp\/v2\/media\/19326"}],"wp:attachment":[{"href":"https:\/\/flameguard.ee\/fi\/wp-json\/wp\/v2\/media?parent=19325"}],"wp:term":[{"taxonomy":"product_brand","embeddable":true,"href":"https:\/\/flameguard.ee\/fi\/wp-json\/wp\/v2\/product_brand?post=19325"},{"taxonomy":"product_cat","embeddable":true,"href":"https:\/\/flameguard.ee\/fi\/wp-json\/wp\/v2\/product_cat?post=19325"},{"taxonomy":"product_tag","embeddable":true,"href":"https:\/\/flameguard.ee\/fi\/wp-json\/wp\/v2\/product_tag?post=19325"}],"curies":[{"name":"wp","href":"https:\/\/api.w.org\/{rel}","templated":true}]}}