{"id":19328,"date":"2025-05-13T12:12:42","date_gmt":"2025-05-13T09:12:42","guid":{"rendered":"https:\/\/flameguard.ee\/?post_type=product&#038;p=19328"},"modified":"2025-05-13T12:42:21","modified_gmt":"2025-05-13T09:42:21","slug":"kuulikindlad-aknad","status":"publish","type":"product","link":"https:\/\/flameguard.ee\/fi\/product\/luodinkestavat-ikkunat\/","title":{"rendered":"Luodinkest\u00e4v\u00e4t ikkunat"},"content":{"rendered":"<p data-start=\"715\" data-end=\"741\"><strong data-start=\"719\" data-end=\"741\">K\u00e4ytt\u00f6tarkoitukset:<\/strong><\/p>\n<ul>\n<li class=\"\" data-start=\"806\" data-end=\"844\">\n<p class=\"\" data-start=\"808\" data-end=\"844\">Pankit, suurl\u00e4hetyst\u00f6t, valtion rakennukset<\/p>\n<\/li>\n<li class=\"\" data-start=\"845\" data-end=\"884\">\n<p class=\"\" data-start=\"847\" data-end=\"884\">Sotilastilat ja VIP-turvatilat<\/p>\n<\/li>\n<li class=\"\" data-start=\"885\" data-end=\"935\">\n<p class=\"\" data-start=\"887\" data-end=\"935\">Yritysasiakkaiden turva-alueet ja aseiden s\u00e4ilytystilat<\/p>\n<\/li>\n<\/ul>\n<p>&nbsp;<\/p>","protected":false},"excerpt":{"rendered":"<p class=\"\" data-start=\"92\" data-end=\"247\"><strong data-start=\"92\" data-end=\"114\">Luodinkest\u00e4v\u00e4t ikkunat<\/strong> tarjoavat tehokkaan suojan erilaisia ballistisia uhkia vastaan noudattamalla kansainv\u00e4lisi\u00e4 normeja, kuten <strong data-start=\"222\" data-end=\"243\">NIJ 0108.01 (YHDYSVALLAT)<\/strong>, <strong data-start=\"245\" data-end=\"276\">EN 1522 (enint\u00e4\u00e4n FB7, Eurooppa)<\/strong> ja <strong data-start=\"282\" data-end=\"302\">NATO STANAG 4569<\/strong>. Ikkunat koostuvat kehittyneest\u00e4 laminaatista ja komposiittimateriaaleista, jotka pystyv\u00e4t my\u00f6s jarruttamaan suurikaliiperisia ammuksia.<\/p>\n<h3 class=\"\" data-start=\"232\" data-end=\"258\"><strong data-start=\"236\" data-end=\"258\">T\u00e4rkeimm\u00e4t ominaisuudet:<\/strong><\/h3>\n<ul>\n<li class=\"\" data-start=\"447\" data-end=\"527\">\n<p class=\"\" data-start=\"449\" data-end=\"527\">Sertifioitu suoja <strong data-start=\"478\" data-end=\"494\">7.62 \u00d7 51 NATO<\/strong> ja <strong data-start=\"498\" data-end=\"519\">12.7 \u00d7 99 (.50 BMG)<\/strong> vastaan<\/p>\n<\/li>\n<li class=\"\" data-start=\"528\" data-end=\"629\">\n<p class=\"\" data-start=\"530\" data-end=\"629\">K\u00e4ytett\u00e4viss\u00e4 <strong data-start=\"539\" data-end=\"554\">kiinte\u00e4<\/strong>, <strong data-start=\"556\" data-end=\"570\">liukuvat<\/strong>, <strong data-start=\"572\" data-end=\"606\">avaus -\/kallistusmekanismeilla varustetut<\/strong> ja <strong data-start=\"610\" data-end=\"627\">tilausty\u00f6n\u00e4<\/strong><\/p>\n<\/li>\n<li class=\"\" data-start=\"630\" data-end=\"707\">\n<p class=\"\" data-start=\"632\" data-end=\"707\">Voidaan lis\u00e4t\u00e4 <strong data-start=\"648\" data-end=\"682\">turvakassoille tarkoitetut lokerot<\/strong> ja viesti\u00e4 turvallisesti<\/p>\n<\/li>\n<li class=\"\" data-start=\"708\" data-end=\"781\">\n<p class=\"\" data-start=\"710\" data-end=\"781\">Valinnassa <strong data-start=\"721\" data-end=\"742\">r\u00e4j\u00e4hdyskest\u00e4vyys<\/strong> ja <strong data-start=\"746\" data-end=\"768\">tunkeutumisenkest\u00e4vyys<\/strong> lis\u00e4suoja<\/p>\n<\/li>\n<\/ul>","protected":false},"featured_media":19329,"template":"","meta":[],"product_brand":[],"product_cat":[167],"product_tag":[],"class_list":{"0":"post-19328","1":"product","2":"type-product","3":"status-publish","4":"has-post-thumbnail","6":"product_cat-varjumiskohad","8":"first","9":"instock","10":"taxable","11":"shipping-taxable","12":"product-type-simple"},"_links":{"self":[{"href":"https:\/\/flameguard.ee\/fi\/wp-json\/wp\/v2\/product\/19328","targetHints":{"allow":["GET"]}}],"collection":[{"href":"https:\/\/flameguard.ee\/fi\/wp-json\/wp\/v2\/product"}],"about":[{"href":"https:\/\/flameguard.ee\/fi\/wp-json\/wp\/v2\/types\/product"}],"version-history":[{"count":2,"href":"https:\/\/flameguard.ee\/fi\/wp-json\/wp\/v2\/product\/19328\/revisions"}],"predecessor-version":[{"id":19345,"href":"https:\/\/flameguard.ee\/fi\/wp-json\/wp\/v2\/product\/19328\/revisions\/19345"}],"wp:featuredmedia":[{"embeddable":true,"href":"https:\/\/flameguard.ee\/fi\/wp-json\/wp\/v2\/media\/19329"}],"wp:attachment":[{"href":"https:\/\/flameguard.ee\/fi\/wp-json\/wp\/v2\/media?parent=19328"}],"wp:term":[{"taxonomy":"product_brand","embeddable":true,"href":"https:\/\/flameguard.ee\/fi\/wp-json\/wp\/v2\/product_brand?post=19328"},{"taxonomy":"product_cat","embeddable":true,"href":"https:\/\/flameguard.ee\/fi\/wp-json\/wp\/v2\/product_cat?post=19328"},{"taxonomy":"product_tag","embeddable":true,"href":"https:\/\/flameguard.ee\/fi\/wp-json\/wp\/v2\/product_tag?post=19328"}],"curies":[{"name":"wp","href":"https:\/\/api.w.org\/{rel}","templated":true}]}}