{"id":19331,"date":"2025-05-13T12:17:12","date_gmt":"2025-05-13T09:17:12","guid":{"rendered":"https:\/\/flameguard.ee\/?post_type=product&#038;p=19331"},"modified":"2025-05-13T12:42:14","modified_gmt":"2025-05-13T09:42:14","slug":"plahvatuskindlad-aknad","status":"publish","type":"product","link":"https:\/\/flameguard.ee\/fi\/product\/rajahdyksenkestavat-ikkunat\/","title":{"rendered":"R\u00e4j\u00e4hdyksilt\u00e4 suojaavat ikkunat"},"content":{"rendered":"<p data-start=\"715\" data-end=\"741\"><strong data-start=\"719\" data-end=\"741\">K\u00e4ytt\u00f6tarkoitukset:<\/strong><\/p>\n<ul>\n<li class=\"\" data-start=\"806\" data-end=\"844\">\n<p class=\"\" data-start=\"808\" data-end=\"844\">Pankit, suurl\u00e4hetyst\u00f6t, valtion rakennukset<\/p>\n<\/li>\n<li class=\"\" data-start=\"845\" data-end=\"884\">\n<p class=\"\" data-start=\"847\" data-end=\"884\">Sotilastilat ja VIP-turvatilat<\/p>\n<\/li>\n<li class=\"\" data-start=\"885\" data-end=\"935\">\n<p class=\"\" data-start=\"887\" data-end=\"935\">Yritysasiakkaiden turva-alueet ja aseiden s\u00e4ilytystilat<\/p>\n<\/li>\n<\/ul>\n<p>&nbsp;<\/p>","protected":false},"excerpt":{"rendered":"<p class=\"\" data-start=\"92\" data-end=\"247\"><strong data-start=\"976\" data-end=\"1002\">R\u00e4j\u00e4hdyksilt\u00e4 suojaavat ikkunat<\/strong> on suunniteltu kest\u00e4m\u00e4\u00e4n voimakkaita paineita ja sokkiaaltoja. Ikkunat testattu <strong data-start=\"1078\" data-end=\"1089\">5 baaria<\/strong> blastipaineeseen, ja niit\u00e4 voidaan halutessaan yhdist\u00e4\u00e4 <strong data-start=\"1143\" data-end=\"1168\">ballistisella suojauksella<\/strong>.<\/p>\n<h3 class=\"\" data-start=\"232\" data-end=\"258\"><strong data-start=\"236\" data-end=\"258\">T\u00e4rkeimm\u00e4t ominaisuudet:<\/strong><\/h3>\n<ul>\n<li class=\"\" data-start=\"1189\" data-end=\"1233\">\n<p class=\"\" data-start=\"1191\" data-end=\"1233\">Kest\u00e4\u00e4 enint\u00e4\u00e4n 5 baarin r\u00e4j\u00e4hdyspaineen ja shokit<\/p>\n<\/li>\n<li class=\"\" data-start=\"1234\" data-end=\"1311\">\n<p class=\"\" data-start=\"1236\" data-end=\"1311\">Valmistettu vahvistetusta lasista, alumiiniprofiileista ja ter\u00e4skehyksist\u00e4<\/p>\n<\/li>\n<li class=\"\" data-start=\"1312\" data-end=\"1391\">\n<p class=\"\" data-start=\"1314\" data-end=\"1391\">Vaatimustenmukaisuus <strong data-start=\"1323\" data-end=\"1338\">GSA Level 1<\/strong> r\u00e4j\u00e4hdyssuojaus; ja <strong data-start=\"1360\" data-end=\"1377\">GSA TS01\u20132003<\/strong> standardiin<\/p>\n<\/li>\n<li class=\"\" data-start=\"1392\" data-end=\"1459\">\n<p class=\"\" data-start=\"1394\" data-end=\"1459\">Sopii <strong data-start=\"1400\" data-end=\"1425\">julkisiin rakennuksiin<\/strong>, s\u00e4ilytt\u00e4m\u00e4ll\u00e4 visuaalinen estetiikka<\/p>\n<\/li>\n<\/ul>","protected":false},"featured_media":19332,"template":"","meta":[],"product_brand":[],"product_cat":[167],"product_tag":[],"class_list":{"0":"post-19331","1":"product","2":"type-product","3":"status-publish","4":"has-post-thumbnail","6":"product_cat-varjumiskohad","8":"first","9":"instock","10":"taxable","11":"shipping-taxable","12":"product-type-simple"},"_links":{"self":[{"href":"https:\/\/flameguard.ee\/fi\/wp-json\/wp\/v2\/product\/19331","targetHints":{"allow":["GET"]}}],"collection":[{"href":"https:\/\/flameguard.ee\/fi\/wp-json\/wp\/v2\/product"}],"about":[{"href":"https:\/\/flameguard.ee\/fi\/wp-json\/wp\/v2\/types\/product"}],"version-history":[{"count":3,"href":"https:\/\/flameguard.ee\/fi\/wp-json\/wp\/v2\/product\/19331\/revisions"}],"predecessor-version":[{"id":19344,"href":"https:\/\/flameguard.ee\/fi\/wp-json\/wp\/v2\/product\/19331\/revisions\/19344"}],"wp:featuredmedia":[{"embeddable":true,"href":"https:\/\/flameguard.ee\/fi\/wp-json\/wp\/v2\/media\/19332"}],"wp:attachment":[{"href":"https:\/\/flameguard.ee\/fi\/wp-json\/wp\/v2\/media?parent=19331"}],"wp:term":[{"taxonomy":"product_brand","embeddable":true,"href":"https:\/\/flameguard.ee\/fi\/wp-json\/wp\/v2\/product_brand?post=19331"},{"taxonomy":"product_cat","embeddable":true,"href":"https:\/\/flameguard.ee\/fi\/wp-json\/wp\/v2\/product_cat?post=19331"},{"taxonomy":"product_tag","embeddable":true,"href":"https:\/\/flameguard.ee\/fi\/wp-json\/wp\/v2\/product_tag?post=19331"}],"curies":[{"name":"wp","href":"https:\/\/api.w.org\/{rel}","templated":true}]}}