{"id":19349,"date":"2025-05-13T12:45:52","date_gmt":"2025-05-13T09:45:52","guid":{"rendered":"https:\/\/flameguard.ee\/?post_type=product&#038;p=19349"},"modified":"2025-05-13T12:47:10","modified_gmt":"2025-05-13T09:47:10","slug":"voodid-taaskasutatud-plastikust","status":"publish","type":"product","link":"https:\/\/flameguard.ee\/fi\/product\/kierratetysta-muovista-tehdyt-sangyt\/","title":{"rendered":"S\u00e4ngyt kierr\u00e4tetyst\u00e4 muovista"},"content":{"rendered":"<p data-start=\"715\" data-end=\"741\"><strong data-start=\"719\" data-end=\"741\">K\u00e4ytt\u00f6tarkoitukset:<\/strong><\/p>\n<p>Sopii t\u00e4ydellisesti siviilipuolustussuojiin, sotilaslaitteistoihin, h\u00e4t\u00e4tilanteisiin ja kriittisiin infrastruktuureihin, teollisuuslaitoksiin ja muihin kohteisiin, joilla on korkea turvallisuustaso<\/p>\n<p>&nbsp;<\/p>","protected":false},"excerpt":{"rendered":"<p class=\"\" data-start=\"92\" data-end=\"247\">Ymp\u00e4rist\u00f6\u00e4 s\u00e4\u00e4st\u00e4v\u00e4t ja toiminnalliset s\u00e4ngyt, jotka yhdist\u00e4v\u00e4t nukkumis- ja istumapaikan ja tarjoavat s\u00e4ilytyspaikkoja henkil\u00f6kohtaisille tavaroille. Soveltuvat k\u00e4ytett\u00e4v\u00e4ksi v\u00e4est\u00f6nsuojelun suojapaikkoihin ja yhteis\u00f6llisiin laitoksiin.<\/p>\n<h3 class=\"\" data-start=\"232\" data-end=\"258\"><strong data-start=\"236\" data-end=\"258\">T\u00e4rkeimm\u00e4t ominaisuudet:<\/strong><\/h3>\n<ul>\n<li class=\"\" data-start=\"1002\" data-end=\"1056\">\n<p class=\"\" data-start=\"1004\" data-end=\"1056\">Kierr\u00e4tetyst\u00e4 muovista ja metalliputkista valmistetut<\/p>\n<\/li>\n<li class=\"\" data-start=\"1059\" data-end=\"1105\">\n<p class=\"\" data-start=\"1061\" data-end=\"1105\">Integroidut lokerot henkil\u00f6kohtaisia tavaroita varten<\/p>\n<\/li>\n<li class=\"\" data-start=\"1108\" data-end=\"1152\">\n<p class=\"\" data-start=\"1110\" data-end=\"1152\">Saatavilla eri suunnittelussa ja mittasuhteissa<\/p>\n<\/li>\n<li class=\"\" data-start=\"1155\" data-end=\"1201\">\n<p class=\"\" data-start=\"1157\" data-end=\"1201\">Puhtaat ja helposti puhdistettavat<\/p>\n<\/li>\n<\/ul>","protected":false},"featured_media":19350,"template":"","meta":[],"product_brand":[],"product_cat":[167],"product_tag":[],"class_list":{"0":"post-19349","1":"product","2":"type-product","3":"status-publish","4":"has-post-thumbnail","6":"product_cat-varjumiskohad","8":"first","9":"instock","10":"taxable","11":"shipping-taxable","12":"product-type-simple"},"_links":{"self":[{"href":"https:\/\/flameguard.ee\/fi\/wp-json\/wp\/v2\/product\/19349","targetHints":{"allow":["GET"]}}],"collection":[{"href":"https:\/\/flameguard.ee\/fi\/wp-json\/wp\/v2\/product"}],"about":[{"href":"https:\/\/flameguard.ee\/fi\/wp-json\/wp\/v2\/types\/product"}],"version-history":[{"count":1,"href":"https:\/\/flameguard.ee\/fi\/wp-json\/wp\/v2\/product\/19349\/revisions"}],"predecessor-version":[{"id":19351,"href":"https:\/\/flameguard.ee\/fi\/wp-json\/wp\/v2\/product\/19349\/revisions\/19351"}],"wp:featuredmedia":[{"embeddable":true,"href":"https:\/\/flameguard.ee\/fi\/wp-json\/wp\/v2\/media\/19350"}],"wp:attachment":[{"href":"https:\/\/flameguard.ee\/fi\/wp-json\/wp\/v2\/media?parent=19349"}],"wp:term":[{"taxonomy":"product_brand","embeddable":true,"href":"https:\/\/flameguard.ee\/fi\/wp-json\/wp\/v2\/product_brand?post=19349"},{"taxonomy":"product_cat","embeddable":true,"href":"https:\/\/flameguard.ee\/fi\/wp-json\/wp\/v2\/product_cat?post=19349"},{"taxonomy":"product_tag","embeddable":true,"href":"https:\/\/flameguard.ee\/fi\/wp-json\/wp\/v2\/product_tag?post=19349"}],"curies":[{"name":"wp","href":"https:\/\/api.w.org\/{rel}","templated":true}]}}