{"id":19352,"date":"2025-05-13T12:47:20","date_gmt":"2025-05-13T09:47:20","guid":{"rendered":"https:\/\/flameguard.ee\/?post_type=product&#038;p=19352"},"modified":"2025-05-13T12:48:53","modified_gmt":"2025-05-13T09:48:53","slug":"kokkupandavad-voodid-pingid-istmed-ja-toolid","status":"publish","type":"product","link":"https:\/\/flameguard.ee\/fi\/product\/kokoontaitettavat-sangyt-penkit-istuimet-ja-tuolit\/","title":{"rendered":"Kokoontaitettavat s\u00e4ngyt, penkit, istuimet ja tuolit"},"content":{"rendered":"<p data-start=\"715\" data-end=\"741\"><strong data-start=\"719\" data-end=\"741\">K\u00e4ytt\u00f6tarkoitukset:<\/strong><\/p>\n<p>Sopii t\u00e4ydellisesti siviilipuolustussuojiin, sotilaslaitteistoihin, h\u00e4t\u00e4tilanteisiin ja kriittisiin infrastruktuureihin, teollisuuslaitoksiin ja muihin kohteisiin, joilla on korkea turvallisuustaso<\/p>\n<p>&nbsp;<\/p>","protected":false},"excerpt":{"rendered":"<p class=\"\" data-start=\"92\" data-end=\"247\">Monipuoliset ja tilaa s\u00e4\u00e4st\u00e4v\u00e4t kalusteet, jotka sopivat sek\u00e4 tilap\u00e4isten ett\u00e4 pysyvien suojapaikkojen sisustamiseen. Kierr\u00e4tetyst\u00e4 muovista tehdyt ja metallirakenteiset.<\/p>\n<h3 class=\"\" data-start=\"232\" data-end=\"258\"><strong data-start=\"236\" data-end=\"258\">T\u00e4rkeimm\u00e4t ominaisuudet:<\/strong><\/h3>\n<ul>\n<li class=\"\" data-start=\"1453\" data-end=\"1500\">\n<p class=\"\" data-start=\"1455\" data-end=\"1500\">Kokoontaitettava ja pinottava \u2013 helppo varastoida<\/p>\n<\/li>\n<li class=\"\" data-start=\"1503\" data-end=\"1552\">\n<p class=\"\" data-start=\"1505\" data-end=\"1552\">S\u00e4\u00e4nkest\u00e4v\u00e4t ja kulutusta kest\u00e4v\u00e4t materiaalit<\/p>\n<\/li>\n<li class=\"\" data-start=\"1555\" data-end=\"1634\">\n<p class=\"\" data-start=\"1557\" data-end=\"1634\">Erilaiset nukkumis-, istumis- ja monitoimivaihtoehdot<\/p>\n<\/li>\n<li class=\"\" data-start=\"1637\" data-end=\"1710\">\n<p class=\"\" data-start=\"1639\" data-end=\"1710\">Sopii suojapaikkoihin, kriisileireihin ja evakuointikeskuksiin<\/p>\n<\/li>\n<\/ul>","protected":false},"featured_media":19353,"template":"","meta":[],"product_brand":[],"product_cat":[167],"product_tag":[],"class_list":{"0":"post-19352","1":"product","2":"type-product","3":"status-publish","4":"has-post-thumbnail","6":"product_cat-varjumiskohad","8":"first","9":"instock","10":"taxable","11":"shipping-taxable","12":"product-type-simple"},"_links":{"self":[{"href":"https:\/\/flameguard.ee\/fi\/wp-json\/wp\/v2\/product\/19352","targetHints":{"allow":["GET"]}}],"collection":[{"href":"https:\/\/flameguard.ee\/fi\/wp-json\/wp\/v2\/product"}],"about":[{"href":"https:\/\/flameguard.ee\/fi\/wp-json\/wp\/v2\/types\/product"}],"version-history":[{"count":1,"href":"https:\/\/flameguard.ee\/fi\/wp-json\/wp\/v2\/product\/19352\/revisions"}],"predecessor-version":[{"id":19354,"href":"https:\/\/flameguard.ee\/fi\/wp-json\/wp\/v2\/product\/19352\/revisions\/19354"}],"wp:featuredmedia":[{"embeddable":true,"href":"https:\/\/flameguard.ee\/fi\/wp-json\/wp\/v2\/media\/19353"}],"wp:attachment":[{"href":"https:\/\/flameguard.ee\/fi\/wp-json\/wp\/v2\/media?parent=19352"}],"wp:term":[{"taxonomy":"product_brand","embeddable":true,"href":"https:\/\/flameguard.ee\/fi\/wp-json\/wp\/v2\/product_brand?post=19352"},{"taxonomy":"product_cat","embeddable":true,"href":"https:\/\/flameguard.ee\/fi\/wp-json\/wp\/v2\/product_cat?post=19352"},{"taxonomy":"product_tag","embeddable":true,"href":"https:\/\/flameguard.ee\/fi\/wp-json\/wp\/v2\/product_tag?post=19352"}],"curies":[{"name":"wp","href":"https:\/\/api.w.org\/{rel}","templated":true}]}}