{"id":19539,"date":"2025-08-04T12:23:19","date_gmt":"2025-08-04T09:23:19","guid":{"rendered":"https:\/\/flameguard.ee\/?post_type=product&#038;p=19539"},"modified":"2025-09-10T16:02:13","modified_gmt":"2025-09-10T13:02:13","slug":"kaitsekiiver-ballistiline-vest","status":"publish","type":"product","link":"https:\/\/flameguard.ee\/fi\/product\/suojakypara-ballistinen-liivi\/","title":{"rendered":"Suojakyp\u00e4r\u00e4 + ballistinen liivi"},"content":{"rendered":"<p><strong>Kyp\u00e4r\u00e4<\/strong> NIJ3+- ballistinen ja luodinkest\u00e4v\u00e4 taktinen kevlar-kyp\u00e4r\u00e4. Kyp\u00e4r\u00e4 on testattu tiukasti kansainv\u00e4lisess\u00e4 laboratoriossa STANAGin vahvistamien korkeimpien laatu- ja ballistisen turvallisuuden standardien mukaisesti. Tilattava koko M tai L.<\/p>\n<p><strong>Liivit <\/strong>\u2013 ballististen levyjen kantaja-aine 1000D mil-SPEC Coyote 60 mikrokangas \u2013 vett\u00e4 hylkiv\u00e4 nailonviimeistely. Kest\u00e4v\u00e4 materiaali, joka on lujaa, monipuolista, nopeasti kuivuvaa ja helposti puhdistettavaa. Levyt ovat erityisess\u00e4 taskussa edess\u00e4 ja takana. Tilattavat kokoluokat M, L ja XL.<\/p>\n<p>Valmistettu Virossa.<\/p>\n<p><strong>Ballistinen t\u00e4ysmetalliseoslevy \u2013 <\/strong>kest\u00e4v\u00e4 luoti pehme\u00e4\u00e4n syd\u00e4meen ja MNJ: hen, 762 \u00d7 51. Erityinen suojus, jossa ei ole luodin sirpaloitumisen aiheuttamia vaurioita. Yhden levyn mitat ja paino: 250 \u00d7 300 mm, 4,9 kg. Valmistettu Virossa.<\/p>\n<p>&nbsp;<\/p>\n<p>&nbsp;<\/p>","protected":false},"excerpt":{"rendered":"<p>Paketti sis\u00e4lt\u00e4\u00e4:<\/p>\n<ul>\n<li>suojakyp\u00e4r\u00e4;<\/li>\n<li>ballistisen levyn kantava liivi (v\u00e4ri: oliivi, ruskea, musta);<\/li>\n<li>2 x ballistista levy\u00e4.<\/li>\n<\/ul>\n<p>&nbsp;<\/p>","protected":false},"featured_media":19547,"template":"","meta":[],"product_brand":[206],"product_cat":[169,167],"product_tag":[],"class_list":{"0":"post-19539","1":"product","2":"type-product","3":"status-publish","4":"has-post-thumbnail","6":"product_brand-bulletproof","7":"product_cat-kriisitooted","8":"product_cat-varjumiskohad","10":"first","11":"instock","12":"sale","13":"taxable","14":"shipping-taxable","15":"purchasable","16":"product-type-simple"},"_links":{"self":[{"href":"https:\/\/flameguard.ee\/fi\/wp-json\/wp\/v2\/product\/19539","targetHints":{"allow":["GET"]}}],"collection":[{"href":"https:\/\/flameguard.ee\/fi\/wp-json\/wp\/v2\/product"}],"about":[{"href":"https:\/\/flameguard.ee\/fi\/wp-json\/wp\/v2\/types\/product"}],"version-history":[{"count":7,"href":"https:\/\/flameguard.ee\/fi\/wp-json\/wp\/v2\/product\/19539\/revisions"}],"predecessor-version":[{"id":19558,"href":"https:\/\/flameguard.ee\/fi\/wp-json\/wp\/v2\/product\/19539\/revisions\/19558"}],"wp:featuredmedia":[{"embeddable":true,"href":"https:\/\/flameguard.ee\/fi\/wp-json\/wp\/v2\/media\/19547"}],"wp:attachment":[{"href":"https:\/\/flameguard.ee\/fi\/wp-json\/wp\/v2\/media?parent=19539"}],"wp:term":[{"taxonomy":"product_brand","embeddable":true,"href":"https:\/\/flameguard.ee\/fi\/wp-json\/wp\/v2\/product_brand?post=19539"},{"taxonomy":"product_cat","embeddable":true,"href":"https:\/\/flameguard.ee\/fi\/wp-json\/wp\/v2\/product_cat?post=19539"},{"taxonomy":"product_tag","embeddable":true,"href":"https:\/\/flameguard.ee\/fi\/wp-json\/wp\/v2\/product_tag?post=19539"}],"curies":[{"name":"wp","href":"https:\/\/api.w.org\/{rel}","templated":true}]}}