{"id":19617,"date":"2026-02-05T19:41:24","date_gmt":"2026-02-05T16:41:24","guid":{"rendered":"https:\/\/flameguard.ee\/?post_type=product&#038;p=19617"},"modified":"2026-02-05T19:52:45","modified_gmt":"2026-02-05T16:52:45","slug":"korteriuhistule-varjumiskoha-projekti-koostamine","status":"publish","type":"product","link":"https:\/\/flameguard.ee\/fi\/product\/asuntojen-risteily-ja-pimennysprojektien-laatiminen\/","title":{"rendered":"Suojapaikan projektisuunnittelu"},"content":{"rendered":"","protected":false},"excerpt":{"rendered":"<p data-start=\"160\" data-end=\"323\">Palvelun tarkoituksena on tukea asunto-osuuskuntia turvapaikkaa koskevan hankkeen suunnittelussa.<br data-start=\"237\" data-end=\"240\" \/>Kellaritilojen mukauttamiseksi autamme rakentamista koskevan ilmoituksen laatimisessa.<\/p>\n<p data-start=\"330\" data-end=\"375\">Hankkeessa k\u00e4sitell\u00e4\u00e4n seuraavia aloja:<\/p>\n<ul data-start=\"378\" data-end=\"520\">\n<li data-start=\"378\" data-end=\"408\">\n<p data-start=\"380\" data-end=\"408\">arkkitehtoniset ratkaisut;<\/p>\n<\/li>\n<li data-start=\"411\" data-end=\"426\">\n<p data-start=\"413\" data-end=\"426\">paloturvallisuus;<\/p>\n<\/li>\n<li data-start=\"429\" data-end=\"462\">\n<p data-start=\"431\" data-end=\"462\">suojaelementit ja - tuotteet;<\/p>\n<\/li>\n<li data-start=\"465\" data-end=\"499\">\n<p data-start=\"467\" data-end=\"499\">vesihuolto ja viem\u00e4r\u00f6inti;<\/p>\n<\/li>\n<li data-start=\"502\" data-end=\"520\">\n<p data-start=\"504\" data-end=\"520\">s\u00e4hk\u00f6njakelu.<\/p>\n<\/li>\n<\/ul>","protected":false},"featured_media":19618,"template":"","meta":[],"product_brand":[],"product_cat":[211],"product_tag":[],"class_list":{"0":"post-19617","1":"product","2":"type-product","3":"status-publish","4":"has-post-thumbnail","6":"product_cat-varjumiskohad-teenused","8":"first","9":"instock","10":"taxable","11":"shipping-taxable","12":"product-type-simple"},"_links":{"self":[{"href":"https:\/\/flameguard.ee\/fi\/wp-json\/wp\/v2\/product\/19617","targetHints":{"allow":["GET"]}}],"collection":[{"href":"https:\/\/flameguard.ee\/fi\/wp-json\/wp\/v2\/product"}],"about":[{"href":"https:\/\/flameguard.ee\/fi\/wp-json\/wp\/v2\/types\/product"}],"version-history":[{"count":2,"href":"https:\/\/flameguard.ee\/fi\/wp-json\/wp\/v2\/product\/19617\/revisions"}],"predecessor-version":[{"id":19620,"href":"https:\/\/flameguard.ee\/fi\/wp-json\/wp\/v2\/product\/19617\/revisions\/19620"}],"wp:featuredmedia":[{"embeddable":true,"href":"https:\/\/flameguard.ee\/fi\/wp-json\/wp\/v2\/media\/19618"}],"wp:attachment":[{"href":"https:\/\/flameguard.ee\/fi\/wp-json\/wp\/v2\/media?parent=19617"}],"wp:term":[{"taxonomy":"product_brand","embeddable":true,"href":"https:\/\/flameguard.ee\/fi\/wp-json\/wp\/v2\/product_brand?post=19617"},{"taxonomy":"product_cat","embeddable":true,"href":"https:\/\/flameguard.ee\/fi\/wp-json\/wp\/v2\/product_cat?post=19617"},{"taxonomy":"product_tag","embeddable":true,"href":"https:\/\/flameguard.ee\/fi\/wp-json\/wp\/v2\/product_tag?post=19617"}],"curies":[{"name":"wp","href":"https:\/\/api.w.org\/{rel}","templated":true}]}}