{"id":19621,"date":"2026-02-05T19:54:58","date_gmt":"2026-02-05T16:54:58","guid":{"rendered":"https:\/\/flameguard.ee\/?post_type=product&#038;p=19621"},"modified":"2026-02-05T20:05:28","modified_gmt":"2026-02-05T17:05:28","slug":"varjumiskoha-loomise-konsultatsioon","status":"publish","type":"product","link":"https:\/\/flameguard.ee\/fi\/product\/suojapaikan-luomiseen-liittyva-konsultointi\/","title":{"rendered":"Suojapaikan perustamiseen liittyv\u00e4 konsultointi"},"content":{"rendered":"","protected":false},"excerpt":{"rendered":"<p data-start=\"131\" data-end=\"216\">Palvelun tarkoituksena on arvioida mahdollisuuksia perustaa suojapaikka olemassa olevaan rakennukseen.<\/p>\n<p data-start=\"223\" data-end=\"370\">Konsultoinnin yhteydess\u00e4 k\u00e4ymme yhdess\u00e4 asunto-osuuskunnan edustajan kanssa ty\u00f6maalla arvioidaksemme turvapaikan rakentamisen teknisi\u00e4 ja tilallisia mahdollisuuksia.<\/p>\n<p data-start=\"377\" data-end=\"469\">Saamiemme tietojen ja asiakkaan toimittamien l\u00e4hdetietojen perusteella luomme turvapaikan k\u00e4sitteen.<\/p>","protected":false},"featured_media":19622,"template":"","meta":[],"product_brand":[],"product_cat":[211],"product_tag":[],"class_list":{"0":"post-19621","1":"product","2":"type-product","3":"status-publish","4":"has-post-thumbnail","6":"product_cat-varjumiskohad-teenused","8":"first","9":"instock","10":"taxable","11":"shipping-taxable","12":"product-type-simple"},"_links":{"self":[{"href":"https:\/\/flameguard.ee\/fi\/wp-json\/wp\/v2\/product\/19621","targetHints":{"allow":["GET"]}}],"collection":[{"href":"https:\/\/flameguard.ee\/fi\/wp-json\/wp\/v2\/product"}],"about":[{"href":"https:\/\/flameguard.ee\/fi\/wp-json\/wp\/v2\/types\/product"}],"version-history":[{"count":1,"href":"https:\/\/flameguard.ee\/fi\/wp-json\/wp\/v2\/product\/19621\/revisions"}],"predecessor-version":[{"id":19623,"href":"https:\/\/flameguard.ee\/fi\/wp-json\/wp\/v2\/product\/19621\/revisions\/19623"}],"wp:featuredmedia":[{"embeddable":true,"href":"https:\/\/flameguard.ee\/fi\/wp-json\/wp\/v2\/media\/19622"}],"wp:attachment":[{"href":"https:\/\/flameguard.ee\/fi\/wp-json\/wp\/v2\/media?parent=19621"}],"wp:term":[{"taxonomy":"product_brand","embeddable":true,"href":"https:\/\/flameguard.ee\/fi\/wp-json\/wp\/v2\/product_brand?post=19621"},{"taxonomy":"product_cat","embeddable":true,"href":"https:\/\/flameguard.ee\/fi\/wp-json\/wp\/v2\/product_cat?post=19621"},{"taxonomy":"product_tag","embeddable":true,"href":"https:\/\/flameguard.ee\/fi\/wp-json\/wp\/v2\/product_tag?post=19621"}],"curies":[{"name":"wp","href":"https:\/\/api.w.org\/{rel}","templated":true}]}}