{"id":19625,"date":"2026-02-05T20:09:24","date_gmt":"2026-02-05T17:09:24","guid":{"rendered":"https:\/\/flameguard.ee\/?post_type=product&#038;p=19625"},"modified":"2026-02-05T20:20:09","modified_gmt":"2026-02-05T17:20:09","slug":"varjumisplaani-koostamine","status":"publish","type":"product","link":"https:\/\/flameguard.ee\/fi\/product\/varjostussuunnitelman-laatiminen\/","title":{"rendered":"Varjostussuunnitelman laatiminen"},"content":{"rendered":"<p><strong>Suojautumissuunnitelma on laadittava:<\/strong><\/p>\n<ul>\n<li>rakennukseen, jolla on velvollisuus suojautua.<\/li>\n<li>suojapaikan mukauttamisvelvollisuus rakennukseen (asuin-, majoitus - tai ravintola-, toimisto-, liike - tai palvelurakennus tai viihde-, koulutus-, terveydenhuolto - tai muu julkinen rakennus, jonka suljettu bruttopinta-ala on v\u00e4hint\u00e4\u00e4n 1200 neli\u00f6metri\u00e4, ja teollisuusrakennus, jonka suljettu bruttopinta-ala on v\u00e4hint\u00e4\u00e4n 1500 neli\u00f6metri\u00e4).<\/li>\n<\/ul>","protected":false},"excerpt":{"rendered":"<p data-start=\"131\" data-end=\"216\">Palvelun tarkoituksena on auttaa asiakasta laatimaan suojautumissuunnitelma, joka perustuu rakennuksen erityisolosuhteisiin, sijaintiin ja tilaajan tarpeisiin.<\/p>","protected":false},"featured_media":19626,"template":"","meta":[],"product_brand":[],"product_cat":[211],"product_tag":[],"class_list":{"0":"post-19625","1":"product","2":"type-product","3":"status-publish","4":"has-post-thumbnail","6":"product_cat-varjumiskohad-teenused","8":"first","9":"instock","10":"taxable","11":"shipping-taxable","12":"product-type-simple"},"_links":{"self":[{"href":"https:\/\/flameguard.ee\/fi\/wp-json\/wp\/v2\/product\/19625","targetHints":{"allow":["GET"]}}],"collection":[{"href":"https:\/\/flameguard.ee\/fi\/wp-json\/wp\/v2\/product"}],"about":[{"href":"https:\/\/flameguard.ee\/fi\/wp-json\/wp\/v2\/types\/product"}],"version-history":[{"count":1,"href":"https:\/\/flameguard.ee\/fi\/wp-json\/wp\/v2\/product\/19625\/revisions"}],"predecessor-version":[{"id":19627,"href":"https:\/\/flameguard.ee\/fi\/wp-json\/wp\/v2\/product\/19625\/revisions\/19627"}],"wp:featuredmedia":[{"embeddable":true,"href":"https:\/\/flameguard.ee\/fi\/wp-json\/wp\/v2\/media\/19626"}],"wp:attachment":[{"href":"https:\/\/flameguard.ee\/fi\/wp-json\/wp\/v2\/media?parent=19625"}],"wp:term":[{"taxonomy":"product_brand","embeddable":true,"href":"https:\/\/flameguard.ee\/fi\/wp-json\/wp\/v2\/product_brand?post=19625"},{"taxonomy":"product_cat","embeddable":true,"href":"https:\/\/flameguard.ee\/fi\/wp-json\/wp\/v2\/product_cat?post=19625"},{"taxonomy":"product_tag","embeddable":true,"href":"https:\/\/flameguard.ee\/fi\/wp-json\/wp\/v2\/product_tag?post=19625"}],"curies":[{"name":"wp","href":"https:\/\/api.w.org\/{rel}","templated":true}]}}