{"id":17025,"date":"2025-02-18T10:22:45","date_gmt":"2025-02-18T08:22:45","guid":{"rendered":"http:\/\/flameguard.ee.dedi7782.your-server.de\/terms-and-conditions\/"},"modified":"2025-02-18T10:35:14","modified_gmt":"2025-02-18T08:35:14","slug":"terms-and-conditions","status":"publish","type":"page","link":"https:\/\/flameguard.ee\/sv\/regler-och-villkor\/","title":{"rendered":"Regler och villkor"},"content":{"rendered":"<div data-elementor-type=\"wp-page\" data-elementor-id=\"17025\" class=\"elementor elementor-17025\">\n\t\t\t\t<div class=\"wd-negative-gap elementor-element elementor-element-077e708 e-flex e-con-boxed e-con e-parent\" data-id=\"077e708\" data-element_type=\"container\" data-e-type=\"container\">\n\t\t\t\t\t<div class=\"e-con-inner\">\n\t\t<div class=\"elementor-element elementor-element-19aac6d e-con-full e-flex e-con e-child\" data-id=\"19aac6d\" data-element_type=\"container\" data-e-type=\"container\">\n\t\t\t\t<div class=\"elementor-element elementor-element-145aa81 wd-width-100 elementor-widget elementor-widget-wd_title\" data-id=\"145aa81\" data-element_type=\"widget\" data-e-type=\"widget\" data-widget_type=\"wd_title.default\">\n\t\t\t\t<div class=\"elementor-widget-container\">\n\t\t\t\t\t\t\t<div class=\"title-wrapper wd-set-mb reset-last-child wd-title-color-default wd-title-style-default wd-title-size-default text-left\">\n\n\t\t\t\n\t\t\t<div class=\"liner-continer\">\n\t\t\t\t<h4 class=\"woodmart-title-container title wd-fontsize-l\">ALLM\u00c4NNA F\u00d6RS\u00c4LJNINGSVILLKOR<\/h4> \n\t\t\t\t\t\t\t<\/div>\n\n\t\t\t\t\t<\/div>\n\t\t\t\t\t\t<\/div>\n\t\t\t\t<\/div>\n\t\t\t\t<div class=\"elementor-element elementor-element-0c5c580 elementor-widget elementor-widget-wd_text_block\" data-id=\"0c5c580\" data-element_type=\"widget\" data-e-type=\"widget\" data-widget_type=\"wd_text_block.default\">\n\t\t\t\t<div class=\"elementor-widget-container\">\n\t\t\t\t\t\t\t<div class=\"wd-text-block reset-last-child text-left\">\n\t\t\t\n\t\t\t<p>L\u00e4s f\u00f6ljande villkor noggrant innan du anv\u00e4nder denna webbplats. Dessa allm\u00e4nna f\u00f6rs\u00e4ljningsvillkor g\u00e4ller f\u00f6r alla best\u00e4llningar som g\u00f6rs p\u00e5 webbplatsen www.flameguard.ee:<\/p><p><strong>1. ALLM\u00c4NNA F\u00d6RS\u00c4LJNINGSVILLKOR<\/strong><\/p><p>1.1 Dessa allm\u00e4nna villkor g\u00e4ller f\u00f6r flameguard.ee kund (nedan kallad kunden) och Flameguard Systems O\u00dc (nedan flameguard.ee) i samband med f\u00f6rs\u00e4ljning och k\u00f6p av produkter p\u00e5 webbplatsen www.flameguard.ee. Alla f\u00f6rs\u00e4ljningstransaktioner sker p\u00e5 r\u00e4ttslig grund. <\/p><p>1.2 F\u00f6rs\u00e4ljning och k\u00f6p av produkter via www.flameguard.ee kommer att regleras av f\u00f6ljande villkor f\u00f6r alla registrerade anv\u00e4ndare av flameguard.ee och g\u00e4ster som vill k\u00f6pa produkter via denna webbplats. Dessa f\u00e5r inte strida mot estnisk lag och kan kompletteras med ytterligare best\u00e4mmelser (information om tj\u00e4nster, varor, priser). <\/p><p>1.3 Genom att n\u00e4r som helst uppdatera webbsidan f\u00f6rbeh\u00e5ller flameguard.ee oss r\u00e4tten att uppdatera webbplatsen och kan komma att revidera dessa villkor avseende produktpriser, beskrivningar, s\u00e4kerhetsalternativ etc. Fr\u00e5n tid till annan kan dessa alternativ \u00e4ndras och v\u00e5rt f\u00f6retag har ingen skyldighet att meddela kunden om s\u00e5dana uppdateringar. Alla \u00e4ndringar tr\u00e4der i kraft fr\u00e5n och med uppdateringen av denna webbplats.<\/p><p>1.4 Om kunden gjorde en best\u00e4llning innan n\u00e5gra \u00e4ndringar av villkoren gjordes, levereras produkten till kunden i enlighet med de tidigare villkoren, om inte annat f\u00f6reskrivs i Estlands lagar eller h\u00e4ri.<\/p><p><strong>2. PRODUKTERNAS PRIS<\/strong><\/p><p>2.1 Alla produktpriser \u00e4r i EURO (\u20ac) och inkluderar moms, men kan ocks\u00e5 vara i andra valutor beroende p\u00e5 valt spr\u00e5k.<\/p><p>2.2 Fraktkostnaden ing\u00e5r inte i priset p\u00e5 produkten och det beror p\u00e5 den valda \u00f6verf\u00f6ringsmetoden och ett belopp.<\/p><p>2.3 Priserna kan \u00e4ndras av flameguard.ee n\u00e4r som helst utan f\u00f6reg\u00e5ende meddelande. <\/p><p>2.4 Om en best\u00e4llning gjordes f\u00f6re pris\u00e4ndringen kommer produkten fortfarande att debiteras enligt den taxa som g\u00e4ller vid tidpunkten f\u00f6r best\u00e4llningen. flameguard.ee \u00e5terbetalar inte skillnaden i pris p\u00e5 produkterna. <\/p><p>2.5 Det slutliga best\u00e4llningspriset som visas i den personliga kundvagnen.<\/p><p><strong>3. BEST\u00c4LLNING OCH BETALNING<\/strong> <\/p><p>3.1 flameguard.ee \u00e4r s\u00e4ljare och kund av webbplatsen www.flameguard.ee \u00e4r k\u00f6pare.<\/p><p>3.2 Efter att ha gjort en best\u00e4llning kommer kunden att f\u00e5 fakturan och orderbekr\u00e4ftelsen via e-post fr\u00e5n flameguard.ee. Om kunden inte fick ett meddelande om best\u00e4llningen, v\u00e4nligen kontakta oss via info@flameguard.ee. <\/p><p>3.3 Fakturan kommer att inneh\u00e5lla en fullst\u00e4ndig lista \u00f6ver best\u00e4llda produkter, leveransmetod och kostnad, alla n\u00f6dv\u00e4ndiga betalningsuppgifter och kontakter. <\/p><p>3.4 Vid best\u00e4llning v\u00e4ljer kunden en betalningsmetod (n\u00e4tbank, betal-\/kreditkort eller kontanter) och en leveransmetod. Det \u00e4r viktigt att kontrollera med kundens och leverant\u00f6rens r\u00e4ttigheter.<\/p><p>3.5 F\u00f6rs\u00e4ljningsavtalet mellan kunden och flameguard.ee kommer att betraktas som fullst\u00e4ndigt och utformat n\u00e4r vi skickar e-postbekr\u00e4ftelsen till kunden och n\u00e4r ett fullst\u00e4ndigt betalningsbelopp kommer att mottas till flameguard.ee bankkonto. flameguard.ee s\u00e4kra betalningsleverant\u00f6rens registerdata, som kommer att utg\u00f6ra beviset f\u00f6r datum och inneh\u00e5ll i best\u00e4llningen.<\/p><p>3.6 Efter mottagandet av betalningen tar det oss 1 arbetsdag att behandla ditt k\u00f6p.<\/p><p>3.7 Om pengarna inte har kommit in p\u00e5 v\u00e5rt bankkonto under tv\u00e5 arbetsdagar kommer best\u00e4llningen att annulleras. Dessa steg i avtalets ing\u00e5ende \u00e4r till\u00e4mpliga oavsett f\u00f6rfarandet f\u00f6r k\u00f6p via www.flameguard.ee.<\/p><p>3.8 Genom att anv\u00e4nda webbplatsen flameguard.ee bekr\u00e4ftar kunden att han eller hon har l\u00e4st och accepterar dessa villkor och samtycker till alla till\u00e4mpliga lagar om \u00f6verf\u00f6ring av tekniska data som exporteras fr\u00e5n Estland. Alla best\u00e4llningar som g\u00f6rs p\u00e5 flameguard.ee och som levereras fr\u00e5n Estland kommer att bli f\u00f6rem\u00e5l f\u00f6r eventuella skatter och tullavgifter, som tas ut n\u00e4r paketet n\u00e5r sin leveransplats. Kunden \u00e4r ansvarig och m\u00e5ste ta hand om dessa eventuella tullavgifter och skatter i samband med leveransen av en vara. flameguard.ee ansvarar inte f\u00f6r att kontrollera och informera kunden om till\u00e4mpliga tullavgifter och skatter.<\/p><p><strong>4. AVS\u00c4NDNING OCH LEVERANS<\/strong><\/p><p>4.1 Efter betalning av best\u00e4llningen kommer produkterna att skickas till den angivna leveransadressen. Om vissa produkter \u00e4r slut i lager kommer v\u00e5rt f\u00f6retag att informera kunden s\u00e5 snart som m\u00f6jligt via e-post eller kundens kontaktnummer.<\/p><p>4.2 Den ber\u00e4knade leveranstiden beror p\u00e5 leveransmetoden och var best\u00e4llningen finns.<\/p><p>4.3 Om f\u00f6retaget vill \u00e4ndra leveransadressen \u00e4r det n\u00f6dv\u00e4ndigt att informera v\u00e5rt f\u00f6retag s\u00e5 snart som m\u00f6jligt. Kunden \u00e4r ansvarig f\u00f6r att informera v\u00e5rt f\u00f6retag om eventuella adress- eller andra relevanta uppgifter \u00e4ndras. Om en best\u00e4llning har skickats till kunden \u00e4r det inte m\u00f6jligt att \u00e4ndra leveransadressen.<br \/>4.4 flameguard.ee informerar kunden via e-post om att paketet har skickats.<\/p><p>4.5 Leverans och korrekt frakt beror p\u00e5 hur exakt information som tillhandah\u00e5lls av kunden. Produkterna kommer att leverera korrekt, om best\u00e4llningen har gjorts korrekt. Av s\u00e4kerhetssk\u00e4l kommer flameguard.ee inte att skicka n\u00e5gon best\u00e4llning eftersom det inte \u00e4r m\u00f6jligt att identifiera kundens adress eller personlig information. flameguard.ee ansvarar inte f\u00f6r eventuella leveransf\u00f6rseningar eller informationsfel som tillhandah\u00e5lls av kunden. <\/p><p>4.6 Om produkten (inte f\u00f6rpackningen) har skadats under leveranstiden har flameguard.ee r\u00e4tt att byta ut produkten mot en ny. Om en ers\u00e4ttning inte \u00e4r m\u00f6jlig (p\u00e5 grund av brist p\u00e5 produkt) betalar flameguard.ee kunden kostnaden f\u00f6r den skadade produkten. <\/p><p>4.7 flameguard.ee har r\u00e4tt att n\u00e4r som helst justera och \u00e4ndra dessa villkor.<\/p><p><strong>5. GARANTI OCH RETURER<\/strong><\/p><p>5.1 Alla produkter i flameguard.ee webbutik \u00e4r 100% original. Produktbilder \u00e4r endast i illustrativt syfte. Produktbilder kan skilja sig fr\u00e5n den faktiska produkten. Produktbeskrivning, priss\u00e4ttning och tillg\u00e4nglighet visas p\u00e5 flameguard.ee under produktens illustration. Om du \u00e4r os\u00e4ker eller om du vill ha mer information, tveka inte att kontakta oss.<\/p><p>5.2 Enligt obligationslagen har kunden 14 dagar p\u00e5 sig fr\u00e5n det att paketet har levererats att returnera det till flameguard.ee om produkten inte var l\u00e4mplig f\u00f6r kunden. Vid retur av best\u00e4llning ska produkten vara i samma skick som den skickades av v\u00e5rt f\u00f6retag. Taggar, etiketter och andra tillbeh\u00f6r som \u00e4r relaterade till produkten ska finnas p\u00e5 samma plats. V\u00e5rt f\u00f6retag kommer inte att acceptera att betala tillbaka orderpriset till kunden, om produkten av best\u00e4llningen skickas tillbaka skadad, smutsig, trasig eller ofullst\u00e4ndig. <\/p><p>5.3 Vid annullering av best\u00e4llning ska kunden skicka ett e-postmeddelande till info@flameguard.ee inom 14 dagar fr\u00e5n leveransdatumet f\u00f6r best\u00e4llningen. De viktigaste \u00e4mnena f\u00f6r e-post b\u00f6r vara orsaken till orderreturen, kundens namn och ordermeddelande.<\/p><p>5.4 Inom 14 dagar fr\u00e5n det att defekten p\u00e5 produkten uppt\u00e4cktes ska kunden informera oss via e-post till shop@flameguard.ee. Huvud\u00e4mnet f\u00f6r e-post b\u00f6r vara kundens namn, kontaktinformation, datum f\u00f6r att g\u00f6ra ett anspr\u00e5k, foto av produktfel, fakturanummer eller kopia av faktura.<\/p><p>5.5 flameguard.ee \u00e4r inte ansvarig eller skadest\u00e5ndsskyldig f\u00f6r defekter som uppst\u00e5tt till f\u00f6ljd av fel eller f\u00f6rsummelse vid kundens anv\u00e4ndning.<\/p><p>5.6 Om produkten inte \u00e4r l\u00e4mplig f\u00f6r kunden och m\u00e5ste returneras, \u00e4r kunden ansvarig f\u00f6r kostnaden f\u00f6r produktens returavgift. flameguard.ee t\u00e4cker endast portokostnader om det var en felaktig eller defekt produkt som levererades till kunden.<\/p><p>5.7 Om alla n\u00e4mnda villkor \u00e4r uppfyllda kommer returen att betalas inom 30 dagar.<\/p><p>5.8 Om kunden vill byta en produkt mot en annan eller samma produkt men en annan storlek, \u00e4r kunden ansvarig f\u00f6r portokostnaderna.<\/p><p>5.9 Om produkten har defekter som var om\u00f6jliga att uppt\u00e4cka genom yttre unders\u00f6kning och som inte framgick n\u00e4r f\u00f6rpackningen \u00f6ppnades, samt om produkten inte \u00e4r vad som best\u00e4llts, har flameguard.ee r\u00e4tt att s\u00e4nka priset p\u00e5 den best\u00e4llda produkten eller helt \u00e5terbetala produktkostnaden till kunden.<\/p><p><strong>6. ANSVAR OCH FORCE MAJEURE<\/strong><\/p><p>6.1 flameguard.ee \u00e4r ansvarig inf\u00f6r kunden f\u00f6r eventuella skador till f\u00f6ljd av brott mot villkoren i enlighet med Estlands lagstiftning.<\/p><p>6.2 Kunden \u00e4r f\u00f6re flameguard.ee ansvarig f\u00f6r eventuella skador till f\u00f6ljd av att kunden bryter mot villkoren i enlighet med Estlands lagstiftning. Kunden ansvarar f\u00f6r l\u00e4mnad information och alla de konsekvenser som kan uppst\u00e5 av den information som l\u00e4mnas till denne. <\/p><p>6.3 Ingen av parterna \u00e4r ansvarig inf\u00f6r den andra f\u00f6r villkor som \u00f6vertr\u00e4ds i form av f\u00f6rsening eller underl\u00e5tenhet att uppfylla skyldigheter om detta orsakades av force majeure-omst\u00e4ndigheter som \u00e4r oberoende av parterna. Avtalet kommer att upph\u00e4vas under den period som force majeure-h\u00e4ndelsen p\u00e5g\u00e5r och det inte \u00e4r ett brott mot de allm\u00e4nna villkoren.<\/p><p>6.4 flameguard.ee ers\u00e4tter inte ideell skada som orsakats av \u00e4ndrade priser, produktleveranstid etc. inom ramen f\u00f6r de aktuella villkoren. <\/p><p>6.5 flameguard.ee ers\u00e4tter inte Kundens kostnader som orsakats av omst\u00e4ndigheter d\u00e5 Kunden \u00e5tar sig en f\u00f6rpliktelse gentemot tredje man (oberoende av flameguard.ee) p\u00e5 villkor som strider mot de aktuella villkoren. <\/p><p>6.6 flameguard.ee kommer inte att ers\u00e4tta kunden f\u00f6r n\u00e5gon f\u00f6rlust av vinst, f\u00f6ljdskada eller annan ekonomisk f\u00f6rlust p\u00e5 grund av \u00e4ndringar i priser, leveranstider etc.<\/p><p>6.7 flameguard.ee kommer inte att vara ansvarig f\u00f6r n\u00e5got misslyckande eller f\u00f6rsening i utf\u00f6randet av n\u00e5gon av v\u00e5ra skyldigheter enligt ett avtal som orsakas av yttre h\u00e4ndelser som vi rimligen kontrollerar (force majeure-h\u00e4ndelser). <\/p><p>6.8 Det maximala ers\u00e4ttningsbeloppet kan vara kostnaden f\u00f6r produkten och leveransen av den som best\u00e4llts av kunden i flameguard.ee webbutik.<\/p><p><strong>7. SEKRETESS POLICY<\/strong> <\/p><p>7.1 Anv\u00e4ndningen av v\u00e5r webbplats www.flameguard.ee kunden ger ett tydligt och medvetet samtycke till anv\u00e4ndningen av personuppgifter som tillhandah\u00e5lls flameguard.ee. <\/p><p>7.2 flameguard.ee anv\u00e4nder de personuppgifter som tillhandah\u00e5lls av kunden endast f\u00f6r att behandla kundens best\u00e4llningar och behandlas med all vederb\u00f6rlig konfidentialitet. Den vidarebefordras inte till tredje part f\u00f6rutom i de fall som den leveransmetod som kunden har valt f\u00f6reskriver f\u00f6r det, samt i de fall som f\u00f6reskrivs i lagen.<\/p><p>7.3 flameguard.ee f\u00f6rbeh\u00e5ller oss r\u00e4tten att skicka information om nya produkter och f\u00f6rm\u00e5nliga erbjudanden, om kunden har anm\u00e4lt sig till ett nyhetsbrev fr\u00e5n flameguard.ee. Kunden har r\u00e4tt att ta bort kontaktuppgifterna fr\u00e5n v\u00e5r databas. <\/p><p>7.4 F\u00f6r fr\u00e5gor som inte regleras av dessa Regler och Villkor, Kunden och flameguard.ee regleras av lagar och r\u00e4ttsakter i Estland.<\/p><p>7.5 I h\u00e4ndelse av oenighet eller tvist vid genomf\u00f6randet av dessa villkor f\u00f6rs\u00f6ker parterna i f\u00f6rsta hand n\u00e5 en \u00f6verenskommelse genom f\u00f6rhandlingar. Om de tvister som uppst\u00e5r till f\u00f6ljd av avtalet inte kan l\u00f6sas genom f\u00f6rhandlingar, har b\u00e5da sidor (b\u00e5de kunden och flameguard.ee) r\u00e4tt att v\u00e4nda sig till avdelningen f\u00f6r konsumentskydd eller domstolen f\u00f6r att skydda sina r\u00e4ttigheter.<\/p><p><strong>8. SLUTLIGA BEST\u00c4MMELSER<\/strong><\/p><p>8.1 Anv\u00e4ndningen av www.flameguard.ee webbplats och avtal om k\u00f6p av produkter via denna webbplats kommer att regleras av estnisk lag. Om n\u00e5gon av dessa allm\u00e4nna f\u00f6rs\u00e4ljningsvillkor eller n\u00e5gon best\u00e4mmelse i ett avtal f\u00f6rklaras ogiltig, p\u00e5verkar det inte giltigheten av andra villkor i avtalet och ers\u00e4tts av en annan best\u00e4mmelse.<\/p><p>8.2 Eventuella protester mot dessa allm\u00e4nna f\u00f6rs\u00e4ljningsvillkor regleras endast av estnisk lag.<\/p>\n\t\t\t\t\t<\/div>\n\t\t\t\t\t\t<\/div>\n\t\t\t\t<\/div>\n\t\t\t\t<\/div>\n\t\t\t\t\t<\/div>\n\t\t\t\t<\/div>\n\t\t\t\t<\/div>","protected":false},"excerpt":{"rendered":"<p>ALLM\u00c4NNA F\u00d6RS\u00c4LJNINGSVILLKOR L\u00e4s f\u00f6ljande villkor noggrant innan du anv\u00e4nder denna webbplats. Dessa allm\u00e4nna reor<\/p>","protected":false},"author":1,"featured_media":0,"parent":0,"menu_order":0,"comment_status":"closed","ping_status":"closed","template":"","meta":{"footnotes":""},"class_list":["post-17025","page","type-page","status-publish","hentry"],"_links":{"self":[{"href":"https:\/\/flameguard.ee\/sv\/wp-json\/wp\/v2\/pages\/17025","targetHints":{"allow":["GET"]}}],"collection":[{"href":"https:\/\/flameguard.ee\/sv\/wp-json\/wp\/v2\/pages"}],"about":[{"href":"https:\/\/flameguard.ee\/sv\/wp-json\/wp\/v2\/types\/page"}],"author":[{"embeddable":true,"href":"https:\/\/flameguard.ee\/sv\/wp-json\/wp\/v2\/users\/1"}],"replies":[{"embeddable":true,"href":"https:\/\/flameguard.ee\/sv\/wp-json\/wp\/v2\/comments?post=17025"}],"version-history":[{"count":3,"href":"https:\/\/flameguard.ee\/sv\/wp-json\/wp\/v2\/pages\/17025\/revisions"}],"predecessor-version":[{"id":17028,"href":"https:\/\/flameguard.ee\/sv\/wp-json\/wp\/v2\/pages\/17025\/revisions\/17028"}],"wp:attachment":[{"href":"https:\/\/flameguard.ee\/sv\/wp-json\/wp\/v2\/media?parent=17025"}],"curies":[{"name":"wp","href":"https:\/\/api.w.org\/{rel}","templated":true}]}}