{"id":3,"date":"2024-12-17T08:05:39","date_gmt":"2024-12-17T08:05:39","guid":{"rendered":"http:\/\/flameguard.ee.dedi7782.your-server.de\/?page_id=3"},"modified":"2025-03-05T11:10:29","modified_gmt":"2025-03-05T09:10:29","slug":"privaatsuspoliitika","status":"publish","type":"page","link":"https:\/\/flameguard.ee\/sv\/integritetspolicy\/","title":{"rendered":"Integritetspolicy"},"content":{"rendered":"<div data-elementor-type=\"wp-page\" data-elementor-id=\"3\" class=\"elementor elementor-3\">\n\t\t\t\t<div class=\"wd-negative-gap elementor-element elementor-element-ccef3f6 e-flex e-con-boxed e-con e-parent\" data-id=\"ccef3f6\" data-element_type=\"container\" data-e-type=\"container\">\n\t\t\t\t\t<div class=\"e-con-inner\">\n\t\t<div class=\"elementor-element elementor-element-c0fa00a e-con-full e-flex e-con e-child\" data-id=\"c0fa00a\" data-element_type=\"container\" data-e-type=\"container\">\n\t\t\t\t<div class=\"elementor-element elementor-element-dfe917a wd-width-100 elementor-widget elementor-widget-wd_title\" data-id=\"dfe917a\" data-element_type=\"widget\" data-e-type=\"widget\" data-widget_type=\"wd_title.default\">\n\t\t\t\t<div class=\"elementor-widget-container\">\n\t\t\t\t\t\t\t<div class=\"title-wrapper wd-set-mb reset-last-child wd-title-color-default wd-title-style-default wd-title-size-default text-left\">\n\n\t\t\t\n\t\t\t<div class=\"liner-continer\">\n\t\t\t\t<h4 class=\"woodmart-title-container title wd-fontsize-l\">INTEGRITETSPOLICY<\/h4> \n\t\t\t\t\t\t\t<\/div>\n\n\t\t\t\t\t<\/div>\n\t\t\t\t\t\t<\/div>\n\t\t\t\t<\/div>\n\t\t\t\t<div class=\"elementor-element elementor-element-7c4ba8c elementor-widget elementor-widget-wd_text_block\" data-id=\"7c4ba8c\" data-element_type=\"widget\" data-e-type=\"widget\" data-widget_type=\"wd_text_block.default\">\n\t\t\t\t<div class=\"elementor-widget-container\">\n\t\t\t\t\t\t\t<div class=\"wd-text-block reset-last-child text-left\">\n\t\t\t\n\t\t\t<p><strong>Flameguard Systems O\u00dc<\/strong> Webbutiken anv\u00e4nder den information som k\u00f6paren l\u00e4mnat i f\u00f6rsta hand f\u00f6r att genomf\u00f6ra ink\u00f6psordern och l\u00e4mnar inte ut information om kunden som har blivit k\u00e4nd i samband med k\u00f6p till tredje part, s\u00e5vida det inte \u00e4r fr\u00e5ga om fall som f\u00f6reskrivs i lag. Anv\u00e4ndningen av kunduppgifter f\u00f6r direktmarknadsf\u00f6ring \u00e4r endast m\u00f6jlig med kundens samtycke, som de ger genom att spara sin personliga kontaktadress n\u00e4r de registrerar sig som mottagare av nyhetsbrevet eller p\u00e5 kundregistreringsformul\u00e4ret.<\/p><p>Kunden kan n\u00e4r som helst dra sig tillbaka fr\u00e5n sin \u00f6nskan att f\u00e5 personliga erbjudanden. De har ocks\u00e5 r\u00e4tt att kr\u00e4va att behandlingen av deras uppgifter upph\u00f6r eller raderas om respektive r\u00e4ttighet f\u00f6ljer av lagen om skydd av personuppgifter eller annan lagstiftning.<\/p><h2>Privatliv<\/h2><p>1. Genom att anv\u00e4nda www.flameguard.ee webbplats ger kunden ett tydligt och informerat samtycke till behandlingen av www.flameguard.ee personuppgifter.<\/p><p>2. www.flameguard.ee anv\u00e4nder de personuppgifter som tillhandah\u00e5lls av kunden endast f\u00f6r att uppfylla kundens ink\u00f6psorder. Uppgifterna kommer att behandlas konfidentiellt och kommer inte att l\u00e4mnas ut till tredje part, f\u00f6rutom n\u00e4r det leveranss\u00e4tt som kunden valt kr\u00e4ver det och i de fall som f\u00f6reskrivs i lag.<\/p><p>3. www.flameguard.ee f\u00f6rbeh\u00e5ller sig r\u00e4tten att skicka information till kunden om nya produkter och kampanjerbjudanden om kunden har prenumererat p\u00e5 www.flameguard.ee nyhetsbrev. Kunden har r\u00e4tt att beg\u00e4ra att deras uppgifter raderas fr\u00e5n www.flameguard.ee databas.<\/p><p>4. I fr\u00e5gor som inte regleras av dessa villkor ska kunden och www.flameguard.ee v\u00e4gledas av g\u00e4llande lagstiftning i Republiken Estland och andra lagar som reglerar f\u00f6rh\u00e5llandet mellan parterna.<\/p><p>5. Meningsskiljaktigheter och meningsskiljaktigheter som uppst\u00e5r i samband med uppfyllandet av dessa villkor ska l\u00f6sas av parterna i f\u00f6rsta hand genom f\u00f6rhandlingar. Om de tvister som uppst\u00e5r i samband med avtalet inte kan l\u00f6sas genom f\u00f6rhandlingar mellan parterna, har b\u00e5de kunden och www.flameguard.ee r\u00e4tt att v\u00e4nda sig till konsumentskyddsn\u00e4mnden eller domstolen f\u00f6r att skydda sina r\u00e4ttigheter.<\/p><p><strong>Flameguard Systems O\u00dc \u00e4r personuppgiftsansvarig och vidarebefordrar de personuppgifter som \u00e4r n\u00f6dv\u00e4ndiga f\u00f6r att genomf\u00f6ra betalningar till personuppgiftsbitr\u00e4det Montonio Finance O\u00dc.<\/strong><\/p>\n\t\t\t\t\t<\/div>\n\t\t\t\t\t\t<\/div>\n\t\t\t\t<\/div>\n\t\t\t\t<\/div>\n\t\t\t\t\t<\/div>\n\t\t\t\t<\/div>\n\t\t\t\t<\/div>","protected":false},"excerpt":{"rendered":"<p>Flameguard Systems O\u00dc:s webbutik anv\u00e4nder den information som k\u00f6paren l\u00e4mnat i f\u00f6rsta hand f\u00f6r att uppfylla ink\u00f6psordern och avsl\u00f6jar inte den information som har blivit k\u00e4nd i samband med k\u00f6pet.<\/p>","protected":false},"author":1,"featured_media":0,"parent":0,"menu_order":0,"comment_status":"closed","ping_status":"closed","template":"","meta":{"footnotes":""},"class_list":["post-3","page","type-page","status-publish","hentry"],"_links":{"self":[{"href":"https:\/\/flameguard.ee\/sv\/wp-json\/wp\/v2\/pages\/3","targetHints":{"allow":["GET"]}}],"collection":[{"href":"https:\/\/flameguard.ee\/sv\/wp-json\/wp\/v2\/pages"}],"about":[{"href":"https:\/\/flameguard.ee\/sv\/wp-json\/wp\/v2\/types\/page"}],"author":[{"embeddable":true,"href":"https:\/\/flameguard.ee\/sv\/wp-json\/wp\/v2\/users\/1"}],"replies":[{"embeddable":true,"href":"https:\/\/flameguard.ee\/sv\/wp-json\/wp\/v2\/comments?post=3"}],"version-history":[{"count":14,"href":"https:\/\/flameguard.ee\/sv\/wp-json\/wp\/v2\/pages\/3\/revisions"}],"predecessor-version":[{"id":17009,"href":"https:\/\/flameguard.ee\/sv\/wp-json\/wp\/v2\/pages\/3\/revisions\/17009"}],"wp:attachment":[{"href":"https:\/\/flameguard.ee\/sv\/wp-json\/wp\/v2\/media?parent=3"}],"curies":[{"name":"wp","href":"https:\/\/api.w.org\/{rel}","templated":true}]}}