{"id":4400,"date":"2021-10-12T15:51:09","date_gmt":"2021-10-12T15:51:09","guid":{"rendered":"http:\/\/dummy.xtemos.com\/woodmart2\/elementor\/?page_id=4400"},"modified":"2025-07-16T14:53:22","modified_gmt":"2025-07-16T11:53:22","slug":"ettevottest","status":"publish","type":"page","link":"https:\/\/flameguard.ee\/sv\/om-foretaget\/","title":{"rendered":"Om oss"},"content":{"rendered":"<div data-elementor-type=\"wp-page\" data-elementor-id=\"4400\" class=\"elementor elementor-4400\">\n\t\t\t\t<div class=\"wd-negative-gap elementor-element elementor-element-681b278 e-flex e-con-boxed e-con e-parent\" data-id=\"681b278\" data-element_type=\"container\" data-e-type=\"container\">\n\t\t\t\t\t<div class=\"e-con-inner\">\n\t\t<div class=\"elementor-element elementor-element-34a2dc1 e-con-full e-flex e-con e-child\" data-id=\"34a2dc1\" data-element_type=\"container\" data-e-type=\"container\">\n\t\t\t\t<div class=\"elementor-element elementor-element-81a7900 wd-width-100 elementor-widget elementor-widget-wd_title\" data-id=\"81a7900\" data-element_type=\"widget\" data-e-type=\"widget\" data-widget_type=\"wd_title.default\">\n\t\t\t\t<div class=\"elementor-widget-container\">\n\t\t\t\t\t\t\t<div class=\"title-wrapper wd-set-mb reset-last-child wd-title-color-default wd-title-style-default wd-title-size-default text-left\">\n\n\t\t\t\n\t\t\t<div class=\"liner-continer\">\n\t\t\t\t<h4 class=\"woodmart-title-container title wd-fontsize-l\">INNEHAV<\/h4> \n\t\t\t\t\t\t\t<\/div>\n\n\t\t\t\t\t<\/div>\n\t\t\t\t\t\t<\/div>\n\t\t\t\t<\/div>\n\t\t\t\t<div class=\"elementor-element elementor-element-e7a6160 elementor-widget elementor-widget-wd_text_block\" data-id=\"e7a6160\" data-element_type=\"widget\" data-e-type=\"widget\" data-widget_type=\"wd_text_block.default\">\n\t\t\t\t<div class=\"elementor-widget-container\">\n\t\t\t\t\t\t\t<div class=\"wd-text-block reset-last-child text-left\">\n\t\t\t\n\t\t\t<h5 style=\"font-weight: bold;\">Flameguard \u2013 en p\u00e5litlig SHEQ-s\u00e4kerhetspartner i Norden och Baltikum.<\/h5><p>Flameguard \u00e4r ett f\u00f6retag som bedriver f\u00f6rs\u00e4ljning av helhetsl\u00f6sningar och s\u00e4kerhetsprodukter inom omr\u00e5det civilf\u00f6rsvar, arbetsmilj\u00f6- och brands\u00e4kerhet, milj\u00f6 och kvalitet (SHEQ) i Norden och Baltikum. I Tallinn tillverkar vi h\u00f6gkvalitativa och certifierade brandgardiner som uppfyller h\u00f6ga s\u00e4kerhetsstandarder och kan anslutas till de vanligaste automatiska brandlarmsystemen. I v\u00e5r huvudsakliga verksamhet fokuserar vi p\u00e5 att betj\u00e4na f\u00f6rsvarsindustrin, den offentliga sektorn, privat- och f\u00f6retagskunder. I Flameguards e-butik finns h\u00f6gklassiga och innovativa skydds- och s\u00e4kerhetsprodukter som l\u00e4mpar sig f\u00f6r b\u00e5de f\u00f6retags- och g\u00f6r-det-sj\u00e4lv-privatkunder.<\/p><p>Flameguards underh\u00e5lls- och installationsteam installerar produkter under olika f\u00f6rh\u00e5llanden, vilket ger en m\u00f6jlighet att testa olika produkter och hitta nya anv\u00e4ndningsomr\u00e5den eller f\u00f6rb\u00e4ttra dem. Som ett merv\u00e4rde hj\u00e4lper vi byggare och f\u00f6rs\u00e4kringsbolag att testa olika materials brandk\u00e4nslighet eller brandmotst\u00e5nd. Som ett resultat av detta ut\u00f6kas utbudet av produkter och tj\u00e4nster st\u00e4ndigt, och detta \u00e4r grunden f\u00f6r v\u00e5rt f\u00f6retags h\u00e5llbarhet.<\/p><p>V\u00e5rt dagliga m\u00e5l \u00e4r att vara en professionell partner vars expertr\u00e5d och erfarenhet hj\u00e4lper till att minska kostnaderna, f\u00f6rhindra f\u00f6rluster och s\u00e4kerst\u00e4lla \u00f6verensst\u00e4mmelse med \u00e4ven de mest komplexa kraven. Flameguards specialister arbetar dagligen f\u00f6r att s\u00e4kerst\u00e4lla s\u00e4kerhet och milj\u00f6v\u00e4nlig verksamhet.<\/p><h5 style=\"font-weight: bold;\">Vad erbjuder vi?<\/h5><p>\u2705 <strong>Tj\u00e4nst f\u00f6r riskhantering<\/strong><br \/>Vi hj\u00e4lper till att f\u00f6rst\u00e5 och l\u00f6sa utmaningarna inom brands\u00e4kerhet och SHEQ-omr\u00e5det. Vi erbjuder konsultationer, praktiska l\u00f6sningar och expertst\u00f6d f\u00f6r att s\u00e4kerst\u00e4lla efterlevnad av g\u00e4llande s\u00e4kerhetskrav eller \u00e4gartillsyn.<\/p><p>\u2705 <strong>S\u00e4kerhetsrevisioner och riskbed\u00f6mningar<\/strong><br \/>Vi kontrollerar byggnadernas brands\u00e4kerhet och arbetsmilj\u00f6n, identifierar eventuella faror och ger rekommendationer f\u00f6r att f\u00f6rebygga dem. V\u00e5ra revisioner hj\u00e4lper dig att uppfylla lagkrav och minska riskerna.<\/p><p>\u2705 <strong>Brandskydd och f\u00f6rhindrande av brandspridning<\/strong><br \/>Vi installerar och underh\u00e5ller brands\u00e4kerhetsinstallationer och erbjuder brands\u00e4kerhetsledningstj\u00e4nster. Dessutom utf\u00f6r vi brandskyddsarbeten p\u00e5 fasad och inomhus f\u00f6r att f\u00f6rhindra brandspridning och skydda m\u00e4nniskor eller egendom.<\/p><p>\u2705 <strong>Milj\u00f6ledning<\/strong><br \/>Erbjudande <strong>Tj\u00e4nster inom milj\u00f6ledning<\/strong>, Att hj\u00e4lpa f\u00f6retag att uppfylla milj\u00f6krav, minska milj\u00f6p\u00e5verkan och f\u00f6rb\u00e4ttra resursanv\u00e4ndningen. Vi hj\u00e4lper till att implementera milj\u00f6ledningssystem och se till att de f\u00f6ljer internationella standarder.<\/p><p>\u2705 <strong>Utbildning och upps\u00f6kande verksamhet<\/strong><br \/>Erbjudande <strong>Ett brett utbud av utbildningar<\/strong>, som t\u00e4cker civilskydd, brands\u00e4kerhet, arbetss\u00e4kerhet, milj\u00f6ledning och SHEQ-\u00e4mnen. V\u00e5ra utbildningar \u00e4r praktiska och syftar till att \u00f6ka medvetenheten. Vi hj\u00e4lper till att f\u00f6rb\u00e4ttra kompetensen f\u00f6r att hj\u00e4lpa anst\u00e4llda att b\u00e4ttre f\u00f6rst\u00e5 och implementera n\u00f6dv\u00e4ndiga s\u00e4kerhets\u00e5tg\u00e4rder.<\/p><p>\u2705 <strong>Brands\u00e4kerhetsprodukter och e-butik<\/strong><br \/>Vi erbjuder h\u00f6gkvalitativa och innovativa skydds- och brands\u00e4kerhetsprodukter som enkelt kan best\u00e4llas fr\u00e5n v\u00e5r webbutik. Dessutom \u00e4r vi officiell representant och import\u00f6r av flera internationella m\u00e4rken.<\/p><p>\u2705 <strong>Digitala l\u00f6sningar och smarta verktyg<\/strong><br \/>V\u00e5ra online- och mobilverktyg hj\u00e4lper dig att b\u00e4ttre hantera och \u00f6vervaka s\u00e4kerheten, vilket g\u00f6r din arbetsmilj\u00f6 effektivare och s\u00e4krare.<\/p>\n\t\t\t\t\t<\/div>\n\t\t\t\t\t\t<\/div>\n\t\t\t\t<\/div>\n\t\t\t\t<div class=\"elementor-element elementor-element-505cc68 e-grid-align-left elementor-shape-rounded elementor-grid-0 elementor-widget elementor-widget-social-icons\" data-id=\"505cc68\" data-element_type=\"widget\" data-e-type=\"widget\" data-widget_type=\"social-icons.default\">\n\t\t\t\t<div class=\"elementor-widget-container\">\n\t\t\t\t\t\t\t<div class=\"elementor-social-icons-wrapper elementor-grid\" role=\"list\">\n\t\t\t\t\t\t\t<span class=\"elementor-grid-item\" role=\"listitem\">\n\t\t\t\t\t<a class=\"elementor-icon elementor-social-icon elementor-social-icon-facebook elementor-repeater-item-0ca661d\" href=\"https:\/\/www.facebook.com\/FlameguardSystems\" target=\"_blank\" rel=\"noopener\">\n\t\t\t\t\t\t<span class=\"elementor-screen-only\">Facebook Facebook (p\u00e5 engelska<\/span>\n\t\t\t\t\t\t<svg aria-hidden=\"true\" class=\"e-font-icon-svg e-fab-facebook\" viewbox=\"0 0 512 512\" xmlns=\"http:\/\/www.w3.org\/2000\/svg\"><path d=\"M504 256C504 119 393 8 256 8S8 119 8 256c0 123.78 90.69 226.38 209.25 245V327.69h-63V256h63v-54.64c0-62.15 37-96.48 93.67-96.48 27.14 0 55.52 4.84 55.52 4.84v61h-31.28c-30.8 0-40.41 19.12-40.41 38.73V256h68.78l-11 71.69h-57.78V501C413.31 482.38 504 379.78 504 256z\"><\/path><\/svg>\t\t\t\t\t<\/a>\n\t\t\t\t<\/span>\n\t\t\t\t\t\t\t<span class=\"elementor-grid-item\" role=\"listitem\">\n\t\t\t\t\t<a class=\"elementor-icon elementor-social-icon elementor-social-icon-linkedin elementor-repeater-item-b31b56a\" href=\"https:\/\/www.linkedin.com\/company\/flameguard-systems\/\" target=\"_blank\" rel=\"noopener\">\n\t\t\t\t\t\t<span class=\"elementor-screen-only\">Linkedin (p\u00e5 engelska)<\/span>\n\t\t\t\t\t\t<svg aria-hidden=\"true\" class=\"e-font-icon-svg e-fab-linkedin\" viewbox=\"0 0 448 512\" xmlns=\"http:\/\/www.w3.org\/2000\/svg\"><path d=\"M416 32H31.9C14.3 32 0 46.5 0 64.3v383.4C0 465.5 14.3 480 31.9 480H416c17.6 0 32-14.5 32-32.3V64.3c0-17.8-14.4-32.3-32-32.3zM135.4 416H69V202.2h66.5V416zm-33.2-243c-21.3 0-38.5-17.3-38.5-38.5S80.9 96 102.2 96c21.2 0 38.5 17.3 38.5 38.5 0 21.3-17.2 38.5-38.5 38.5zm282.1 243h-66.4V312c0-24.8-.5-56.7-34.5-56.7-34.6 0-39.9 27-39.9 54.9V416h-66.4V202.2h63.7v29.2h.9c8.9-16.8 30.6-34.5 62.9-34.5 67.2 0 79.7 44.3 79.7 101.9V416z\"><\/path><\/svg>\t\t\t\t\t<\/a>\n\t\t\t\t<\/span>\n\t\t\t\t\t\t\t<span class=\"elementor-grid-item\" role=\"listitem\">\n\t\t\t\t\t<a class=\"elementor-icon elementor-social-icon elementor-social-icon-instagram elementor-repeater-item-d3e6fed\" href=\"https:\/\/www.instagram.com\/flameguard_systems\/\" target=\"_blank\" rel=\"noopener\">\n\t\t\t\t\t\t<span class=\"elementor-screen-only\">F\u00f6lj dig p\u00e5 Instagram<\/span>\n\t\t\t\t\t\t<svg aria-hidden=\"true\" class=\"e-font-icon-svg e-fab-instagram\" viewbox=\"0 0 448 512\" xmlns=\"http:\/\/www.w3.org\/2000\/svg\"><path d=\"M224.1 141c-63.6 0-114.9 51.3-114.9 114.9s51.3 114.9 114.9 114.9S339 319.5 339 255.9 287.7 141 224.1 141zm0 189.6c-41.1 0-74.7-33.5-74.7-74.7s33.5-74.7 74.7-74.7 74.7 33.5 74.7 74.7-33.6 74.7-74.7 74.7zm146.4-194.3c0 14.9-12 26.8-26.8 26.8-14.9 0-26.8-12-26.8-26.8s12-26.8 26.8-26.8 26.8 12 26.8 26.8zm76.1 27.2c-1.7-35.9-9.9-67.7-36.2-93.9-26.2-26.2-58-34.4-93.9-36.2-37-2.1-147.9-2.1-184.9 0-35.8 1.7-67.6 9.9-93.9 36.1s-34.4 58-36.2 93.9c-2.1 37-2.1 147.9 0 184.9 1.7 35.9 9.9 67.7 36.2 93.9s58 34.4 93.9 36.2c37 2.1 147.9 2.1 184.9 0 35.9-1.7 67.7-9.9 93.9-36.2 26.2-26.2 34.4-58 36.2-93.9 2.1-37 2.1-147.8 0-184.8zM398.8 388c-7.8 19.6-22.9 34.7-42.6 42.6-29.5 11.7-99.5 9-132.1 9s-102.7 2.6-132.1-9c-19.6-7.8-34.7-22.9-42.6-42.6-11.7-29.5-9-99.5-9-132.1s-2.6-102.7 9-132.1c7.8-19.6 22.9-34.7 42.6-42.6 29.5-11.7 99.5-9 132.1-9s102.7-2.6 132.1 9c19.6 7.8 34.7 22.9 42.6 42.6 11.7 29.5 9 99.5 9 132.1s2.7 102.7-9 132.1z\"><\/path><\/svg>\t\t\t\t\t<\/a>\n\t\t\t\t<\/span>\n\t\t\t\t\t<\/div>\n\t\t\t\t\t\t<\/div>\n\t\t\t\t<\/div>\n\t\t\t\t<div class=\"elementor-element elementor-element-9f3f305 elementor-widget elementor-widget-wd_text_block\" data-id=\"9f3f305\" data-element_type=\"widget\" data-e-type=\"widget\" data-widget_type=\"wd_text_block.default\">\n\t\t\t\t<div class=\"elementor-widget-container\">\n\t\t\t\t\t\t\t<div class=\"wd-text-block reset-last-child text-left\">\n\t\t\t\n\t\t\t<p><strong>F\u00f6retag Estland st\u00f6dde Flameguard Systems O\u00dc fr\u00e5n utvecklingskupong\u00e5tg\u00e4rden i projektet \"Testning och certifiering av brandgardin i EI-klass (projekt 2014-2020.4.04.21-2107)\".<\/strong><\/p><p><strong>Kortfattad beskrivning av projektet:<\/strong> Under projektets g\u00e5ng kommer en prototyp, kontrollprovning och certifiering av produkten att genomf\u00f6ras.<br \/><strong>Projektets resultat:<\/strong> Prototypen av produkten har testats enligt EN-16034 och certifierats.<\/p><p><img decoding=\"async\" style=\"max-width: 300px; height: auto; margin-top: 15px;\" src=\"\/wp-content\/uploads\/2025\/02\/EAS_SF_RGB_EST1.png\" \/><\/p>\n\t\t\t\t\t<\/div>\n\t\t\t\t\t\t<\/div>\n\t\t\t\t<\/div>\n\t\t\t\t<div class=\"elementor-element elementor-element-6b9226a wd-width-100 elementor-widget elementor-widget-wd_title\" data-id=\"6b9226a\" data-element_type=\"widget\" data-e-type=\"widget\" data-widget_type=\"wd_title.default\">\n\t\t\t\t<div class=\"elementor-widget-container\">\n\t\t\t\t\t\t\t<div class=\"title-wrapper wd-set-mb reset-last-child wd-title-color-default wd-title-style-default wd-title-size-default text-left\">\n\n\t\t\t\n\t\t\t<div class=\"liner-continer\">\n\t\t\t\t<h4 class=\"woodmart-title-container title wd-fontsize-l\">REFERENSER<\/h4> \n\t\t\t\t\t\t\t<\/div>\n\n\t\t\t\t\t<\/div>\n\t\t\t\t\t\t<\/div>\n\t\t\t\t<\/div>\n\t\t\t\t<div class=\"elementor-element elementor-element-78a44f7 project-block elementor-widget elementor-widget-wd_infobox_carousel\" data-id=\"78a44f7\" data-element_type=\"widget\" data-e-type=\"widget\" data-widget_type=\"wd_infobox_carousel.default\">\n\t\t\t\t<div class=\"elementor-widget-container\">\n\t\t\t\t\t\t\t<div class=\"wd-carousel-container info-box-carousel-wrapper\">\n\t\t\t<div class=\"wd-carousel-inner\">\n\t\t\t\t<div class=\"wd-carousel wd-grid info-box-carousel\" data-scroll_per_page=\"yes\" style=\"--wd-col-lg:2;--wd-col-md:2;--wd-col-sm:1;--wd-gap-lg:30px;--wd-gap-sm:10px;\">\n\t\t\t\t\t<div class=\"wd-carousel-wrap\">\n\t\t\t\t\t\t\t\t\t\t\t\t\t\t\t\t\t\t\t\t\t\t<div class=\"info-box-wrapper wd-carousel-item\">\n\t\t\t<div class=\"wd-info-box text-left box-icon-align-left box-style-shadow color-scheme-  elementor-repeater-item-1fcc0c5 wd-items-middle with-btn box-btn-static\">\n\t\t\t\t\t\t\t\t\t<div class=\"box-icon-wrapper  box-with-icon box-icon-simple\">\n\t\t\t\t\t\t<div class=\"info-box-icon\">\n\t\t\t\t\t\t\t\t\t\t\t\t\t\t\t<img fetchpriority=\"high\" decoding=\"async\" width=\"500\" height=\"360\" src=\"https:\/\/flameguard.ee\/wp-content\/uploads\/2025\/02\/nordlin_ehitus_flame.webp\" class=\"attachment-full size-full\" alt=\"\" srcset=\"https:\/\/flameguard.ee\/wp-content\/uploads\/2025\/02\/nordlin_ehitus_flame.webp 500w, https:\/\/flameguard.ee\/wp-content\/uploads\/2025\/02\/nordlin_ehitus_flame-400x288.webp 400w, https:\/\/flameguard.ee\/wp-content\/uploads\/2025\/02\/nordlin_ehitus_flame-430x310.webp 430w, https:\/\/flameguard.ee\/wp-content\/uploads\/2025\/02\/nordlin_ehitus_flame-150x108.webp 150w\" sizes=\"(max-width: 500px) 100vw, 500px\" \/>\t\t\t\t\t\t\t\t\t\t\t\t\t<\/div>\n\t\t\t\t\t<\/div>\n\t\t\t\t\n\t\t\t\t<div class=\"info-box-content\">\n\t\t\t\t\t\n\t\t\t\t\t\n\t\t\t\t\t<div class=\"info-box-inner reset-last-child\"data-elementor-setting-key=\"content\"><p><strong>Objekt:<\/strong><br \/>Saku Gymnasium<\/p>\n<p><strong>Produkt:<\/strong><br \/>Brandgardiner<\/p>\n<p><strong>Upphandlande myndighet:<\/strong><br \/>Nordlin Ehitus<\/p>\n<\/div>\n\n\t\t\t\t\t\t\t\t\t\t\t<div class=\"info-btn-wrapper\">\n\t\t\t\t\t\t\t\t\t<div class=\"wd-button-wrapper text-left\" >\n\t\t\t<a class=\"btn btn-style-default btn-shape-rectangle btn-size-default btn-icon-pos-right\" >\n\t\t\t\t<span class=\"wd-btn-text\" data-elementor-setting-key=\"text\">\n\t\t\t\t\tL\u00e4s mer\t\t\t\t<\/span>\n\n\t\t\t\t\t\t\t<\/a>\n\t\t<\/div>\n\t\t\t\t\t\t\t\t<\/div>\n\t\t\t\t\t\t\t\t\t<\/div>\n\n\t\t\t\t\t\t\t<\/div>\n\t\t<\/div>\n\t\t\t\t\t\t\t\t\t\t\t\t\t\t\t\t\t\t\t\t\t\t\t\t<div class=\"info-box-wrapper wd-carousel-item\">\n\t\t\t<div class=\"wd-info-box text-left box-icon-align-left box-style-shadow color-scheme-  elementor-repeater-item-350621f wd-items-middle with-btn box-btn-static\">\n\t\t\t\t\t\t\t\t\t<div class=\"box-icon-wrapper  box-with-icon box-icon-simple\">\n\t\t\t\t\t\t<div class=\"info-box-icon\">\n\t\t\t\t\t\t\t\t\t\t\t\t\t\t\t<img decoding=\"async\" width=\"500\" height=\"360\" src=\"https:\/\/flameguard.ee\/wp-content\/uploads\/2025\/02\/projekt-2.webp\" class=\"attachment-full size-full\" alt=\"\" srcset=\"https:\/\/flameguard.ee\/wp-content\/uploads\/2025\/02\/projekt-2.webp 500w, https:\/\/flameguard.ee\/wp-content\/uploads\/2025\/02\/projekt-2-400x288.webp 400w, https:\/\/flameguard.ee\/wp-content\/uploads\/2025\/02\/projekt-2-430x310.webp 430w, https:\/\/flameguard.ee\/wp-content\/uploads\/2025\/02\/projekt-2-150x108.webp 150w\" sizes=\"(max-width: 500px) 100vw, 500px\" \/>\t\t\t\t\t\t\t\t\t\t\t\t\t<\/div>\n\t\t\t\t\t<\/div>\n\t\t\t\t\n\t\t\t\t<div class=\"info-box-content\">\n\t\t\t\t\t\n\t\t\t\t\t\n\t\t\t\t\t<div class=\"info-box-inner reset-last-child\"data-elementor-setting-key=\"content\"><p><strong>Objekt:<\/strong><br \/>Tallinns gamla stads hamn terminal D<\/p>\n<p><strong>Produkt:<\/strong><br \/>Brandgardiner, r\u00f6kgardiner<\/p>\n<p><strong>Upphandlande myndighet:<\/strong><br \/>Nordecon AS<\/p>\n<\/div>\n\n\t\t\t\t\t\t\t\t\t\t\t<div class=\"info-btn-wrapper\">\n\t\t\t\t\t\t\t\t\t<div class=\"wd-button-wrapper text-left\" >\n\t\t\t<a class=\"btn btn-style-default btn-shape-rectangle btn-size-default btn-icon-pos-right\" >\n\t\t\t\t<span class=\"wd-btn-text\" data-elementor-setting-key=\"text\">\n\t\t\t\t\tL\u00e4s mer\t\t\t\t<\/span>\n\n\t\t\t\t\t\t\t<\/a>\n\t\t<\/div>\n\t\t\t\t\t\t\t\t<\/div>\n\t\t\t\t\t\t\t\t\t<\/div>\n\n\t\t\t\t\t\t\t<\/div>\n\t\t<\/div>\n\t\t\t\t\t\t\t\t\t\t\t\t\t\t\t\t\t\t\t\t\t\t\t\t<div class=\"info-box-wrapper wd-carousel-item\">\n\t\t\t<div class=\"wd-info-box text-left box-icon-align-left box-style-shadow color-scheme-  elementor-repeater-item-aa51906 wd-items-middle with-btn box-btn-static\">\n\t\t\t\t\t\t\t\t\t<div class=\"box-icon-wrapper  box-with-icon box-icon-simple\">\n\t\t\t\t\t\t<div class=\"info-box-icon\">\n\t\t\t\t\t\t\t\t\t\t\t\t\t\t\t<img decoding=\"async\" width=\"500\" height=\"360\" src=\"https:\/\/flameguard.ee\/wp-content\/uploads\/2025\/02\/projekt-3.webp\" class=\"attachment-full size-full\" alt=\"\" srcset=\"https:\/\/flameguard.ee\/wp-content\/uploads\/2025\/02\/projekt-3.webp 500w, https:\/\/flameguard.ee\/wp-content\/uploads\/2025\/02\/projekt-3-400x288.webp 400w, https:\/\/flameguard.ee\/wp-content\/uploads\/2025\/02\/projekt-3-430x310.webp 430w, https:\/\/flameguard.ee\/wp-content\/uploads\/2025\/02\/projekt-3-150x108.webp 150w\" sizes=\"(max-width: 500px) 100vw, 500px\" \/>\t\t\t\t\t\t\t\t\t\t\t\t\t<\/div>\n\t\t\t\t\t<\/div>\n\t\t\t\t\n\t\t\t\t<div class=\"info-box-content\">\n\t\t\t\t\t\n\t\t\t\t\t\n\t\t\t\t\t<div class=\"info-box-inner reset-last-child\"data-elementor-setting-key=\"content\"><p><strong>Objekt:<\/strong><br \/>Taebla skola<\/p>\n<p><strong>Produkt:<\/strong><br \/>Brandgardiner<\/p>\n<p><strong>Upphandlande myndighet:<\/strong><br \/>Tesron Ehitus O\u00dc<\/p>\n<\/div>\n\n\t\t\t\t\t\t\t\t\t\t\t<div class=\"info-btn-wrapper\">\n\t\t\t\t\t\t\t\t\t<div class=\"wd-button-wrapper text-left\" >\n\t\t\t<a class=\"btn btn-style-default btn-shape-rectangle btn-size-default btn-icon-pos-right\" >\n\t\t\t\t<span class=\"wd-btn-text\" data-elementor-setting-key=\"text\">\n\t\t\t\t\tL\u00e4s mer\t\t\t\t<\/span>\n\n\t\t\t\t\t\t\t<\/a>\n\t\t<\/div>\n\t\t\t\t\t\t\t\t<\/div>\n\t\t\t\t\t\t\t\t\t<\/div>\n\n\t\t\t\t\t\t\t<\/div>\n\t\t<\/div>\n\t\t\t\t\t\t\t\t\t\t\t\t\t\t\t\t\t\t\t\t\t\t\t\t<div class=\"info-box-wrapper wd-carousel-item\">\n\t\t\t<div class=\"wd-info-box text-left box-icon-align-left box-style-shadow color-scheme-  elementor-repeater-item-09b4f72 wd-items-middle with-btn box-btn-static\">\n\t\t\t\t\t\t\t\t\t<div class=\"box-icon-wrapper  box-with-icon box-icon-simple\">\n\t\t\t\t\t\t<div class=\"info-box-icon\">\n\t\t\t\t\t\t\t\t\t\t\t\t\t\t\t<img loading=\"lazy\" decoding=\"async\" width=\"500\" height=\"360\" src=\"https:\/\/flameguard.ee\/wp-content\/uploads\/2025\/02\/projekt-4.webp\" class=\"attachment-full size-full\" alt=\"\" srcset=\"https:\/\/flameguard.ee\/wp-content\/uploads\/2025\/02\/projekt-4.webp 500w, https:\/\/flameguard.ee\/wp-content\/uploads\/2025\/02\/projekt-4-400x288.webp 400w, https:\/\/flameguard.ee\/wp-content\/uploads\/2025\/02\/projekt-4-430x310.webp 430w, https:\/\/flameguard.ee\/wp-content\/uploads\/2025\/02\/projekt-4-150x108.webp 150w\" sizes=\"(max-width: 500px) 100vw, 500px\" \/>\t\t\t\t\t\t\t\t\t\t\t\t\t<\/div>\n\t\t\t\t\t<\/div>\n\t\t\t\t\n\t\t\t\t<div class=\"info-box-content\">\n\t\t\t\t\t\n\t\t\t\t\t\n\t\t\t\t\t<div class=\"info-box-inner reset-last-child\"data-elementor-setting-key=\"content\"><p><strong>Objekt:<\/strong><br \/>Maarjam\u00f5isa parkeringshus<\/p>\n<p><strong>Produkt:<\/strong><br \/>Brandgardiner<\/p>\n<p><strong>Upphandlande myndighet:<\/strong><br \/>Nordecon betoon O\u00dc<\/p>\n<\/div>\n\n\t\t\t\t\t\t\t\t\t\t\t<div class=\"info-btn-wrapper\">\n\t\t\t\t\t\t\t\t\t<div class=\"wd-button-wrapper text-left\" >\n\t\t\t<a class=\"btn btn-style-default btn-shape-rectangle btn-size-default btn-icon-pos-right\" >\n\t\t\t\t<span class=\"wd-btn-text\" data-elementor-setting-key=\"text\">\n\t\t\t\t\tL\u00e4s mer\t\t\t\t<\/span>\n\n\t\t\t\t\t\t\t<\/a>\n\t\t<\/div>\n\t\t\t\t\t\t\t\t<\/div>\n\t\t\t\t\t\t\t\t\t<\/div>\n\n\t\t\t\t\t\t\t<\/div>\n\t\t<\/div>\n\t\t\t\t\t\t\t\t\t\t\t\t\t<\/div>\n\t\t\t\t<\/div>\n\n\t\t\t\t\t\t\t\t\t\t\t<div class=\"wd-nav-arrows wd-pos-sep wd-hover-1 wd-icon-1\">\n\t\t\t<div class=\"wd-btn-arrow wd-prev wd-disabled\">\n\t\t\t\t<div class=\"wd-arrow-inner\"><\/div>\n\t\t\t<\/div>\n\t\t\t<div class=\"wd-btn-arrow wd-next\">\n\t\t\t\t<div class=\"wd-arrow-inner\"><\/div>\n\t\t\t<\/div>\n\t\t<\/div>\n\t\t\t\t\t\t\t\t\t<\/div>\n\n\t\t\t\t\t<div class=\"wd-nav-pagin-wrap text-center wd-style-shape wd-hide-md-sm wd-hide-sm\">\n\t\t\t<ul class=\"wd-nav-pagin\"><\/ul>\n\t\t<\/div>\n\t\t\t\t\t\t\t<\/div>\n\t\t\t\t\t\t<\/div>\n\t\t\t\t<\/div>\n\t\t\t\t<\/div>\n\t\t\t\t\t<\/div>\n\t\t\t\t<\/div>\n\t\t\t\t<\/div>","protected":false},"excerpt":{"rendered":"<p>Om Flameguard \u2013 en p\u00e5litlig SHEQ-s\u00e4kerhetspartner i Norden och Baltikum. Flameguard \u00e4r en tj\u00e4nsteleverant\u00f6r inom omr\u00e5det civilskydd, arbetsmilj\u00f6 och brands\u00e4kerhet, milj\u00f6 och kvalitet (SHEQ)<\/p>","protected":false},"author":1,"featured_media":0,"parent":0,"menu_order":0,"comment_status":"closed","ping_status":"closed","template":"","meta":{"footnotes":""},"class_list":["post-4400","page","type-page","status-publish","hentry"],"_links":{"self":[{"href":"https:\/\/flameguard.ee\/sv\/wp-json\/wp\/v2\/pages\/4400","targetHints":{"allow":["GET"]}}],"collection":[{"href":"https:\/\/flameguard.ee\/sv\/wp-json\/wp\/v2\/pages"}],"about":[{"href":"https:\/\/flameguard.ee\/sv\/wp-json\/wp\/v2\/types\/page"}],"author":[{"embeddable":true,"href":"https:\/\/flameguard.ee\/sv\/wp-json\/wp\/v2\/users\/1"}],"replies":[{"embeddable":true,"href":"https:\/\/flameguard.ee\/sv\/wp-json\/wp\/v2\/comments?post=4400"}],"version-history":[{"count":182,"href":"https:\/\/flameguard.ee\/sv\/wp-json\/wp\/v2\/pages\/4400\/revisions"}],"predecessor-version":[{"id":19374,"href":"https:\/\/flameguard.ee\/sv\/wp-json\/wp\/v2\/pages\/4400\/revisions\/19374"}],"wp:attachment":[{"href":"https:\/\/flameguard.ee\/sv\/wp-json\/wp\/v2\/media?parent=4400"}],"curies":[{"name":"wp","href":"https:\/\/api.w.org\/{rel}","templated":true}]}}