{"id":45,"date":"2021-08-26T12:21:44","date_gmt":"2021-08-26T12:21:44","guid":{"rendered":"http:\/\/dummy.xtemos.com\/woodmart2\/elementor\/?page_id=45"},"modified":"2025-01-07T10:25:23","modified_gmt":"2025-01-07T08:25:23","slug":"vordle","status":"publish","type":"page","link":"https:\/\/flameguard.ee\/sv\/jamfora\/","title":{"rendered":"J\u00e4mf\u00f6ra"},"content":{"rendered":"<p class=\"wd-empty-compare wd-empty-page\">\n\t\t\tJ\u00e4mf\u00f6relselistan \u00e4r tom.\t\t<\/p>\n\t\t\t\t\t<div class=\"wd-empty-page-text\">\n\t\t\t\tInga produkter har lagts till i j\u00e4mf\u00f6relselistan. F\u00f6r att j\u00e4mf\u00f6ra dem m\u00e5ste du l\u00e4gga till n\u00e5gra produkter. P\u00e5 v\u00e5r \"Shop\"-sida hittar du m\u00e5nga intressanta produkter.\t\t\t<\/div>\n\t\t\t\t<p class=\"return-to-shop\">\n\t\t\t<a class=\"button\" href=\"https:\/\/flameguard.ee\/sv\/pood\/\">\n\t\t\t\tRetur till butik\t\t\t<\/a>\n\t\t<\/p>","protected":false},"excerpt":{"rendered":"","protected":false},"author":1,"featured_media":0,"parent":0,"menu_order":0,"comment_status":"closed","ping_status":"closed","template":"","meta":{"footnotes":""},"class_list":["post-45","page","type-page","status-publish","hentry"],"_links":{"self":[{"href":"https:\/\/flameguard.ee\/sv\/wp-json\/wp\/v2\/pages\/45","targetHints":{"allow":["GET"]}}],"collection":[{"href":"https:\/\/flameguard.ee\/sv\/wp-json\/wp\/v2\/pages"}],"about":[{"href":"https:\/\/flameguard.ee\/sv\/wp-json\/wp\/v2\/types\/page"}],"author":[{"embeddable":true,"href":"https:\/\/flameguard.ee\/sv\/wp-json\/wp\/v2\/users\/1"}],"replies":[{"embeddable":true,"href":"https:\/\/flameguard.ee\/sv\/wp-json\/wp\/v2\/comments?post=45"}],"version-history":[{"count":1,"href":"https:\/\/flameguard.ee\/sv\/wp-json\/wp\/v2\/pages\/45\/revisions"}],"predecessor-version":[{"id":15940,"href":"https:\/\/flameguard.ee\/sv\/wp-json\/wp\/v2\/pages\/45\/revisions\/15940"}],"wp:attachment":[{"href":"https:\/\/flameguard.ee\/sv\/wp-json\/wp\/v2\/media?parent=45"}],"curies":[{"name":"wp","href":"https:\/\/api.w.org\/{rel}","templated":true}]}}