{"id":16251,"date":"2025-01-28T15:22:11","date_gmt":"2025-01-28T13:22:11","guid":{"rendered":"http:\/\/flameguard.ee.dedi7782.your-server.de\/?post_type=product&#038;p=16251"},"modified":"2025-03-11T09:49:25","modified_gmt":"2025-03-11T07:49:25","slug":"tuletokke-akruul-intu-fr-mastic","status":"publish","type":"product","link":"https:\/\/flameguard.ee\/sv\/product\/brandsaker-akryl-intu-fr-mastik\/","title":{"rendered":"Brandh\u00e4mmande akryl \u2013 INTU FR MASTIC"},"content":{"rendered":"","protected":false},"excerpt":{"rendered":"<p><strong>INTU FR MASTIX<\/strong> \u00e4r en akrylmastik som \u00e4r utformad f\u00f6r att f\u00f6rhindra spridning av brand, r\u00f6k och gaser genom \u00f6ppningar i brands\u00e4kra v\u00e4ggar och golv. INTU FR MASTIC expanderar i h\u00e4ndelse av brand och st\u00e4nger t\u00e4tt \u00f6ppningar runt r\u00f6r eller kablar, vilket bildar en effektiv barri\u00e4r mot brand, r\u00f6k och gas. Mastiken fyller effektivt luckorna i monteringsh\u00e5len och s\u00e4kerst\u00e4ller integriteten och isoleringen av brandmotst\u00e5ndsklasserna EI 120 och EI 240 (detaljer i \u00f6verensst\u00e4mmelsedokument).<\/p>","protected":false},"featured_media":16261,"template":"","meta":[],"product_brand":[],"product_cat":[88],"product_tag":[],"class_list":{"0":"post-16251","1":"product","2":"type-product","3":"status-publish","4":"has-post-thumbnail","6":"product_cat-tuletokketooted","8":"first","9":"instock","10":"taxable","11":"shipping-taxable","12":"purchasable","13":"product-type-variable"},"_links":{"self":[{"href":"https:\/\/flameguard.ee\/sv\/wp-json\/wp\/v2\/product\/16251","targetHints":{"allow":["GET"]}}],"collection":[{"href":"https:\/\/flameguard.ee\/sv\/wp-json\/wp\/v2\/product"}],"about":[{"href":"https:\/\/flameguard.ee\/sv\/wp-json\/wp\/v2\/types\/product"}],"version-history":[{"count":3,"href":"https:\/\/flameguard.ee\/sv\/wp-json\/wp\/v2\/product\/16251\/revisions"}],"predecessor-version":[{"id":18653,"href":"https:\/\/flameguard.ee\/sv\/wp-json\/wp\/v2\/product\/16251\/revisions\/18653"}],"wp:featuredmedia":[{"embeddable":true,"href":"https:\/\/flameguard.ee\/sv\/wp-json\/wp\/v2\/media\/16261"}],"wp:attachment":[{"href":"https:\/\/flameguard.ee\/sv\/wp-json\/wp\/v2\/media?parent=16251"}],"wp:term":[{"taxonomy":"product_brand","embeddable":true,"href":"https:\/\/flameguard.ee\/sv\/wp-json\/wp\/v2\/product_brand?post=16251"},{"taxonomy":"product_cat","embeddable":true,"href":"https:\/\/flameguard.ee\/sv\/wp-json\/wp\/v2\/product_cat?post=16251"},{"taxonomy":"product_tag","embeddable":true,"href":"https:\/\/flameguard.ee\/sv\/wp-json\/wp\/v2\/product_tag?post=16251"}],"curies":[{"name":"wp","href":"https:\/\/api.w.org\/{rel}","templated":true}]}}