{"id":16269,"date":"2025-01-28T12:49:03","date_gmt":"2025-01-28T10:49:03","guid":{"rendered":"http:\/\/flameguard.ee.dedi7782.your-server.de\/?post_type=product&#038;p=16269"},"modified":"2025-03-11T12:49:11","modified_gmt":"2025-03-11T10:49:11","slug":"tuletokke-noor-intu-rope","status":"publish","type":"product","link":"https:\/\/flameguard.ee\/sv\/product\/brand-barriar-sladd-intu-rep\/","title":{"rendered":"Eldrep \u2013 INTU REP"},"content":{"rendered":"","protected":false},"excerpt":{"rendered":"<p><strong>NSU-REP<\/strong> \u00e4r en str\u00e4ng f\u00f6r t\u00e4tning av brandbest\u00e4ndiga linj\u00e4ra fogar av mineralull. INSU-ROE anv\u00e4nds f\u00f6r att skapa linj\u00e4ra t\u00e4tningar: i horisontella och vertikala fogar.<\/p>","protected":false},"featured_media":16286,"template":"","meta":[],"product_brand":[],"product_cat":[88],"product_tag":[],"class_list":{"0":"post-16269","1":"product","2":"type-product","3":"status-publish","4":"has-post-thumbnail","6":"product_cat-tuletokketooted","8":"first","9":"instock","10":"taxable","11":"shipping-taxable","12":"purchasable","13":"product-type-variable"},"_links":{"self":[{"href":"https:\/\/flameguard.ee\/sv\/wp-json\/wp\/v2\/product\/16269","targetHints":{"allow":["GET"]}}],"collection":[{"href":"https:\/\/flameguard.ee\/sv\/wp-json\/wp\/v2\/product"}],"about":[{"href":"https:\/\/flameguard.ee\/sv\/wp-json\/wp\/v2\/types\/product"}],"version-history":[{"count":3,"href":"https:\/\/flameguard.ee\/sv\/wp-json\/wp\/v2\/product\/16269\/revisions"}],"predecessor-version":[{"id":16567,"href":"https:\/\/flameguard.ee\/sv\/wp-json\/wp\/v2\/product\/16269\/revisions\/16567"}],"wp:featuredmedia":[{"embeddable":true,"href":"https:\/\/flameguard.ee\/sv\/wp-json\/wp\/v2\/media\/16286"}],"wp:attachment":[{"href":"https:\/\/flameguard.ee\/sv\/wp-json\/wp\/v2\/media?parent=16269"}],"wp:term":[{"taxonomy":"product_brand","embeddable":true,"href":"https:\/\/flameguard.ee\/sv\/wp-json\/wp\/v2\/product_brand?post=16269"},{"taxonomy":"product_cat","embeddable":true,"href":"https:\/\/flameguard.ee\/sv\/wp-json\/wp\/v2\/product_cat?post=16269"},{"taxonomy":"product_tag","embeddable":true,"href":"https:\/\/flameguard.ee\/sv\/wp-json\/wp\/v2\/product_tag?post=16269"}],"curies":[{"name":"wp","href":"https:\/\/api.w.org\/{rel}","templated":true}]}}