{"id":16292,"date":"2025-01-28T13:02:46","date_gmt":"2025-01-28T11:02:46","guid":{"rendered":"http:\/\/flameguard.ee.dedi7782.your-server.de\/?post_type=product&#038;p=16292"},"modified":"2025-03-11T12:48:42","modified_gmt":"2025-03-11T10:48:42","slug":"tuletokke-vuugitihend-intu-fr-ej-seal","status":"publish","type":"product","link":"https:\/\/flameguard.ee\/sv\/product\/brandsaker-fog-tatning-intu-fr-ej-tatning\/","title":{"rendered":"T\u00e4tningsmedel f\u00f6r brandfogar \u2013 INTU FR EJ SEAL"},"content":{"rendered":"","protected":false},"excerpt":{"rendered":"<p><strong>Flexibelt fogt\u00e4tningsmedel INTU FR EJ SEAL<\/strong> \u00e4r gjorda av obr\u00e4nnbart skum i olika tjocklekar med grafitbaserade expanderbara materialskikt emellan. I eldstaden expanderar materialet och bildar ett mellanrum fyllt med brandskyddsskum, som fyller fogen. Systemet \u00e4r mycket flexibelt, vilket g\u00f6r det idealiskt f\u00f6r anv\u00e4ndning i leder med h\u00f6ga deformationsniv\u00e5er.<\/p>\n<p><strong>INTU FR EJ SEAL funktioner:<\/strong><br \/>\nBrandskyddsklass upp till EI 120.<br \/>\nMontering i v\u00e4ggar och golv.<br \/>\nEnkel installation utan behov av specialverktyg.<br \/>\nH\u00f6g flexibilitet.<br \/>\nMotst\u00e5ndskraftig mot tuffa v\u00e4derf\u00f6rh\u00e5llanden.<\/p>","protected":false},"featured_media":16302,"template":"","meta":[],"product_brand":[],"product_cat":[88],"product_tag":[],"class_list":{"0":"post-16292","1":"product","2":"type-product","3":"status-publish","4":"has-post-thumbnail","6":"product_cat-tuletokketooted","8":"first","9":"instock","10":"taxable","11":"shipping-taxable","12":"purchasable","13":"product-type-variable"},"_links":{"self":[{"href":"https:\/\/flameguard.ee\/sv\/wp-json\/wp\/v2\/product\/16292","targetHints":{"allow":["GET"]}}],"collection":[{"href":"https:\/\/flameguard.ee\/sv\/wp-json\/wp\/v2\/product"}],"about":[{"href":"https:\/\/flameguard.ee\/sv\/wp-json\/wp\/v2\/types\/product"}],"version-history":[{"count":4,"href":"https:\/\/flameguard.ee\/sv\/wp-json\/wp\/v2\/product\/16292\/revisions"}],"predecessor-version":[{"id":16566,"href":"https:\/\/flameguard.ee\/sv\/wp-json\/wp\/v2\/product\/16292\/revisions\/16566"}],"wp:featuredmedia":[{"embeddable":true,"href":"https:\/\/flameguard.ee\/sv\/wp-json\/wp\/v2\/media\/16302"}],"wp:attachment":[{"href":"https:\/\/flameguard.ee\/sv\/wp-json\/wp\/v2\/media?parent=16292"}],"wp:term":[{"taxonomy":"product_brand","embeddable":true,"href":"https:\/\/flameguard.ee\/sv\/wp-json\/wp\/v2\/product_brand?post=16292"},{"taxonomy":"product_cat","embeddable":true,"href":"https:\/\/flameguard.ee\/sv\/wp-json\/wp\/v2\/product_cat?post=16292"},{"taxonomy":"product_tag","embeddable":true,"href":"https:\/\/flameguard.ee\/sv\/wp-json\/wp\/v2\/product_tag?post=16292"}],"curies":[{"name":"wp","href":"https:\/\/api.w.org\/{rel}","templated":true}]}}