{"id":16331,"date":"2025-01-28T13:38:56","date_gmt":"2025-01-28T11:38:56","guid":{"rendered":"http:\/\/flameguard.ee.dedi7782.your-server.de\/?post_type=product&#038;p=16331"},"modified":"2025-03-11T12:43:36","modified_gmt":"2025-03-11T10:43:36","slug":"tuletokkemansett-intu-fr-collar","status":"publish","type":"product","link":"https:\/\/flameguard.ee\/sv\/product\/brandhammande-manschett-intu-fr-krage\/","title":{"rendered":"Brand Manschett \u2013 INTU FR KRAGE"},"content":{"rendered":"","protected":false},"excerpt":{"rendered":"<p><strong>Brandh\u00e4mmande manschett INTU FR KRAGE<\/strong> Best\u00e5r av en flexibel inre del av grafitbaserat material och ett yttre skal av 1,0 mm tjock st\u00e5lpl\u00e5t, skyddad av ett rostbest\u00e4ndigt r\u00f6tt f\u00e4rgskikt. F\u00e4st vid st\u00e5lskalet \u00e4r en l\u00e5smekanism utformad f\u00f6r att s\u00e4kra \u00e4ndarna och stabilisera r\u00f6ret, samt monteringsf\u00e4sten som f\u00e4ster cirkeln p\u00e5 skottet. Ringarna ger en brandklass upp till maximalt EI 240.<\/p>","protected":false},"featured_media":16333,"template":"","meta":[],"product_brand":[],"product_cat":[88],"product_tag":[],"class_list":{"0":"post-16331","1":"product","2":"type-product","3":"status-publish","4":"has-post-thumbnail","6":"product_cat-tuletokketooted","8":"first","9":"instock","10":"taxable","11":"shipping-taxable","12":"purchasable","13":"product-type-variable"},"_links":{"self":[{"href":"https:\/\/flameguard.ee\/sv\/wp-json\/wp\/v2\/product\/16331","targetHints":{"allow":["GET"]}}],"collection":[{"href":"https:\/\/flameguard.ee\/sv\/wp-json\/wp\/v2\/product"}],"about":[{"href":"https:\/\/flameguard.ee\/sv\/wp-json\/wp\/v2\/types\/product"}],"version-history":[{"count":1,"href":"https:\/\/flameguard.ee\/sv\/wp-json\/wp\/v2\/product\/16331\/revisions"}],"predecessor-version":[{"id":16332,"href":"https:\/\/flameguard.ee\/sv\/wp-json\/wp\/v2\/product\/16331\/revisions\/16332"}],"wp:featuredmedia":[{"embeddable":true,"href":"https:\/\/flameguard.ee\/sv\/wp-json\/wp\/v2\/media\/16333"}],"wp:attachment":[{"href":"https:\/\/flameguard.ee\/sv\/wp-json\/wp\/v2\/media?parent=16331"}],"wp:term":[{"taxonomy":"product_brand","embeddable":true,"href":"https:\/\/flameguard.ee\/sv\/wp-json\/wp\/v2\/product_brand?post=16331"},{"taxonomy":"product_cat","embeddable":true,"href":"https:\/\/flameguard.ee\/sv\/wp-json\/wp\/v2\/product_cat?post=16331"},{"taxonomy":"product_tag","embeddable":true,"href":"https:\/\/flameguard.ee\/sv\/wp-json\/wp\/v2\/product_tag?post=16331"}],"curies":[{"name":"wp","href":"https:\/\/api.w.org\/{rel}","templated":true}]}}