{"id":16368,"date":"2025-01-28T13:59:02","date_gmt":"2025-01-28T11:59:02","guid":{"rendered":"http:\/\/flameguard.ee.dedi7782.your-server.de\/?post_type=product&#038;p=16368"},"modified":"2025-03-11T11:08:40","modified_gmt":"2025-03-11T09:08:40","slug":"tuletokkemahis-intu-fr-wrap","status":"publish","type":"product","link":"https:\/\/flameguard.ee\/sv\/product\/brandhammande-wrap-intu-fr-wrap\/","title":{"rendered":"Fire Wrap \u2013 INTU FR WRAP"},"content":{"rendered":"","protected":false},"excerpt":{"rendered":"<p><strong>Fire Wrap INTU FR WRAP<\/strong> \u00e4r gjorda av grafitbaserat material. Materialet expanderar under p\u00e5verkan av h\u00f6ga temperaturer (ca 140\u00b0C) och fyller hela utrymmet som skapas efter br\u00e4nningen av de brinnande installationerna.<\/p>\n<p>INTU FR WRAPS anv\u00e4nds f\u00f6r brandskydd f\u00f6r att skydda genomf\u00f6ringar av plastr\u00f6r (PVC, PP, PE, HDPE, PEX\/Al\/PEX, PE-RT\/Al\/PE-RT, PP-R\/Al\/PP-R, PP-R GLAS) i brands\u00e4kra skiljev\u00e4ggar.<\/p>\n<p><strong>INTU FR WRAP funktioner:<\/strong><br \/>\nF\u00f6r att skydda brinnande r\u00f6r.<br \/>\nBrandskydd i upp till 240 minuter.<br \/>\nFinns i storlekar fr\u00e5n 32 mm till 200 mm.<br \/>\nH\u00f6gt expansionsf\u00f6rh\u00e5llande.<br \/>\nIdealisk f\u00f6r installation i mycket tr\u00e5nga utrymmen.<\/p>","protected":false},"featured_media":16390,"template":"","meta":[],"product_brand":[],"product_cat":[88],"product_tag":[],"class_list":{"0":"post-16368","1":"product","2":"type-product","3":"status-publish","4":"has-post-thumbnail","6":"product_cat-tuletokketooted","8":"first","9":"instock","10":"taxable","11":"shipping-taxable","12":"purchasable","13":"product-type-variable"},"_links":{"self":[{"href":"https:\/\/flameguard.ee\/sv\/wp-json\/wp\/v2\/product\/16368","targetHints":{"allow":["GET"]}}],"collection":[{"href":"https:\/\/flameguard.ee\/sv\/wp-json\/wp\/v2\/product"}],"about":[{"href":"https:\/\/flameguard.ee\/sv\/wp-json\/wp\/v2\/types\/product"}],"version-history":[{"count":2,"href":"https:\/\/flameguard.ee\/sv\/wp-json\/wp\/v2\/product\/16368\/revisions"}],"predecessor-version":[{"id":16370,"href":"https:\/\/flameguard.ee\/sv\/wp-json\/wp\/v2\/product\/16368\/revisions\/16370"}],"wp:featuredmedia":[{"embeddable":true,"href":"https:\/\/flameguard.ee\/sv\/wp-json\/wp\/v2\/media\/16390"}],"wp:attachment":[{"href":"https:\/\/flameguard.ee\/sv\/wp-json\/wp\/v2\/media?parent=16368"}],"wp:term":[{"taxonomy":"product_brand","embeddable":true,"href":"https:\/\/flameguard.ee\/sv\/wp-json\/wp\/v2\/product_brand?post=16368"},{"taxonomy":"product_cat","embeddable":true,"href":"https:\/\/flameguard.ee\/sv\/wp-json\/wp\/v2\/product_cat?post=16368"},{"taxonomy":"product_tag","embeddable":true,"href":"https:\/\/flameguard.ee\/sv\/wp-json\/wp\/v2\/product_tag?post=16368"}],"curies":[{"name":"wp","href":"https:\/\/api.w.org\/{rel}","templated":true}]}}