{"id":16402,"date":"2025-01-28T14:16:34","date_gmt":"2025-01-28T12:16:34","guid":{"rendered":"http:\/\/flameguard.ee.dedi7782.your-server.de\/?post_type=product&#038;p=16402"},"modified":"2025-03-11T10:37:40","modified_gmt":"2025-03-11T08:37:40","slug":"tuletokke-paisuvvarv-intu-fr-coat-i","status":"publish","type":"product","link":"https:\/\/flameguard.ee\/sv\/product\/brandhammande-svallande-farg-intu-fr-kappa-i\/","title":{"rendered":"Brandh\u00e4mmande expansionsf\u00e4rg \u2013 INTU FR COAT I"},"content":{"rendered":"","protected":false},"excerpt":{"rendered":"<p><strong>INTU FR KAPPA I<\/strong> \u00e4r en enkomponents expansionsf\u00e4rg avsedd f\u00f6r t\u00e4tning av brandskyddsgenomf\u00f6ringar vid obr\u00e4nnbara r\u00f6r. Bel\u00e4ggningen som g\u00f6rs med denna f\u00e4rg expanderar under p\u00e5verkan av temperatur, vilket skapar ett skyddande skikt p\u00e5 ytan som ska skyddas.<br \/>\nF\u00e4rgen skyddar systemkomponenterna genom genomtr\u00e4ngning, vilket s\u00e4kerst\u00e4ller brandmotst\u00e5nd upp till EI 240-klassen.<\/p>","protected":false},"featured_media":16406,"template":"","meta":[],"product_brand":[],"product_cat":[88],"product_tag":[],"class_list":{"0":"post-16402","1":"product","2":"type-product","3":"status-publish","4":"has-post-thumbnail","6":"product_cat-tuletokketooted","8":"first","9":"instock","10":"taxable","11":"shipping-taxable","12":"purchasable","13":"product-type-variable"},"_links":{"self":[{"href":"https:\/\/flameguard.ee\/sv\/wp-json\/wp\/v2\/product\/16402","targetHints":{"allow":["GET"]}}],"collection":[{"href":"https:\/\/flameguard.ee\/sv\/wp-json\/wp\/v2\/product"}],"about":[{"href":"https:\/\/flameguard.ee\/sv\/wp-json\/wp\/v2\/types\/product"}],"version-history":[{"count":1,"href":"https:\/\/flameguard.ee\/sv\/wp-json\/wp\/v2\/product\/16402\/revisions"}],"predecessor-version":[{"id":16405,"href":"https:\/\/flameguard.ee\/sv\/wp-json\/wp\/v2\/product\/16402\/revisions\/16405"}],"wp:featuredmedia":[{"embeddable":true,"href":"https:\/\/flameguard.ee\/sv\/wp-json\/wp\/v2\/media\/16406"}],"wp:attachment":[{"href":"https:\/\/flameguard.ee\/sv\/wp-json\/wp\/v2\/media?parent=16402"}],"wp:term":[{"taxonomy":"product_brand","embeddable":true,"href":"https:\/\/flameguard.ee\/sv\/wp-json\/wp\/v2\/product_brand?post=16402"},{"taxonomy":"product_cat","embeddable":true,"href":"https:\/\/flameguard.ee\/sv\/wp-json\/wp\/v2\/product_cat?post=16402"},{"taxonomy":"product_tag","embeddable":true,"href":"https:\/\/flameguard.ee\/sv\/wp-json\/wp\/v2\/product_tag?post=16402"}],"curies":[{"name":"wp","href":"https:\/\/api.w.org\/{rel}","templated":true}]}}