{"id":16410,"date":"2025-01-28T14:26:53","date_gmt":"2025-01-28T12:26:53","guid":{"rendered":"http:\/\/flameguard.ee.dedi7782.your-server.de\/?post_type=product&#038;p=16410"},"modified":"2025-03-11T10:35:57","modified_gmt":"2025-03-11T08:35:57","slug":"tuletokkeplokk-intu-fr-brick","status":"publish","type":"product","link":"https:\/\/flameguard.ee\/sv\/product\/brand-block-intu-fr-tegel\/","title":{"rendered":"Eldblock \u2013 INTU FR BRICK"},"content":{"rendered":"","protected":false},"excerpt":{"rendered":"<p><strong>Bruksanvisning INTU FR BRICK<\/strong> \u00e4r tillverkad av sv\u00e4llande polyuretanskummaterial med halogenfria brands\u00e4kerhetstillsatser. Sv\u00e4llande skum st\u00e4nger h\u00e5let under en brand och f\u00f6rhindrar spridning av eld och r\u00f6k.<\/p>\n<p><strong>INTU FR BRICK funktioner:<\/strong><br \/>\nBrandskyddsklass upp till EI 120.<br \/>\nT\u00e4tning av kombinerade genomf\u00f6ringar.<br \/>\nF\u00f6r t\u00e4tning av medelstora och stora brandskyddsgenomf\u00f6ringar.<br \/>\nT\u00e4tning f\u00f6r genomf\u00f6ringar d\u00e4r installationerna \u00e4ndras ofta.<br \/>\nF\u00f6r anv\u00e4ndning i v\u00e4ggar och golv.<\/p>","protected":false},"featured_media":16412,"template":"","meta":[],"product_brand":[],"product_cat":[88],"product_tag":[],"class_list":{"0":"post-16410","1":"product","2":"type-product","3":"status-publish","4":"has-post-thumbnail","6":"product_cat-tuletokketooted","8":"first","9":"instock","10":"taxable","11":"shipping-taxable","12":"purchasable","13":"product-type-simple"},"_links":{"self":[{"href":"https:\/\/flameguard.ee\/sv\/wp-json\/wp\/v2\/product\/16410","targetHints":{"allow":["GET"]}}],"collection":[{"href":"https:\/\/flameguard.ee\/sv\/wp-json\/wp\/v2\/product"}],"about":[{"href":"https:\/\/flameguard.ee\/sv\/wp-json\/wp\/v2\/types\/product"}],"version-history":[{"count":1,"href":"https:\/\/flameguard.ee\/sv\/wp-json\/wp\/v2\/product\/16410\/revisions"}],"predecessor-version":[{"id":16411,"href":"https:\/\/flameguard.ee\/sv\/wp-json\/wp\/v2\/product\/16410\/revisions\/16411"}],"wp:featuredmedia":[{"embeddable":true,"href":"https:\/\/flameguard.ee\/sv\/wp-json\/wp\/v2\/media\/16412"}],"wp:attachment":[{"href":"https:\/\/flameguard.ee\/sv\/wp-json\/wp\/v2\/media?parent=16410"}],"wp:term":[{"taxonomy":"product_brand","embeddable":true,"href":"https:\/\/flameguard.ee\/sv\/wp-json\/wp\/v2\/product_brand?post=16410"},{"taxonomy":"product_cat","embeddable":true,"href":"https:\/\/flameguard.ee\/sv\/wp-json\/wp\/v2\/product_cat?post=16410"},{"taxonomy":"product_tag","embeddable":true,"href":"https:\/\/flameguard.ee\/sv\/wp-json\/wp\/v2\/product_tag?post=16410"}],"curies":[{"name":"wp","href":"https:\/\/api.w.org\/{rel}","templated":true}]}}