{"id":16418,"date":"2025-01-28T14:32:12","date_gmt":"2025-01-28T12:32:12","guid":{"rendered":"http:\/\/flameguard.ee.dedi7782.your-server.de\/?post_type=product&#038;p=16418"},"modified":"2025-03-11T10:31:36","modified_gmt":"2025-03-11T08:31:36","slug":"tuletokkevaht-intu-fr-foam-2k","status":"publish","type":"product","link":"https:\/\/flameguard.ee\/sv\/product\/brandhammande-skum-intu-fr-skum-2k\/","title":{"rendered":"Brandskum \u2013 INTU FR FOAM 2K"},"content":{"rendered":"<p>Produkten uppfyller de tekniska kraven och ger ett effektivt skydd under en m\u00e4ngd olika f\u00f6rh\u00e5llanden och situationer.<\/p>\n<p><a style=\"color: #fe312e;\" href=\"\/wp-content\/uploads\/2025\/02\/INTU_FR_FOAM_2K_TDS_EN_KO_MP_1.0.pdf\"><img decoding=\"async\" src=\"\/wp-content\/uploads\/2025\/02\/pdf-icon.webp\" \/> Produktkort<\/a><\/p>\n<p><a style=\"color: #fe312e;\" href=\"\/wp-content\/uploads\/2025\/02\/DoPZZ330-20180701-FOAM-2K.pdf\"><img decoding=\"async\" src=\"\/wp-content\/uploads\/2025\/02\/pdf-icon.webp\" \/> F\u00f6rs\u00e4kran om \u00f6verensst\u00e4mmelse<\/a><\/p>","protected":false},"excerpt":{"rendered":"<p><strong>INTU FR SKUM 2K<\/strong> \u00e4r ett sv\u00e4llande brandskyddsskum tillverkat av polyuretan, med tillsatser som ger brandskydd. Den anv\u00e4nds f\u00f6r brands\u00e4ker t\u00e4tning av \u00f6ppningar runt kabelb\u00e4rarsk\u00e5p, kabelbuntar, br\u00e4nnbara och obr\u00e4nnbara r\u00f6r. Efter applicering reagerar den och \u00f6kar dess volym. I h\u00e4ndelse av brand f\u00f6rhindrar tv\u00e5komponentsskummet spridning av eld och r\u00f6k i de brands\u00e4kra skiljev\u00e4ggarna.<\/p>\n<p><strong>INTU FR FOAM 2K funktioner:<\/strong><br \/>\nBrandskyddsklass upp till EI 120.<br \/>\nSnabb installation och t\u00e4tning i sv\u00e5r\u00e5tkomliga genomf\u00f6ringar.<br \/>\nInstallation p\u00e5 endast en sida \u00e4r m\u00f6jlig.<br \/>\nMycket effektiv bearbetning.<br \/>\nUtm\u00e4rkt vidh\u00e4ftning till ytan.<br \/>\nKombinerad f\u00f6r t\u00e4tning av genomf\u00f6ringar, kabelstegar, kabelbuntar.<br \/>\nF\u00f6r anv\u00e4ndning p\u00e5 plast-, aluminiumkomposit- och metallr\u00f6r.<br \/>\nF\u00f6r anv\u00e4ndning i v\u00e4ggar och golv.<\/p>","protected":false},"featured_media":16420,"template":"","meta":[],"product_brand":[],"product_cat":[88],"product_tag":[],"class_list":{"0":"post-16418","1":"product","2":"type-product","3":"status-publish","4":"has-post-thumbnail","6":"product_cat-tuletokketooted","8":"first","9":"instock","10":"taxable","11":"shipping-taxable","12":"purchasable","13":"product-type-simple"},"_links":{"self":[{"href":"https:\/\/flameguard.ee\/sv\/wp-json\/wp\/v2\/product\/16418","targetHints":{"allow":["GET"]}}],"collection":[{"href":"https:\/\/flameguard.ee\/sv\/wp-json\/wp\/v2\/product"}],"about":[{"href":"https:\/\/flameguard.ee\/sv\/wp-json\/wp\/v2\/types\/product"}],"version-history":[{"count":6,"href":"https:\/\/flameguard.ee\/sv\/wp-json\/wp\/v2\/product\/16418\/revisions"}],"predecessor-version":[{"id":18658,"href":"https:\/\/flameguard.ee\/sv\/wp-json\/wp\/v2\/product\/16418\/revisions\/18658"}],"wp:featuredmedia":[{"embeddable":true,"href":"https:\/\/flameguard.ee\/sv\/wp-json\/wp\/v2\/media\/16420"}],"wp:attachment":[{"href":"https:\/\/flameguard.ee\/sv\/wp-json\/wp\/v2\/media?parent=16418"}],"wp:term":[{"taxonomy":"product_brand","embeddable":true,"href":"https:\/\/flameguard.ee\/sv\/wp-json\/wp\/v2\/product_brand?post=16418"},{"taxonomy":"product_cat","embeddable":true,"href":"https:\/\/flameguard.ee\/sv\/wp-json\/wp\/v2\/product_cat?post=16418"},{"taxonomy":"product_tag","embeddable":true,"href":"https:\/\/flameguard.ee\/sv\/wp-json\/wp\/v2\/product_tag?post=16418"}],"curies":[{"name":"wp","href":"https:\/\/api.w.org\/{rel}","templated":true}]}}