{"id":16425,"date":"2025-01-28T14:46:19","date_gmt":"2025-01-28T12:46:19","guid":{"rendered":"http:\/\/flameguard.ee.dedi7782.your-server.de\/?post_type=product&#038;p=16425"},"modified":"2026-04-09T08:45:27","modified_gmt":"2026-04-09T05:45:27","slug":"tuletokkeplaat-intu-fr-board-a","status":"publish","type":"product","link":"https:\/\/flameguard.ee\/sv\/product\/brandhammande-brada-intu-fr-board-a\/","title":{"rendered":"Brandh\u00e4mmande skiva \u2013 INTU FR BOARD A"},"content":{"rendered":"","protected":false},"excerpt":{"rendered":"<p><strong>Tulet\u00f5kkeplaat INTU FR BOARD A<\/strong> Produktpaketet best\u00e5r av en mineralullskiva med en densitet p\u00e5 150 kg\/m\u00b3 och en tjocklek p\u00e5 60 mm, belagd p\u00e5 ena sidan med ablativf\u00e4rgen INTU FR COAT A. Produktpaketet \u00e4r utformat f\u00f6r t\u00e4tning av brandskyddsgenomf\u00f6ringar och f\u00f6rberedelse av brandexpansionsfogar till brandmotst\u00e5ndsklass EI 240. Endoterma reaktioner \u00e4ger rum i produkten i elden och under p\u00e5verkan av h\u00f6ga temperaturer. F\u00e4rgen absorberar v\u00e4rme, vilket avsev\u00e4rt bromsar effekten av brand p\u00e5 strukturella element.<\/p>","protected":false},"featured_media":16430,"template":"","meta":[],"product_brand":[],"product_cat":[88],"product_tag":[],"class_list":{"0":"post-16425","1":"product","2":"type-product","3":"status-publish","4":"has-post-thumbnail","6":"product_cat-tuletokketooted","8":"first","9":"instock","10":"taxable","11":"shipping-taxable","12":"purchasable","13":"product-type-variable"},"_links":{"self":[{"href":"https:\/\/flameguard.ee\/sv\/wp-json\/wp\/v2\/product\/16425","targetHints":{"allow":["GET"]}}],"collection":[{"href":"https:\/\/flameguard.ee\/sv\/wp-json\/wp\/v2\/product"}],"about":[{"href":"https:\/\/flameguard.ee\/sv\/wp-json\/wp\/v2\/types\/product"}],"version-history":[{"count":1,"href":"https:\/\/flameguard.ee\/sv\/wp-json\/wp\/v2\/product\/16425\/revisions"}],"predecessor-version":[{"id":16426,"href":"https:\/\/flameguard.ee\/sv\/wp-json\/wp\/v2\/product\/16425\/revisions\/16426"}],"wp:featuredmedia":[{"embeddable":true,"href":"https:\/\/flameguard.ee\/sv\/wp-json\/wp\/v2\/media\/16430"}],"wp:attachment":[{"href":"https:\/\/flameguard.ee\/sv\/wp-json\/wp\/v2\/media?parent=16425"}],"wp:term":[{"taxonomy":"product_brand","embeddable":true,"href":"https:\/\/flameguard.ee\/sv\/wp-json\/wp\/v2\/product_brand?post=16425"},{"taxonomy":"product_cat","embeddable":true,"href":"https:\/\/flameguard.ee\/sv\/wp-json\/wp\/v2\/product_cat?post=16425"},{"taxonomy":"product_tag","embeddable":true,"href":"https:\/\/flameguard.ee\/sv\/wp-json\/wp\/v2\/product_tag?post=16425"}],"curies":[{"name":"wp","href":"https:\/\/api.w.org\/{rel}","templated":true}]}}