{"id":16434,"date":"2025-01-28T14:54:01","date_gmt":"2025-01-28T12:54:01","guid":{"rendered":"http:\/\/flameguard.ee.dedi7782.your-server.de\/?post_type=product&#038;p=16434"},"modified":"2025-03-11T10:20:04","modified_gmt":"2025-03-11T08:20:04","slug":"tuletokkesusteem-intu-fr-unicoat-p","status":"publish","type":"product","link":"https:\/\/flameguard.ee\/sv\/product\/brandhammande-system-intu-fr-unicoat-p\/","title":{"rendered":"Brandskyddssystem \u2013 INTU FR UNICOAT P"},"content":{"rendered":"","protected":false},"excerpt":{"rendered":"<p><strong>Brandskyddssystem INTU FR UNICOAT<\/strong> Best\u00e5r av brandh\u00e4mmande f\u00e4rg (INTU, FR, UNICOAT P) och mineralull. Den \u00e4r utformad f\u00f6r att skydda obr\u00e4nnbara r\u00f6r, kablar och fiberoptiska genomf\u00f6ringar. F\u00e4rgen bildar en bel\u00e4ggning p\u00e5 ytan, som expanderar under p\u00e5verkan av h\u00f6ga temperaturer och bildar en skyddande barri\u00e4r p\u00e5 ytan av mineralullsskivan, som m\u00e5ste t\u00e4tas. Bel\u00e4ggningen skyddar serviceinstallationer som passerar genom skiljev\u00e4ggen upp till brandmotst\u00e5ndsklass EI 120 (mer information finns i dokument om \u00f6verensst\u00e4mmelse).<\/p>","protected":false},"featured_media":16438,"template":"","meta":[],"product_brand":[],"product_cat":[88],"product_tag":[],"class_list":{"0":"post-16434","1":"product","2":"type-product","3":"status-publish","4":"has-post-thumbnail","6":"product_cat-tuletokketooted","8":"first","9":"instock","10":"taxable","11":"shipping-taxable","12":"purchasable","13":"product-type-variable"},"_links":{"self":[{"href":"https:\/\/flameguard.ee\/sv\/wp-json\/wp\/v2\/product\/16434","targetHints":{"allow":["GET"]}}],"collection":[{"href":"https:\/\/flameguard.ee\/sv\/wp-json\/wp\/v2\/product"}],"about":[{"href":"https:\/\/flameguard.ee\/sv\/wp-json\/wp\/v2\/types\/product"}],"version-history":[{"count":1,"href":"https:\/\/flameguard.ee\/sv\/wp-json\/wp\/v2\/product\/16434\/revisions"}],"predecessor-version":[{"id":16437,"href":"https:\/\/flameguard.ee\/sv\/wp-json\/wp\/v2\/product\/16434\/revisions\/16437"}],"wp:featuredmedia":[{"embeddable":true,"href":"https:\/\/flameguard.ee\/sv\/wp-json\/wp\/v2\/media\/16438"}],"wp:attachment":[{"href":"https:\/\/flameguard.ee\/sv\/wp-json\/wp\/v2\/media?parent=16434"}],"wp:term":[{"taxonomy":"product_brand","embeddable":true,"href":"https:\/\/flameguard.ee\/sv\/wp-json\/wp\/v2\/product_brand?post=16434"},{"taxonomy":"product_cat","embeddable":true,"href":"https:\/\/flameguard.ee\/sv\/wp-json\/wp\/v2\/product_cat?post=16434"},{"taxonomy":"product_tag","embeddable":true,"href":"https:\/\/flameguard.ee\/sv\/wp-json\/wp\/v2\/product_tag?post=16434"}],"curies":[{"name":"wp","href":"https:\/\/api.w.org\/{rel}","templated":true}]}}