{"id":16444,"date":"2025-01-28T15:02:17","date_gmt":"2025-01-28T13:02:17","guid":{"rendered":"http:\/\/flameguard.ee.dedi7782.your-server.de\/?post_type=product&#038;p=16444"},"modified":"2026-04-09T08:38:16","modified_gmt":"2026-04-09T05:38:16","slug":"tuletokkevarv-intu-fr-coat-a","status":"publish","type":"product","link":"https:\/\/flameguard.ee\/sv\/product\/brandsaker-stang-intu-fr-rock-a\/","title":{"rendered":"Brandbest\u00e4ndig bel\u00e4ggning \u2013 INTU FR BEL\u00c4GGNING A"},"content":{"rendered":"","protected":false},"excerpt":{"rendered":"<p><strong>NTU FR KAPPA A<\/strong> \u00e4r en enkomponents brandh\u00e4mmande f\u00e4rg avsedd f\u00f6r t\u00e4tning av brandh\u00e4mmande genomf\u00f6ringar och expansionsfogar med en brandmotst\u00e5ndsklass upp till EI 240. I eldstaden och under p\u00e5verkan av h\u00f6ga temperaturer sker en endoterm reaktion i produkten. F\u00e4rg absorberar v\u00e4rme i stor utstr\u00e4ckning, vilket bromsar effekten av brand p\u00e5 strukturella element. Produkten anv\u00e4nds i kombination med en mineralullskiva med en densitet p\u00e5 minst 150 kg\/m\u00b3 och en minsta tjocklek p\u00e5 60 mm f\u00f6r t\u00e4tning av genomf\u00f6ringar och en densitet p\u00e5 minst 50 kg\/m\u00b3 f\u00f6r t\u00e4tning av linj\u00e4ra fogar. F\u00e4rdiga\/tillverkade INTU FR BOARD A Brandskyddspaneler finns ocks\u00e5 tillg\u00e4ngliga.<\/p>","protected":false},"featured_media":16451,"template":"","meta":[],"product_brand":[],"product_cat":[88],"product_tag":[],"class_list":{"0":"post-16444","1":"product","2":"type-product","3":"status-publish","4":"has-post-thumbnail","6":"product_cat-tuletokketooted","8":"first","9":"instock","10":"taxable","11":"shipping-taxable","12":"purchasable","13":"product-type-variable"},"_links":{"self":[{"href":"https:\/\/flameguard.ee\/sv\/wp-json\/wp\/v2\/product\/16444","targetHints":{"allow":["GET"]}}],"collection":[{"href":"https:\/\/flameguard.ee\/sv\/wp-json\/wp\/v2\/product"}],"about":[{"href":"https:\/\/flameguard.ee\/sv\/wp-json\/wp\/v2\/types\/product"}],"version-history":[{"count":2,"href":"https:\/\/flameguard.ee\/sv\/wp-json\/wp\/v2\/product\/16444\/revisions"}],"predecessor-version":[{"id":19641,"href":"https:\/\/flameguard.ee\/sv\/wp-json\/wp\/v2\/product\/16444\/revisions\/19641"}],"wp:featuredmedia":[{"embeddable":true,"href":"https:\/\/flameguard.ee\/sv\/wp-json\/wp\/v2\/media\/16451"}],"wp:attachment":[{"href":"https:\/\/flameguard.ee\/sv\/wp-json\/wp\/v2\/media?parent=16444"}],"wp:term":[{"taxonomy":"product_brand","embeddable":true,"href":"https:\/\/flameguard.ee\/sv\/wp-json\/wp\/v2\/product_brand?post=16444"},{"taxonomy":"product_cat","embeddable":true,"href":"https:\/\/flameguard.ee\/sv\/wp-json\/wp\/v2\/product_cat?post=16444"},{"taxonomy":"product_tag","embeddable":true,"href":"https:\/\/flameguard.ee\/sv\/wp-json\/wp\/v2\/product_tag?post=16444"}],"curies":[{"name":"wp","href":"https:\/\/api.w.org\/{rel}","templated":true}]}}