{"id":16457,"date":"2025-01-28T15:09:20","date_gmt":"2025-01-28T13:09:20","guid":{"rendered":"http:\/\/flameguard.ee.dedi7782.your-server.de\/?post_type=product&#038;p=16457"},"modified":"2025-03-11T09:50:47","modified_gmt":"2025-03-11T07:50:47","slug":"paisuv-tuletokkemastiks-intu-fr-graphite","status":"publish","type":"product","link":"https:\/\/flameguard.ee\/sv\/product\/expanderande-brand-mastix-intu-fr-grafit\/","title":{"rendered":"Expanderande eldmastik \u2013 INTU FR GRAPHITE"},"content":{"rendered":"","protected":false},"excerpt":{"rendered":"<p><strong>INTU FR GRAFIT<\/strong> \u00e4r en grafitbaserad isolerande och expanderande massa avsedd f\u00f6r brands\u00e4ker t\u00e4tning av br\u00e4nnbara r\u00f6r och sm\u00e5 och medelstora \u00f6ppningar. Den anv\u00e4nds f\u00f6r att t\u00e4ta f\u00f6ljande genomf\u00f6ringar: elektriska kablar, koaxialkablar, fiberoptiska kablar och kopparr\u00f6rsbuntar f\u00f6r luftkonditioneringsapparater. Blandningen fyller effektivt luckorna runt service\u00f6ppningarna, vilket s\u00e4kerst\u00e4ller att skottet bibeh\u00e5ller integriteten och isoleringen av brandmotst\u00e5ndsklassen upp till EI120 (detaljerna \u00f6verensst\u00e4mmer med referensdokumenten). Vid h\u00f6ga temperaturer (cirka 140 \u00b0C) expanderar massan och st\u00e4nger \u00f6ppningen, vilket f\u00f6rhindrar att elden sprider sig.<\/p>","protected":false},"featured_media":16461,"template":"","meta":[],"product_brand":[],"product_cat":[88],"product_tag":[],"class_list":{"0":"post-16457","1":"product","2":"type-product","3":"status-publish","4":"has-post-thumbnail","6":"product_cat-tuletokketooted","8":"first","9":"instock","10":"taxable","11":"shipping-taxable","12":"purchasable","13":"product-type-simple"},"_links":{"self":[{"href":"https:\/\/flameguard.ee\/sv\/wp-json\/wp\/v2\/product\/16457","targetHints":{"allow":["GET"]}}],"collection":[{"href":"https:\/\/flameguard.ee\/sv\/wp-json\/wp\/v2\/product"}],"about":[{"href":"https:\/\/flameguard.ee\/sv\/wp-json\/wp\/v2\/types\/product"}],"version-history":[{"count":2,"href":"https:\/\/flameguard.ee\/sv\/wp-json\/wp\/v2\/product\/16457\/revisions"}],"predecessor-version":[{"id":18656,"href":"https:\/\/flameguard.ee\/sv\/wp-json\/wp\/v2\/product\/16457\/revisions\/18656"}],"wp:featuredmedia":[{"embeddable":true,"href":"https:\/\/flameguard.ee\/sv\/wp-json\/wp\/v2\/media\/16461"}],"wp:attachment":[{"href":"https:\/\/flameguard.ee\/sv\/wp-json\/wp\/v2\/media?parent=16457"}],"wp:term":[{"taxonomy":"product_brand","embeddable":true,"href":"https:\/\/flameguard.ee\/sv\/wp-json\/wp\/v2\/product_brand?post=16457"},{"taxonomy":"product_cat","embeddable":true,"href":"https:\/\/flameguard.ee\/sv\/wp-json\/wp\/v2\/product_cat?post=16457"},{"taxonomy":"product_tag","embeddable":true,"href":"https:\/\/flameguard.ee\/sv\/wp-json\/wp\/v2\/product_tag?post=16457"}],"curies":[{"name":"wp","href":"https:\/\/api.w.org\/{rel}","templated":true}]}}