{"id":16646,"date":"2025-02-04T13:30:40","date_gmt":"2025-02-04T11:30:40","guid":{"rendered":"http:\/\/flameguard.ee.dedi7782.your-server.de\/?post_type=product&#038;p=16646"},"modified":"2025-03-07T14:57:45","modified_gmt":"2025-03-07T12:57:45","slug":"tuleohutuse-eest-vastutava-isiku-koolitus","status":"publish","type":"product","link":"https:\/\/flameguard.ee\/sv\/product\/brand-sakerhet-personutbildning\/","title":{"rendered":"Utbildning av brandansvariga"},"content":{"rendered":"<p><b><span data-contrast=\"auto\">Huvudsakliga \u00e4mnen som behandlas:<\/span><\/b><span data-ccp-props=\"{&quot;201341983&quot;:0,&quot;335559739&quot;:0,&quot;335559740&quot;:240}\">\u00a0<\/span><\/p>\n<ul>\n<li data-leveltext=\"\uf0b7\" data-font=\"Symbol\" data-listid=\"3\" data-list-defn-props=\"{&quot;335552541&quot;:1,&quot;335559685&quot;:720,&quot;335559991&quot;:360,&quot;469769226&quot;:&quot;Symbol&quot;,&quot;469769242&quot;:[8226],&quot;469777803&quot;:&quot;left&quot;,&quot;469777804&quot;:&quot;\uf0b7&quot;,&quot;469777815&quot;:&quot;hybridMultilevel&quot;}\" aria-setsize=\"-1\" data-aria-posinset=\"1\" data-aria-level=\"1\"><span data-contrast=\"auto\">F\u00f6rebyggande av br\u00e4nder (orsaker till br\u00e4nder, fastst\u00e4llande av regler f\u00f6r f\u00f6rebyggande av br\u00e4nder);<\/span><span data-ccp-props=\"{&quot;201341983&quot;:0,&quot;335559739&quot;:0,&quot;335559740&quot;:240}\">\u00a0<\/span><\/li>\n<\/ul>\n<ul>\n<li data-leveltext=\"\uf0b7\" data-font=\"Symbol\" data-listid=\"3\" data-list-defn-props=\"{&quot;335552541&quot;:1,&quot;335559685&quot;:720,&quot;335559991&quot;:360,&quot;469769226&quot;:&quot;Symbol&quot;,&quot;469769242&quot;:[8226],&quot;469777803&quot;:&quot;left&quot;,&quot;469777804&quot;:&quot;\uf0b7&quot;,&quot;469777815&quot;:&quot;hybridMultilevel&quot;}\" aria-setsize=\"-1\" data-aria-posinset=\"2\" data-aria-level=\"1\"><span data-contrast=\"auto\">Agera i h\u00e4ndelse av brand (ansvar, obligatoriska aktiviteter, personalens medvetenhet, utbildning och \u00f6vningar).<\/span><span data-ccp-props=\"{&quot;201341983&quot;:0,&quot;335559739&quot;:0,&quot;335559740&quot;:240}\">\u00a0<\/span><\/li>\n<\/ul>\n<ul>\n<li data-leveltext=\"\uf0b7\" data-font=\"Symbol\" data-listid=\"3\" data-list-defn-props=\"{&quot;335552541&quot;:1,&quot;335559685&quot;:720,&quot;335559991&quot;:360,&quot;469769226&quot;:&quot;Symbol&quot;,&quot;469769242&quot;:[8226],&quot;469777803&quot;:&quot;left&quot;,&quot;469777804&quot;:&quot;\uf0b7&quot;,&quot;469777815&quot;:&quot;hybridMultilevel&quot;}\" aria-setsize=\"-1\" data-aria-posinset=\"3\" data-aria-level=\"1\"><span data-contrast=\"auto\">Viktiga organisatoriska brands\u00e4kerhetskrav (ansvar, erforderlig dokumentation, egenkontroll och egeninspektion brands\u00e4kerhetsrapport, tillsyn);<\/span><span data-ccp-props=\"{&quot;201341983&quot;:0,&quot;335559739&quot;:0,&quot;335559740&quot;:240}\">\u00a0<\/span><\/li>\n<\/ul>\n<ul>\n<li data-leveltext=\"\uf0b7\" data-font=\"Symbol\" data-listid=\"3\" data-list-defn-props=\"{&quot;335552541&quot;:1,&quot;335559685&quot;:720,&quot;335559991&quot;:360,&quot;469769226&quot;:&quot;Symbol&quot;,&quot;469769242&quot;:[8226],&quot;469777803&quot;:&quot;left&quot;,&quot;469777804&quot;:&quot;\uf0b7&quot;,&quot;469777815&quot;:&quot;hybridMultilevel&quot;}\" aria-setsize=\"-1\" data-aria-posinset=\"4\" data-aria-level=\"1\"><span data-contrast=\"auto\">Viktiga strukturella brands\u00e4kerhetskrav (ansvar, erforderlig dokumentation, modernisering av byggnaden);<\/span><span data-ccp-props=\"{&quot;201341983&quot;:0,&quot;335559739&quot;:0,&quot;335559740&quot;:240}\">\u00a0<\/span><\/li>\n<\/ul>\n<ul>\n<li data-leveltext=\"\uf0b7\" data-font=\"Symbol\" data-listid=\"3\" data-list-defn-props=\"{&quot;335552541&quot;:1,&quot;335559685&quot;:720,&quot;335559991&quot;:360,&quot;469769226&quot;:&quot;Symbol&quot;,&quot;469769242&quot;:[8226],&quot;469777803&quot;:&quot;left&quot;,&quot;469777804&quot;:&quot;\uf0b7&quot;,&quot;469777815&quot;:&quot;hybridMultilevel&quot;}\" aria-setsize=\"-1\" data-aria-posinset=\"5\" data-aria-level=\"1\"><span data-contrast=\"auto\">S\u00e4kerst\u00e4lla underh\u00e5ll av brands\u00e4kerhetsinstallationer (ansvar, skyldigheter och tillsyn).<\/span><span data-ccp-props=\"{&quot;201341983&quot;:0,&quot;335559739&quot;:0,&quot;335559740&quot;:240}\">\u00a0<\/span><\/li>\n<\/ul>\n<ul>\n<li data-leveltext=\"\uf0b7\" data-font=\"Symbol\" data-listid=\"3\" data-list-defn-props=\"{&quot;335552541&quot;:1,&quot;335559685&quot;:720,&quot;335559991&quot;:360,&quot;469769226&quot;:&quot;Symbol&quot;,&quot;469769242&quot;:[8226],&quot;469777803&quot;:&quot;left&quot;,&quot;469777804&quot;:&quot;\uf0b7&quot;,&quot;469777815&quot;:&quot;hybridMultilevel&quot;}\" aria-setsize=\"-1\" data-aria-posinset=\"6\" data-aria-level=\"1\"><span data-contrast=\"auto\">\u00c4ndringar i brands\u00e4kerhetskrav (nyligen ikrafttr\u00e4dda \u00e4ndringar och planerade \u00e4ndringar).<\/span><span data-ccp-props=\"{&quot;201341983&quot;:0,&quot;335559739&quot;:0,&quot;335559740&quot;:240}\">\u00a0<\/span><\/li>\n<\/ul>\n<p><span data-ccp-props=\"{}\">\u00a0<\/span><\/p>\n<p><span data-ccp-props=\"{}\">\u00a0<\/span><\/p>","protected":false},"excerpt":{"rendered":"<p><span data-contrast=\"auto\">Utbildningen riktar sig till dig som ansvarar f\u00f6r brands\u00e4kerhet och ger f\u00f6rdjupade kunskaper om hur man organiserar och hanterar brands\u00e4kerhet i ett f\u00f6retag eller en institution. Utbildningen varar 8 akademiska timmar.<\/span><span data-ccp-props=\"{&quot;201341983&quot;:0,&quot;335559739&quot;:0,&quot;335559740&quot;:240}\">\u00a0<\/span><\/p>\n<p><b><span data-contrast=\"auto\">Fr\u00e5n och med 01.03.2021 f\u00e5r brands\u00e4kerhetsutbildning endast genomf\u00f6ras av brands\u00e4kerhetsspecialister (niv\u00e5 5) eller brands\u00e4kerhetsexperter (niv\u00e5 5) med yrkescertifikat.<\/span><\/b><span data-contrast=\"auto\"> 6) som ocks\u00e5 har den kompetens som kr\u00e4vs f\u00f6r att genomf\u00f6ra utbildning. Vi rekommenderar att du kontrollerar tr\u00e4narens bakgrund <\/span><span style=\"color: #33cccc;\"><span style=\"color: #ff6600;\"><a style=\"color: #ff6600;\" href=\"http:\/\/www.kutsekoda.ee\/\">www.kutsekoda.ee<\/a><\/span>\u00a0<\/span><\/p>\n<p>Utbildningarna kan best\u00e4llas p\u00e5 estniska, engelska och ryska.<\/p>\n<p><strong>Om du har n\u00e5gra fr\u00e5gor eller vill ha en grupptr\u00e4ning \u00e4r du v\u00e4lkommen att kontakta oss.\u00a0\u00a0<\/strong><\/p>\n<p>&nbsp;<\/p>","protected":false},"featured_media":18362,"template":"","meta":[],"product_brand":[],"product_cat":[124,116,118],"product_tag":[],"class_list":{"0":"post-16646","1":"product","2":"type-product","3":"status-publish","4":"has-post-thumbnail","6":"product_cat-koolitamine","7":"product_cat-teenused","8":"product_cat-tuleohutus","10":"first","11":"instock","12":"virtual","13":"taxable","14":"purchasable","15":"product-type-simple"},"_links":{"self":[{"href":"https:\/\/flameguard.ee\/sv\/wp-json\/wp\/v2\/product\/16646","targetHints":{"allow":["GET"]}}],"collection":[{"href":"https:\/\/flameguard.ee\/sv\/wp-json\/wp\/v2\/product"}],"about":[{"href":"https:\/\/flameguard.ee\/sv\/wp-json\/wp\/v2\/types\/product"}],"version-history":[{"count":6,"href":"https:\/\/flameguard.ee\/sv\/wp-json\/wp\/v2\/product\/16646\/revisions"}],"predecessor-version":[{"id":18396,"href":"https:\/\/flameguard.ee\/sv\/wp-json\/wp\/v2\/product\/16646\/revisions\/18396"}],"wp:featuredmedia":[{"embeddable":true,"href":"https:\/\/flameguard.ee\/sv\/wp-json\/wp\/v2\/media\/18362"}],"wp:attachment":[{"href":"https:\/\/flameguard.ee\/sv\/wp-json\/wp\/v2\/media?parent=16646"}],"wp:term":[{"taxonomy":"product_brand","embeddable":true,"href":"https:\/\/flameguard.ee\/sv\/wp-json\/wp\/v2\/product_brand?post=16646"},{"taxonomy":"product_cat","embeddable":true,"href":"https:\/\/flameguard.ee\/sv\/wp-json\/wp\/v2\/product_cat?post=16646"},{"taxonomy":"product_tag","embeddable":true,"href":"https:\/\/flameguard.ee\/sv\/wp-json\/wp\/v2\/product_tag?post=16646"}],"curies":[{"name":"wp","href":"https:\/\/api.w.org\/{rel}","templated":true}]}}