{"id":16650,"date":"2025-02-04T13:24:27","date_gmt":"2025-02-04T11:24:27","guid":{"rendered":"http:\/\/flameguard.ee.dedi7782.your-server.de\/?post_type=product&#038;p=16650"},"modified":"2025-03-07T15:04:55","modified_gmt":"2025-03-07T13:04:55","slug":"esmaabi-grupikoolitus-8-h","status":"publish","type":"product","link":"https:\/\/flameguard.ee\/sv\/product\/forsta-hjalpen-grupptraning-8-h\/","title":{"rendered":"Grupputbildning i f\u00f6rsta hj\u00e4lpen (8 h)"},"content":{"rendered":"<p><span data-contrast=\"auto\">V\u00e5ra utbildningar genomf\u00f6rs av licensierade utbildare. Utbildarna \u00e4r specialister inom sitt omr\u00e5de, vilket g\u00f6r utbildningarna praktiska och engagerande. Efter avslutad utbildning kommer ett certifikat som accepteras av tillsynsmyndigheterna att utf\u00e4rdas.<\/span><span data-ccp-props=\"{&quot;201341983&quot;:0,&quot;335559739&quot;:0,&quot;335559740&quot;:240}\">\u00a0<\/span><\/p>\n<p><span data-contrast=\"auto\">\u00a0<\/span><span data-ccp-props=\"{&quot;201341983&quot;:0,&quot;335559739&quot;:0,&quot;335559740&quot;:240}\">\u00a0<\/span><\/p>","protected":false},"excerpt":{"rendered":"<p><span data-contrast=\"auto\">Syftet med f\u00f6rsta hj\u00e4lpen-utbildningarna \u00e4r att ge deltagarna grundl\u00e4ggande kunskaper och praktiska f\u00e4rdigheter f\u00f6r att hj\u00e4lpa offer vid olyckor och f\u00f6r att ge f\u00f6rsta hj\u00e4lpen.<\/span><span data-ccp-props=\"{&quot;201341983&quot;:0,&quot;335559739&quot;:0,&quot;335559740&quot;:240}\">\u00a0<\/span><br \/>\n<span data-contrast=\"auto\">Om du beh\u00f6ver intern utbildning i din organisation kan vi skapa en f\u00f6rsta hj\u00e4lpen-utbildning som \u00e4r skr\u00e4ddarsydd efter dina behov.<\/span><span data-ccp-props=\"{&quot;201341983&quot;:0,&quot;335559739&quot;:0,&quot;335559740&quot;:240}\">\u00a0<\/span><br \/>\n<span data-contrast=\"auto\">Utbildning i f\u00f6rsta hj\u00e4lpen ordnas i klassen eller i realtid (online).<\/span><span data-ccp-props=\"{&quot;201341983&quot;:0,&quot;335559739&quot;:0,&quot;335559740&quot;:240}\">\u00a0<\/span><br \/>\n<span data-contrast=\"auto\">Ut\u00f6ver lagkraven \u00e4r f\u00f6rsta hj\u00e4lpen en mycket viktig f\u00e4rdighet i vardagen som kan r\u00e4dda n\u00e5gons liv. <\/span><\/p>\n<p><span data-contrast=\"auto\">Upp till 12 deltagare kan anm\u00e4la sig till grupptr\u00e4ningen.<\/span><span data-ccp-props=\"{&quot;201341983&quot;:0,&quot;335559739&quot;:0,&quot;335559740&quot;:240}\">\u00a0<\/span><\/p>\n<p>Utbildningarna kan best\u00e4llas p\u00e5 estniska, engelska och ryska.<\/p>\n<p><strong>Om du har n\u00e5gra fr\u00e5gor eller speciella \u00f6nskem\u00e5l \u00e4r du v\u00e4lkommen att kontakta oss.\u00a0<\/strong><\/p>\n<p><strong>\u00a0<\/strong><\/p>","protected":false},"featured_media":18383,"template":"","meta":[],"product_brand":[],"product_cat":[124,116,119],"product_tag":[],"class_list":{"0":"post-16650","1":"product","2":"type-product","3":"status-publish","4":"has-post-thumbnail","6":"product_cat-koolitamine","7":"product_cat-teenused","8":"product_cat-tooohutus-ja-tervishoid","10":"first","11":"instock","12":"virtual","13":"taxable","14":"purchasable","15":"product-type-simple"},"_links":{"self":[{"href":"https:\/\/flameguard.ee\/sv\/wp-json\/wp\/v2\/product\/16650","targetHints":{"allow":["GET"]}}],"collection":[{"href":"https:\/\/flameguard.ee\/sv\/wp-json\/wp\/v2\/product"}],"about":[{"href":"https:\/\/flameguard.ee\/sv\/wp-json\/wp\/v2\/types\/product"}],"version-history":[{"count":7,"href":"https:\/\/flameguard.ee\/sv\/wp-json\/wp\/v2\/product\/16650\/revisions"}],"predecessor-version":[{"id":18402,"href":"https:\/\/flameguard.ee\/sv\/wp-json\/wp\/v2\/product\/16650\/revisions\/18402"}],"wp:featuredmedia":[{"embeddable":true,"href":"https:\/\/flameguard.ee\/sv\/wp-json\/wp\/v2\/media\/18383"}],"wp:attachment":[{"href":"https:\/\/flameguard.ee\/sv\/wp-json\/wp\/v2\/media?parent=16650"}],"wp:term":[{"taxonomy":"product_brand","embeddable":true,"href":"https:\/\/flameguard.ee\/sv\/wp-json\/wp\/v2\/product_brand?post=16650"},{"taxonomy":"product_cat","embeddable":true,"href":"https:\/\/flameguard.ee\/sv\/wp-json\/wp\/v2\/product_cat?post=16650"},{"taxonomy":"product_tag","embeddable":true,"href":"https:\/\/flameguard.ee\/sv\/wp-json\/wp\/v2\/product_tag?post=16650"}],"curies":[{"name":"wp","href":"https:\/\/api.w.org\/{rel}","templated":true}]}}