{"id":16655,"date":"2025-02-04T13:25:51","date_gmt":"2025-02-04T11:25:51","guid":{"rendered":"http:\/\/flameguard.ee.dedi7782.your-server.de\/?post_type=product&#038;p=16655"},"modified":"2025-03-08T19:53:50","modified_gmt":"2025-03-08T17:53:50","slug":"kohaliku-omavalitsuse-sisekoolitused","status":"publish","type":"product","link":"https:\/\/flameguard.ee\/sv\/product\/lokala-kommun-interna-utbildningar\/","title":{"rendered":"Interna utbildningar f\u00f6r lokala myndigheter"},"content":{"rendered":"<p><span data-contrast=\"auto\">Under utbildningen \u00e4r det m\u00f6jligt att t\u00e4cka f\u00f6ljande \u00e4mnen:<\/span><span data-ccp-props=\"{&quot;201341983&quot;:0,&quot;335559739&quot;:0,&quot;335559740&quot;:240}\">\u00a0<\/span><\/p>\n<p><span data-ccp-props=\"{&quot;201341983&quot;:0,&quot;335559739&quot;:0,&quot;335559740&quot;:240}\">\u00a0<\/span><b><span data-contrast=\"auto\">Bed\u00f6mning av brandrisk<\/span><\/b><br \/>\n<span data-contrast=\"auto\">1. Bed\u00f6mning av brands\u00e4kerhetsrisker i omr\u00e5det.<\/span><br \/>\n<span data-contrast=\"auto\">2. Bed\u00f6mning av byggnadens och omr\u00e5dets brands\u00e4kerhetsrisker.<\/span><\/p>\n<p><b><span data-contrast=\"auto\">Bed\u00f6mning av strukturell brands\u00e4kerhet<\/span><\/b><br \/>\n<span data-contrast=\"auto\">1. Bed\u00f6mning av om en byggnad, en del av en byggnads- eller konstruktionsdesign \u00f6verensst\u00e4mmer med brands\u00e4kerhetskraven.<\/span><br \/>\n<span data-contrast=\"auto\">2. Bed\u00f6mning av brands\u00e4kerhetsinstallationers \u00f6verensst\u00e4mmelse med kraven.<\/span><br \/>\n<span data-contrast=\"auto\">3. Bed\u00f6mning av produkters \u00f6verensst\u00e4mmelse med brands\u00e4kerhetskraven.<\/span><br \/>\n<span data-contrast=\"auto\">4. Bed\u00f6mning av brands\u00e4kerhetskrav f\u00f6r tj\u00e4nster.<\/span><br \/>\n<span data-contrast=\"auto\">5. F\u00f6rberedelse av bed\u00f6mningen.<\/span><br \/>\n<span data-contrast=\"auto\">6. Tillhandah\u00e5llande av konsulttj\u00e4nster f\u00f6r brands\u00e4kerhet.<\/span><\/p>\n<p><b><span data-contrast=\"auto\">Bed\u00f6mning av organisatorisk brands\u00e4kerhet<\/span><\/b><br \/>\n<span data-contrast=\"auto\">1. Bed\u00f6mning av korrekt anv\u00e4ndning av omr\u00e5det\/byggnaden\/rummet, installationen och utrustningen.<\/span><br \/>\n<span data-contrast=\"auto\">2. Bed\u00f6mning av brands\u00e4kerhetsarbetet i en byggnad, en institution eller ett f\u00f6retag.<\/span><br \/>\n<span data-contrast=\"auto\">3. F\u00f6rberedelse av bed\u00f6mningen.<\/span><br \/>\n<span data-contrast=\"auto\">4. F\u00f6rbereda\/uppdatera dokumentation.<\/span><\/p>\n<p><b><span data-contrast=\"auto\">Information och r\u00e5d om brands\u00e4kerhet<\/span><\/b><br \/>\n<span data-contrast=\"auto\">1. Anm\u00e4lan om brands\u00e4kerhetskrav.<\/span><br \/>\n<span data-contrast=\"auto\">2. Konsultation inom brands\u00e4kerhet.<\/span><\/p>\n<p><b><span data-contrast=\"auto\">Genomf\u00f6ra en expertbed\u00f6mning och revision av den s\u00e4rskilda delen av brands\u00e4kerheten<\/span><\/b><br \/>\n<span data-contrast=\"auto\">1. Genomf\u00f6ra en expertbed\u00f6mning av den s\u00e4rskilda brands\u00e4kerhetsdelen av byggprojektet.<\/span><br \/>\n<span data-contrast=\"auto\">2. Genomf\u00f6ra en brands\u00e4kerhetsrevision av byggnaden.<\/span><br \/>\n<span data-contrast=\"auto\">3. Urval och deltagande av experter\/specialister.<\/span><br \/>\n<span data-contrast=\"auto\">4. Utv\u00e4rdering av befintliga data, ans\u00f6kan om till\u00e4ggsmaterial och kompletterande studier.<\/span><br \/>\n<span data-contrast=\"auto\">5. Samordning av arbetsprocessen.<\/span><br \/>\n<span data-contrast=\"auto\">6. Analys av data.<\/span><br \/>\n<span data-contrast=\"auto\">7. Utarbetande av en sammanfattande expert-\/revisionsrapport.<\/span><br \/>\n<span data-contrast=\"auto\">8. Utveckling av strukturella brands\u00e4kerhetsl\u00f6sningar f\u00f6r en byggnad eller en del av en byggnad.<\/span><br \/>\n<span data-contrast=\"auto\">9. F\u00f6redragning och f\u00f6rsvar av sakkunnigen\/revisionsber\u00e4ttelsen.<\/span><br \/>\n<span data-contrast=\"auto\">10. Brands\u00e4kerhetsexpert niv\u00e5 6 kvalifikationer och samarbetsm\u00f6jligheter<\/span><\/p>\n<p><b><span data-contrast=\"auto\">Lista \u00f6ver standarder relaterade till brands\u00e4kerhetsdelen av byggnadsdesignen som kan tas upp under utbildningen\u00a0<\/span><\/b><\/p>\n<ol>\n<li><span data-contrast=\"auto\">EVS 812-2:2014+AC:2017 \u2013 Brands\u00e4kerhet i byggnader. Del 2: Ventilationssystem<\/span><\/li>\n<li><span data-contrast=\"auto\">EVS 812-3:2018 \u2013 Byggnaders brands\u00e4kerhet. Del 3: V\u00e4rmesystem<\/span><\/li>\n<li><span data-contrast=\"auto\"> EVS 812-4:2018 \u2013 Brands\u00e4kerhet i byggnader. Del 4: Brands\u00e4kerhet i industri- och lagerbyggnader samt garage<\/span><\/li>\n<li><span data-contrast=\"auto\"> EVS 812-5:2014 \u2013 Brands\u00e4kerhet i byggnader. Del 5: Brands\u00e4kerhet f\u00f6r br\u00e4nsleterminaler och tankstationer<\/span><\/li>\n<li><span data-contrast=\"auto\"> EVS 812-6:2012+A1:2013+AC:2016+A2:2017 \u2013 Brands\u00e4kerhet i byggnader. Del 6: Brandvattenf\u00f6rs\u00f6rjning<\/span><\/li>\n<li><span data-contrast=\"auto\"> EVS 812-7:2018 \u2013 Brands\u00e4kerhet i byggnader. Del 7: Brands\u00e4kerhetskrav f\u00f6r byggnader<\/span><\/li>\n<li><span data-contrast=\"auto\"> EVS 812-8:2018 \u2013 Brands\u00e4kerhet i byggnader. Del 8: Brands\u00e4kerhet i h\u00f6ghus<\/span><\/li>\n<li><span data-contrast=\"auto\"> EVS 871:2017 \u2013 Brand- och utrymnings\u00f6ppningar och tillbeh\u00f6r<\/span><\/li>\n<li><span data-contrast=\"auto\"> EVS-EN 1838:2013 \u2013 N\u00f6dbelysning av belysningsutrustning<\/span><\/li>\n<li><span data-contrast=\"auto\"> EVS-EN 50172:2005 \u2013 N\u00f6dbelysningssystem f\u00f6r evakuering<\/span><\/li>\n<li><span data-contrast=\"auto\"> CEN\/TS 54-14:2004 \u2013 Automatiskt brandlarmsystem: Regler f\u00f6r planering, utformning, installation, inspektion, drift och underh\u00e5ll<\/span><\/li>\n<li><span data-contrast=\"auto\"> EVS-EN 12845:2015 \u2013 Station\u00e4ra brandsl\u00e4ckningssystem. Automatiska sprinklersystem. Design, installation och underh\u00e5ll.<\/span><\/li>\n<li><span data-contrast=\"auto\"> EVS-EN 15004-1:2008 \u2013 Station\u00e4ra brandsl\u00e4ckningssystem. Gassl\u00e4ckningssystem: Utformning, <\/span><span data-contrast=\"auto\">Installation och underh\u00e5ll<\/span><span data-ccp-props=\"{&quot;201341983&quot;:0,&quot;335559739&quot;:0,&quot;335559740&quot;:240}\">\u00a0<\/span><\/li>\n<li><span data-contrast=\"auto\"> EVS-EN 62305-1:2011+AC:2016 \u2013 \u00c5skskydd. Del 1: Allm\u00e4nna principer<\/span><\/li>\n<li><span data-contrast=\"auto\"> EVS-EN 62305-2:2013 \u2013 \u00c5skskydd. Del 2: Riskanalys<\/span><\/li>\n<li><span data-contrast=\"auto\"> EVS-EN 62305-3:2011 \u2013 \u00c5skskydd. Del 3: Fysisk skadeg\u00f6relse p\u00e5 byggnader och fara f\u00f6r liv<\/span><\/li>\n<li><span data-contrast=\"auto\"> EVS-EN 62305-4:2011+AC:2016 \u2013 Elektriska och elektroniska system i byggnader<\/span><\/li>\n<li><span data-contrast=\"auto\"> EVS 919:2013+A1:2014 \u2013 Kontroll av r\u00f6kgaser. Konstruktion, installation och underh\u00e5ll av utrustning<\/span><\/li>\n<\/ol>\n<p><span data-contrast=\"auto\">OBS! Vid l\u00e4sning och tolkning av ett byggprojekt m\u00e5ste giltigheten av den specifika standarden kontrolleras av Centrum f\u00f6r standardisering (www.evs.ee).<\/span><span data-ccp-props=\"{&quot;201341983&quot;:0,&quot;335559739&quot;:0,&quot;335559740&quot;:240}\">\u00a0<\/span><\/p>","protected":false},"excerpt":{"rendered":"<p><span data-contrast=\"auto\">Utbildningen introducerar brands\u00e4kerhetskraven f\u00f6r byggprojekt f\u00f6r lokala myndigheters specialister och f\u00f6rklarar hur byggnadernas s\u00e4kerhet m\u00e5ste s\u00e4kerst\u00e4llas i enlighet med g\u00e4llande lagar och standarder.\u00a0<\/span><span data-ccp-props=\"{&quot;201341983&quot;:0,&quot;335559739&quot;:0,&quot;335559740&quot;:240}\">\u00a0<\/span><\/p>\n<p><b><span data-contrast=\"auto\">Fr\u00e5n och med 01.03.2021 f\u00e5r brands\u00e4kerhetsutbildning endast genomf\u00f6ras av brands\u00e4kerhetsspecialister (niv\u00e5 5) eller brands\u00e4kerhetsexperter (niv\u00e5 5) med yrkescertifikat.<\/span><\/b><span data-contrast=\"auto\"> 6) som ocks\u00e5 har den kompetens som kr\u00e4vs f\u00f6r att genomf\u00f6ra utbildning. Vi rekommenderar att du kontrollerar tr\u00e4narens bakgrund <\/span><span style=\"color: #ff6600;\"><a style=\"color: #ff6600;\" href=\"http:\/\/www.kutsekoda.ee\/\">www.kutsekoda.ee<\/a>\u00a0<\/span><\/p>\n<p>Utbildningarna kan best\u00e4llas p\u00e5 estniska, engelska och ryska.<\/p>\n<p><strong>Om du har n\u00e5gra fr\u00e5gor och vill ha en personlig grupptr\u00e4ning \u00e4r du v\u00e4lkommen att kontakta oss.\u00a0\u00a0<\/strong><\/p>\n<p>&nbsp;<\/p>","protected":false},"featured_media":18373,"template":"","meta":[],"product_brand":[],"product_cat":[122,121,124,120,116,119,118],"product_tag":[],"class_list":{"0":"post-16655","1":"product","2":"type-product","3":"status-publish","4":"has-post-thumbnail","6":"product_cat-auditeerimine","7":"product_cat-keskkonnajuhtimine","8":"product_cat-koolitamine","9":"product_cat-kvaliteedijuhtimine","10":"product_cat-teenused","11":"product_cat-tooohutus-ja-tervishoid","12":"product_cat-tuleohutus","14":"first","15":"instock","16":"virtual","17":"taxable","18":"purchasable","19":"product-type-simple"},"_links":{"self":[{"href":"https:\/\/flameguard.ee\/sv\/wp-json\/wp\/v2\/product\/16655","targetHints":{"allow":["GET"]}}],"collection":[{"href":"https:\/\/flameguard.ee\/sv\/wp-json\/wp\/v2\/product"}],"about":[{"href":"https:\/\/flameguard.ee\/sv\/wp-json\/wp\/v2\/types\/product"}],"version-history":[{"count":11,"href":"https:\/\/flameguard.ee\/sv\/wp-json\/wp\/v2\/product\/16655\/revisions"}],"predecessor-version":[{"id":18409,"href":"https:\/\/flameguard.ee\/sv\/wp-json\/wp\/v2\/product\/16655\/revisions\/18409"}],"wp:featuredmedia":[{"embeddable":true,"href":"https:\/\/flameguard.ee\/sv\/wp-json\/wp\/v2\/media\/18373"}],"wp:attachment":[{"href":"https:\/\/flameguard.ee\/sv\/wp-json\/wp\/v2\/media?parent=16655"}],"wp:term":[{"taxonomy":"product_brand","embeddable":true,"href":"https:\/\/flameguard.ee\/sv\/wp-json\/wp\/v2\/product_brand?post=16655"},{"taxonomy":"product_cat","embeddable":true,"href":"https:\/\/flameguard.ee\/sv\/wp-json\/wp\/v2\/product_cat?post=16655"},{"taxonomy":"product_tag","embeddable":true,"href":"https:\/\/flameguard.ee\/sv\/wp-json\/wp\/v2\/product_tag?post=16655"}],"curies":[{"name":"wp","href":"https:\/\/api.w.org\/{rel}","templated":true}]}}