{"id":16657,"date":"2025-02-04T13:26:12","date_gmt":"2025-02-04T11:26:12","guid":{"rendered":"http:\/\/flameguard.ee.dedi7782.your-server.de\/?post_type=product&#038;p=16657"},"modified":"2025-03-07T15:51:59","modified_gmt":"2025-03-07T13:51:59","slug":"tootajate-tuleohutusalane-juhendamine","status":"publish","type":"product","link":"https:\/\/flameguard.ee\/sv\/product\/anstallda-brand-sakerhet-instruktion\/","title":{"rendered":"Brands\u00e4kerhetsinstruktion f\u00f6r anst\u00e4llda"},"content":{"rendered":"<p><b><span data-contrast=\"auto\">Allm\u00e4n del av brands\u00e4kerhetsinstruktionen:<\/span><\/b><span data-ccp-props=\"{&quot;201341983&quot;:0,&quot;335559739&quot;:0,&quot;335559740&quot;:240}\">\u00a0<\/span><\/p>\n<ul>\n<li data-leveltext=\"\uf0b7\" data-font=\"Symbol\" data-listid=\"5\" data-list-defn-props=\"{&quot;335552541&quot;:1,&quot;335559685&quot;:720,&quot;335559991&quot;:360,&quot;469769226&quot;:&quot;Symbol&quot;,&quot;469769242&quot;:[8226],&quot;469777803&quot;:&quot;left&quot;,&quot;469777804&quot;:&quot;\uf0b7&quot;,&quot;469777815&quot;:&quot;hybridMultilevel&quot;}\" aria-setsize=\"-1\" data-aria-posinset=\"1\" data-aria-level=\"1\"><span data-contrast=\"auto\">Inf\u00f6rande av brands\u00e4kerhetskrav.<\/span><span data-ccp-props=\"{&quot;201341983&quot;:0,&quot;335559739&quot;:0,&quot;335559740&quot;:240}\">\u00a0<\/span><\/li>\n<\/ul>\n<ul>\n<li data-leveltext=\"\uf0b7\" data-font=\"Symbol\" data-listid=\"5\" data-list-defn-props=\"{&quot;335552541&quot;:1,&quot;335559685&quot;:720,&quot;335559991&quot;:360,&quot;469769226&quot;:&quot;Symbol&quot;,&quot;469769242&quot;:[8226],&quot;469777803&quot;:&quot;left&quot;,&quot;469777804&quot;:&quot;\uf0b7&quot;,&quot;469777815&quot;:&quot;hybridMultilevel&quot;}\" aria-setsize=\"-1\" data-aria-posinset=\"2\" data-aria-level=\"1\"><span data-contrast=\"auto\">Bekanta dig med objektets allm\u00e4nna och platsspecifika brands\u00e4kerhetsanvisningar.<\/span><span data-ccp-props=\"{&quot;201341983&quot;:0,&quot;335559739&quot;:0,&quot;335559740&quot;:240}\">\u00a0<\/span><\/li>\n<\/ul>\n<ul>\n<li data-leveltext=\"\uf0b7\" data-font=\"Symbol\" data-listid=\"5\" data-list-defn-props=\"{&quot;335552541&quot;:1,&quot;335559685&quot;:720,&quot;335559991&quot;:360,&quot;469769226&quot;:&quot;Symbol&quot;,&quot;469769242&quot;:[8226],&quot;469777803&quot;:&quot;left&quot;,&quot;469777804&quot;:&quot;\uf0b7&quot;,&quot;469777815&quot;:&quot;hybridMultilevel&quot;}\" aria-setsize=\"-1\" data-aria-posinset=\"3\" data-aria-level=\"1\"><span data-contrast=\"auto\">Introduktion av riskerna f\u00f6r brandfarlighet och explosiva faror och byggnadens detaljer.<\/span><span data-ccp-props=\"{&quot;201341983&quot;:0,&quot;335559739&quot;:0,&quot;335559740&quot;:240}\">\u00a0<\/span><\/li>\n<\/ul>\n<ul>\n<li data-leveltext=\"\uf0b7\" data-font=\"Symbol\" data-listid=\"5\" data-list-defn-props=\"{&quot;335552541&quot;:1,&quot;335559685&quot;:720,&quot;335559991&quot;:360,&quot;469769226&quot;:&quot;Symbol&quot;,&quot;469769242&quot;:[8226],&quot;469777803&quot;:&quot;left&quot;,&quot;469777804&quot;:&quot;\uf0b7&quot;,&quot;469777815&quot;:&quot;hybridMultilevel&quot;}\" aria-setsize=\"-1\" data-aria-posinset=\"4\" data-aria-level=\"1\"><span data-contrast=\"auto\">F\u00f6rst\u00e5 m\u00f6jliga orsaker till brand och \u00e5tg\u00e4rder f\u00f6r att f\u00f6rhindra dem.<\/span><span data-ccp-props=\"{&quot;201341983&quot;:0,&quot;335559739&quot;:0,&quot;335559740&quot;:240}\">\u00a0<\/span><\/li>\n<\/ul>\n<ul>\n<li data-leveltext=\"\uf0b7\" data-font=\"Symbol\" data-listid=\"5\" data-list-defn-props=\"{&quot;335552541&quot;:1,&quot;335559685&quot;:720,&quot;335559991&quot;:360,&quot;469769226&quot;:&quot;Symbol&quot;,&quot;469769242&quot;:[8226],&quot;469777803&quot;:&quot;left&quot;,&quot;469777804&quot;:&quot;\uf0b7&quot;,&quot;469777815&quot;:&quot;hybridMultilevel&quot;}\" aria-setsize=\"-1\" data-aria-posinset=\"5\" data-aria-level=\"1\"><span data-contrast=\"auto\">Agera i h\u00e4ndelse av brand eller annan olycka (kalla ut ett brandsl\u00e4cknings- och r\u00e4ddningsteam, evakuera m\u00e4nniskor, anv\u00e4nda prim\u00e4r brandsl\u00e4ckningsutrustning etc.).<\/span><span data-ccp-props=\"{&quot;201341983&quot;:0,&quot;335559739&quot;:0,&quot;335559740&quot;:240}\">\u00a0<\/span><\/li>\n<\/ul>\n<ul>\n<li data-leveltext=\"\uf0b7\" data-font=\"Symbol\" data-listid=\"5\" data-list-defn-props=\"{&quot;335552541&quot;:1,&quot;335559685&quot;:720,&quot;335559991&quot;:360,&quot;469769226&quot;:&quot;Symbol&quot;,&quot;469769242&quot;:[8226],&quot;469777803&quot;:&quot;left&quot;,&quot;469777804&quot;:&quot;\uf0b7&quot;,&quot;469777815&quot;:&quot;hybridMultilevel&quot;}\" aria-setsize=\"-1\" data-aria-posinset=\"6\" data-aria-level=\"1\"><span data-contrast=\"auto\">Kunskap om hur man f\u00f6rebygger br\u00e4nder.<\/span><span data-ccp-props=\"{&quot;201341983&quot;:0,&quot;335559739&quot;:0,&quot;335559740&quot;:240}\">\u00a0<\/span><\/li>\n<\/ul>","protected":false},"excerpt":{"rendered":"<p><span data-contrast=\"auto\">N\u00e4r arbetet p\u00e5b\u00f6rjas ska alla anst\u00e4llda genomg\u00e5 brands\u00e4kerhetsutbildning. Detta inkluderar kunskap om de rutiner som beh\u00f6vs f\u00f6r att f\u00f6rebygga en brand, utrymningsplaner, anv\u00e4ndning av brandsl\u00e4ckningsutrustning och s\u00e4kerhetsregler. M\u00e5nga institutioner har separata ansvariga personer som organiserar brands\u00e4kerheten och ser till att alla krav f\u00f6ljs. Dessa personer instruerar anst\u00e4llda, genomf\u00f6r regelbundna \u00f6vningar och genomf\u00f6r riskbed\u00f6mningar. Vi utbildar olika organisationer \u00f6ver hela Estland och anpassar undervisningen efter arbetets karakt\u00e4r. I tillverkningsf\u00f6retag fokuserar vi till exempel mer p\u00e5 maskin- och utrustningss\u00e4kerhet, medan vi i kontorsbyggnader betonar evakueringsbeteende och els\u00e4kerhet. Under utbildningarna kan vi genomf\u00f6ra praktiska \u00f6vningar d\u00e4r medarbetarna f\u00e5r prova p\u00e5 att anv\u00e4nda brandsl\u00e4ckare och annan utrustning i en kontrollerad milj\u00f6. Dessutom erbjuder vi \u00e4ven onlinekurser som g\u00f6r det m\u00f6jligt att l\u00e4ra sig flexibelt och uppdatera dina kunskaper regelbundet.<\/span><span data-ccp-props=\"{&quot;201341983&quot;:0,&quot;335559739&quot;:0,&quot;335559740&quot;:240}\">\u00a0<\/span><\/p>\n<p><b><span data-contrast=\"auto\">Fr\u00e5n och med 01.03.2021 f\u00e5r brands\u00e4kerhetsutbildning endast genomf\u00f6ras av brands\u00e4kerhetsspecialister (niv\u00e5 5) eller brands\u00e4kerhetsexperter (niv\u00e5 5) med yrkescertifikat.<\/span><\/b><span data-contrast=\"auto\"><strong> 6)<\/strong>6) som ocks\u00e5 har den kompetens som kr\u00e4vs f\u00f6r att genomf\u00f6ra utbildning. Vi rekommenderar att du kontrollerar tr\u00e4narens bakgrund <\/span><span style=\"color: #ff6600;\"><a style=\"color: #ff6600;\" href=\"http:\/\/www.kutsekoda.ee\/\">www.kutsekoda.ee<\/a><\/span><\/p>\n<p>Utbildningarna kan best\u00e4llas p\u00e5 estniska, engelska och ryska.<\/p>\n<p>&nbsp;<\/p>","protected":false},"featured_media":18413,"template":"","meta":[],"product_brand":[],"product_cat":[124,116,119,118],"product_tag":[],"class_list":{"0":"post-16657","1":"product","2":"type-product","3":"status-publish","4":"has-post-thumbnail","6":"product_cat-koolitamine","7":"product_cat-teenused","8":"product_cat-tooohutus-ja-tervishoid","9":"product_cat-tuleohutus","11":"first","12":"instock","13":"virtual","14":"taxable","15":"purchasable","16":"product-type-simple"},"_links":{"self":[{"href":"https:\/\/flameguard.ee\/sv\/wp-json\/wp\/v2\/product\/16657","targetHints":{"allow":["GET"]}}],"collection":[{"href":"https:\/\/flameguard.ee\/sv\/wp-json\/wp\/v2\/product"}],"about":[{"href":"https:\/\/flameguard.ee\/sv\/wp-json\/wp\/v2\/types\/product"}],"version-history":[{"count":4,"href":"https:\/\/flameguard.ee\/sv\/wp-json\/wp\/v2\/product\/16657\/revisions"}],"predecessor-version":[{"id":18418,"href":"https:\/\/flameguard.ee\/sv\/wp-json\/wp\/v2\/product\/16657\/revisions\/18418"}],"wp:featuredmedia":[{"embeddable":true,"href":"https:\/\/flameguard.ee\/sv\/wp-json\/wp\/v2\/media\/18413"}],"wp:attachment":[{"href":"https:\/\/flameguard.ee\/sv\/wp-json\/wp\/v2\/media?parent=16657"}],"wp:term":[{"taxonomy":"product_brand","embeddable":true,"href":"https:\/\/flameguard.ee\/sv\/wp-json\/wp\/v2\/product_brand?post=16657"},{"taxonomy":"product_cat","embeddable":true,"href":"https:\/\/flameguard.ee\/sv\/wp-json\/wp\/v2\/product_cat?post=16657"},{"taxonomy":"product_tag","embeddable":true,"href":"https:\/\/flameguard.ee\/sv\/wp-json\/wp\/v2\/product_tag?post=16657"}],"curies":[{"name":"wp","href":"https:\/\/api.w.org\/{rel}","templated":true}]}}