{"id":16661,"date":"2025-02-04T13:27:02","date_gmt":"2025-02-04T11:27:02","guid":{"rendered":"http:\/\/flameguard.ee.dedi7782.your-server.de\/?post_type=product&#038;p=16661"},"modified":"2025-03-07T15:07:13","modified_gmt":"2025-03-07T13:07:13","slug":"tulekustutusharjutus","status":"publish","type":"product","link":"https:\/\/flameguard.ee\/sv\/product\/ovning-i-brandslackning\/","title":{"rendered":"\u00d6vning i brandsl\u00e4ckning"},"content":{"rendered":"<p><span data-contrast=\"auto\">V\u00e5ra utbildningar genomf\u00f6rs av licensierade utbildare. Utbildarna \u00e4r specialister inom sitt omr\u00e5de, vilket g\u00f6r utbildningarna praktiska och engagerande. <\/span><span data-ccp-props=\"{&quot;201341983&quot;:0,&quot;335559739&quot;:0,&quot;335559740&quot;:240}\">\u00a0<\/span><\/p>\n<p><strong>Tr\u00e4ningen kan integreras med ett annat team som tr\u00e4nar p\u00e5 sommardagar, informationsdagar eller i samband med invigningen av en ny byggnad.<\/strong><span data-ccp-props=\"{&quot;201341983&quot;:0,&quot;335559739&quot;:0,&quot;335559740&quot;:240}\">\u00a0<\/span><\/p>","protected":false},"excerpt":{"rendered":"<p><span data-contrast=\"auto\">\u00d6vning i brandsl\u00e4ckning<\/span> <span data-contrast=\"auto\">Syftet \u00e4r att ge deltagarna de viktigaste kunskaperna och praktiska f\u00e4rdigheterna om hur man anv\u00e4nder brandsl\u00e4ckare i h\u00e4ndelse av brand.<\/span><span data-ccp-props=\"{&quot;201341983&quot;:0,&quot;335559739&quot;:0,&quot;335559740&quot;:240}\">\u00a0<\/span><span data-contrast=\"auto\">Om ni beh\u00f6ver internutbildning i er organisation kan vi skapa en brandsl\u00e4cknings\u00f6vning som uppfyller era behov.<\/span><span data-ccp-props=\"{&quot;201341983&quot;:0,&quot;335559739&quot;:0,&quot;335559740&quot;:240}\">\u00a0<\/span><span data-contrast=\"auto\">Utbildningen anordnas utomhus och vi anv\u00e4nder oss antingen av en tr\u00e4ningssl\u00e4ckare av skumgummi eller riktiga brandsl\u00e4ckare som anv\u00e4nds inom f\u00f6retaget. Upp till 30 deltagare kan anm\u00e4la sig till grupptr\u00e4ningen.<\/span><span data-ccp-props=\"{&quot;201341983&quot;:0,&quot;335559739&quot;:0,&quot;335559740&quot;:240}\">\u00a0<\/span><\/p>\n<p>Utbildningarna kan best\u00e4llas p\u00e5 estniska, engelska och ryska.<\/p>\n<p><strong>Om du har n\u00e5gra fr\u00e5gor eller speciella \u00f6nskem\u00e5l \u00e4r du v\u00e4lkommen att kontakta oss.\u00a0\u00a0<\/strong><\/p>\n<p>&nbsp;<\/p>","protected":false},"featured_media":18367,"template":"","meta":[],"product_brand":[],"product_cat":[124,116,118],"product_tag":[],"class_list":{"0":"post-16661","1":"product","2":"type-product","3":"status-publish","4":"has-post-thumbnail","6":"product_cat-koolitamine","7":"product_cat-teenused","8":"product_cat-tuleohutus","10":"first","11":"instock","12":"virtual","13":"taxable","14":"purchasable","15":"product-type-simple"},"_links":{"self":[{"href":"https:\/\/flameguard.ee\/sv\/wp-json\/wp\/v2\/product\/16661","targetHints":{"allow":["GET"]}}],"collection":[{"href":"https:\/\/flameguard.ee\/sv\/wp-json\/wp\/v2\/product"}],"about":[{"href":"https:\/\/flameguard.ee\/sv\/wp-json\/wp\/v2\/types\/product"}],"version-history":[{"count":5,"href":"https:\/\/flameguard.ee\/sv\/wp-json\/wp\/v2\/product\/16661\/revisions"}],"predecessor-version":[{"id":18404,"href":"https:\/\/flameguard.ee\/sv\/wp-json\/wp\/v2\/product\/16661\/revisions\/18404"}],"wp:featuredmedia":[{"embeddable":true,"href":"https:\/\/flameguard.ee\/sv\/wp-json\/wp\/v2\/media\/18367"}],"wp:attachment":[{"href":"https:\/\/flameguard.ee\/sv\/wp-json\/wp\/v2\/media?parent=16661"}],"wp:term":[{"taxonomy":"product_brand","embeddable":true,"href":"https:\/\/flameguard.ee\/sv\/wp-json\/wp\/v2\/product_brand?post=16661"},{"taxonomy":"product_cat","embeddable":true,"href":"https:\/\/flameguard.ee\/sv\/wp-json\/wp\/v2\/product_cat?post=16661"},{"taxonomy":"product_tag","embeddable":true,"href":"https:\/\/flameguard.ee\/sv\/wp-json\/wp\/v2\/product_tag?post=16661"}],"curies":[{"name":"wp","href":"https:\/\/api.w.org\/{rel}","templated":true}]}}