{"id":17136,"date":"2025-02-19T16:45:24","date_gmt":"2025-02-19T14:45:24","guid":{"rendered":"http:\/\/flameguard.ee.dedi7782.your-server.de\/?post_type=product&#038;p=17136"},"modified":"2025-02-21T20:28:36","modified_gmt":"2025-02-21T18:28:36","slug":"17136","status":"publish","type":"product","link":"https:\/\/flameguard.ee\/sv\/product\/17136\/","title":{"rendered":"Brandsl\u00e4ckare 6 kg PA-6 med f\u00e4ste (Polen) 43A 233B\/C"},"content":{"rendered":"<p>OGNIOCHRON pulversl\u00e4ckare uppfyller de tekniska kraven och erbjuder ett effektivt skydd under olika f\u00f6rh\u00e5llanden och situationer.<\/p>\n<p><a style=\"color: #fe312e;\" href=\"\/wp-content\/uploads\/2025\/02\/card_gp-6x_abc_mp.pdf\" target=\"_blank\" rel=\"noopener\"><img decoding=\"async\" src=\"\/wp-content\/uploads\/2025\/02\/pdf-icon.webp\" \/> Produktkort<\/a><\/p>","protected":false},"excerpt":{"rendered":"<p>Denna typ av brandsl\u00e4ckare \u00e4r l\u00e4mplig f\u00f6r b\u00e5de inomhus- och utomhusbruk, i ouppv\u00e4rmda rum och i bilen. Brandsl\u00e4ckaren \u00e4r konstruerad f\u00f6r att sl\u00e4cka br\u00e4nder orsakade av fasta \u00e4mnen, br\u00e4nnbara v\u00e4tskor och gaser, samt f\u00f6r att sl\u00e4cka str\u00f6mf\u00f6rande elektrisk utrustning upp till 1000 V. Sl\u00e4ckning m\u00e5ste utf\u00f6ras p\u00e5 ett avst\u00e5nd av minst en meter.<\/p>\n<p><strong>Teknisk information:<\/strong><br \/>\nM\u00e4ngd pulver: 6 kg<br \/>\nBrandsl\u00e4ckarens vikt: 9,3 kg<br \/>\nDrifttid (oavbruten): 15 sek.<br \/>\nSl\u00e4ckarens h\u00f6jd: 495 mm<br \/>\nFodralets diameter: 160 mm<br \/>\nArbetstemperatur: -30\u00b0C till +60\u00b0C<br \/>\nSl\u00e4ckningsklass: 43A 233B C E<br \/>\nCertifikat: CE, EN3<\/p>\n<p>&nbsp;<\/p>","protected":false},"featured_media":17137,"template":"","meta":[],"product_brand":[],"product_cat":[83],"product_tag":[],"class_list":{"0":"post-17136","1":"product","2":"type-product","3":"status-publish","4":"has-post-thumbnail","6":"product_cat-tulekustutid","8":"first","9":"instock","10":"taxable","11":"shipping-taxable","12":"purchasable","13":"product-type-simple"},"_links":{"self":[{"href":"https:\/\/flameguard.ee\/sv\/wp-json\/wp\/v2\/product\/17136","targetHints":{"allow":["GET"]}}],"collection":[{"href":"https:\/\/flameguard.ee\/sv\/wp-json\/wp\/v2\/product"}],"about":[{"href":"https:\/\/flameguard.ee\/sv\/wp-json\/wp\/v2\/types\/product"}],"version-history":[{"count":7,"href":"https:\/\/flameguard.ee\/sv\/wp-json\/wp\/v2\/product\/17136\/revisions"}],"predecessor-version":[{"id":17241,"href":"https:\/\/flameguard.ee\/sv\/wp-json\/wp\/v2\/product\/17136\/revisions\/17241"}],"wp:featuredmedia":[{"embeddable":true,"href":"https:\/\/flameguard.ee\/sv\/wp-json\/wp\/v2\/media\/17137"}],"wp:attachment":[{"href":"https:\/\/flameguard.ee\/sv\/wp-json\/wp\/v2\/media?parent=17136"}],"wp:term":[{"taxonomy":"product_brand","embeddable":true,"href":"https:\/\/flameguard.ee\/sv\/wp-json\/wp\/v2\/product_brand?post=17136"},{"taxonomy":"product_cat","embeddable":true,"href":"https:\/\/flameguard.ee\/sv\/wp-json\/wp\/v2\/product_cat?post=17136"},{"taxonomy":"product_tag","embeddable":true,"href":"https:\/\/flameguard.ee\/sv\/wp-json\/wp\/v2\/product_tag?post=17136"}],"curies":[{"name":"wp","href":"https:\/\/api.w.org\/{rel}","templated":true}]}}