{"id":17159,"date":"2025-02-19T17:13:00","date_gmt":"2025-02-19T15:13:00","guid":{"rendered":"http:\/\/flameguard.ee.dedi7782.your-server.de\/?post_type=product&#038;p=17159"},"modified":"2025-02-21T20:27:51","modified_gmt":"2025-02-21T18:27:51","slug":"vahttulekustuti-2l-8a-55b-40f","status":"publish","type":"product","link":"https:\/\/flameguard.ee\/sv\/product\/brandslackare-av-skum-2l-8a-55b-40f\/","title":{"rendered":"Brandsl\u00e4ckare av skum 2l 8A 55B 40F"},"content":{"rendered":"<p>OGNIOCHRON skumsl\u00e4ckare uppfyller de tekniska kraven och erbjuder ett effektivt skydd under olika f\u00f6rh\u00e5llanden och situationer.<\/p>\n<p><a style=\"color: #fe312e;\" href=\"\/wp-content\/uploads\/2025\/02\/card_gpn-2x_abf_m.pdf\" target=\"_blank\" rel=\"noopener\"><img decoding=\"async\" src=\"\/wp-content\/uploads\/2025\/02\/pdf-icon.webp\" \/> Produktkort<\/a><\/p>","protected":false},"excerpt":{"rendered":"<p>Denna typ av brandsl\u00e4ckare \u00e4r l\u00e4mplig f\u00f6r inomhusbruk. Brandsl\u00e4ckaren \u00e4r utformad f\u00f6r att sl\u00e4cka br\u00e4nder orsakade av fasta \u00e4mnen, br\u00e4nnbara v\u00e4tskor och fetter, samt f\u00f6r att sl\u00e4cka str\u00f6mf\u00f6rande elektriska apparater upp till 1000 V. Denna brandsl\u00e4ckare \u00e4r s\u00e4rskilt l\u00e4mplig f\u00f6r att sl\u00e4cka mat och animaliska fetter i hem, kontorsk\u00f6k, matsalar, restauranger och andra liknande platser.<\/p>\n<p><strong>Teknisk information:<\/strong><br \/>\nM\u00e4ngd sl\u00e4ckblandning: 2 l<br \/>\nBrandsl\u00e4ckarens vikt: 3,5 kg<br \/>\nDrifttid (oavbruten): 6 sek.<br \/>\nSl\u00e4ckarens h\u00f6jd: 368 mm<br \/>\nBoettens diameter: 110 mm<br \/>\nArbetstemperatur: +5\u00b0C till +60\u00b0C<br \/>\nSl\u00e4ckningsklass: 8A 55B 40F<br \/>\nCertifikat: CE, EN3<\/p>\n<p>&nbsp;<\/p>","protected":false},"featured_media":17160,"template":"","meta":[],"product_brand":[],"product_cat":[83],"product_tag":[],"class_list":{"0":"post-17159","1":"product","2":"type-product","3":"status-publish","4":"has-post-thumbnail","6":"product_cat-tulekustutid","8":"first","9":"instock","10":"taxable","11":"shipping-taxable","12":"purchasable","13":"product-type-simple"},"_links":{"self":[{"href":"https:\/\/flameguard.ee\/sv\/wp-json\/wp\/v2\/product\/17159","targetHints":{"allow":["GET"]}}],"collection":[{"href":"https:\/\/flameguard.ee\/sv\/wp-json\/wp\/v2\/product"}],"about":[{"href":"https:\/\/flameguard.ee\/sv\/wp-json\/wp\/v2\/types\/product"}],"version-history":[{"count":7,"href":"https:\/\/flameguard.ee\/sv\/wp-json\/wp\/v2\/product\/17159\/revisions"}],"predecessor-version":[{"id":17234,"href":"https:\/\/flameguard.ee\/sv\/wp-json\/wp\/v2\/product\/17159\/revisions\/17234"}],"wp:featuredmedia":[{"embeddable":true,"href":"https:\/\/flameguard.ee\/sv\/wp-json\/wp\/v2\/media\/17160"}],"wp:attachment":[{"href":"https:\/\/flameguard.ee\/sv\/wp-json\/wp\/v2\/media?parent=17159"}],"wp:term":[{"taxonomy":"product_brand","embeddable":true,"href":"https:\/\/flameguard.ee\/sv\/wp-json\/wp\/v2\/product_brand?post=17159"},{"taxonomy":"product_cat","embeddable":true,"href":"https:\/\/flameguard.ee\/sv\/wp-json\/wp\/v2\/product_cat?post=17159"},{"taxonomy":"product_tag","embeddable":true,"href":"https:\/\/flameguard.ee\/sv\/wp-json\/wp\/v2\/product_tag?post=17159"}],"curies":[{"name":"wp","href":"https:\/\/api.w.org\/{rel}","templated":true}]}}