{"id":17185,"date":"2025-02-19T17:37:15","date_gmt":"2025-02-19T15:37:15","guid":{"rendered":"http:\/\/flameguard.ee.dedi7782.your-server.de\/?post_type=product&#038;p=17185"},"modified":"2025-02-21T20:26:43","modified_gmt":"2025-02-21T18:26:43","slug":"co2-tulekustuti-oa-5-kg-89b","status":"publish","type":"product","link":"https:\/\/flameguard.ee\/sv\/product\/co2-brandslackare-oa-5-kg-89b\/","title":{"rendered":"CO2 Brandsl\u00e4ckare \u2013 OA-5 kg 89B"},"content":{"rendered":"<p>OGNIOCHRON CO2-brandsl\u00e4ckaren uppfyller de tekniska kraven och erbjuder effektivt skydd under en m\u00e4ngd olika f\u00f6rh\u00e5llanden och situationer.<\/p>\n<p><a style=\"color: #fe312e;\" href=\"\/wp-content\/uploads\/2025\/02\/card_gs-5x_b_mp.pdf\" target=\"_blank\" rel=\"noopener\"><img decoding=\"async\" src=\"\/wp-content\/uploads\/2025\/02\/pdf-icon.webp\" \/> Produktkort<\/a><\/p>","protected":false},"excerpt":{"rendered":"<p>Denna typ av brandsl\u00e4ckare \u00e4r l\u00e4mplig f\u00f6r b\u00e5de inomhus- och utomhusbruk, i ouppv\u00e4rmda rum och i bilen. Brandsl\u00e4ckaren \u00e4r konstruerad f\u00f6r att sl\u00e4cka br\u00e4nder orsakade av fasta \u00e4mnen, br\u00e4nnbara v\u00e4tskor och gaser, samt f\u00f6r att sl\u00e4cka str\u00f6mf\u00f6rande elektriska apparater upp till 1000 V. Den \u00e4r b\u00e4ttre l\u00e4mpad f\u00f6r anv\u00e4ndning i slutna utrymmen, s\u00e5som museer, arkiv och laboratorier, d\u00e4r brandfarliga och br\u00e4nnbara v\u00e4tskor (bensin, olja, alkohol, fetter etc.) eller str\u00f6mf\u00f6rande elektrisk utrustning m\u00e5ste sl\u00e4ckas.<br \/>\nBrandsl\u00e4ckaren d\u00e4mpar l\u00e5gorna kemiskt genom att fylla ett slutet utrymme av en viss storlek med CO2. H\u00f6ga koncentrationer av CO2 blockerar oxidationsprocessen och f\u00f6rhindrar att l\u00e5gor bildas.<\/p>\n<p><strong>Teknisk information:<\/strong><br \/>\nM\u00e4ngd sl\u00e4ckgas: 5 kg<br \/>\nBrandsl\u00e4ckarens vikt: 14 kg<br \/>\nDrifttid (oavbruten): 9 sek.<br \/>\nSl\u00e4ckarens h\u00f6jd: 685 mm<br \/>\nFodralets diameter: 136 mm<br \/>\nArbetstemperatur: -20\u00b0C till +60\u00b0C<br \/>\nBrandsl\u00e4ckningsklass: 89B<br \/>\nCertifikat: CE, EN3<\/p>\n<p>&nbsp;<\/p>","protected":false},"featured_media":17179,"template":"","meta":[],"product_brand":[],"product_cat":[83],"product_tag":[],"class_list":{"0":"post-17185","1":"product","2":"type-product","3":"status-publish","4":"has-post-thumbnail","6":"product_cat-tulekustutid","8":"first","9":"instock","10":"taxable","11":"shipping-taxable","12":"purchasable","13":"product-type-simple"},"_links":{"self":[{"href":"https:\/\/flameguard.ee\/sv\/wp-json\/wp\/v2\/product\/17185","targetHints":{"allow":["GET"]}}],"collection":[{"href":"https:\/\/flameguard.ee\/sv\/wp-json\/wp\/v2\/product"}],"about":[{"href":"https:\/\/flameguard.ee\/sv\/wp-json\/wp\/v2\/types\/product"}],"version-history":[{"count":9,"href":"https:\/\/flameguard.ee\/sv\/wp-json\/wp\/v2\/product\/17185\/revisions"}],"predecessor-version":[{"id":17201,"href":"https:\/\/flameguard.ee\/sv\/wp-json\/wp\/v2\/product\/17185\/revisions\/17201"}],"wp:featuredmedia":[{"embeddable":true,"href":"https:\/\/flameguard.ee\/sv\/wp-json\/wp\/v2\/media\/17179"}],"wp:attachment":[{"href":"https:\/\/flameguard.ee\/sv\/wp-json\/wp\/v2\/media?parent=17185"}],"wp:term":[{"taxonomy":"product_brand","embeddable":true,"href":"https:\/\/flameguard.ee\/sv\/wp-json\/wp\/v2\/product_brand?post=17185"},{"taxonomy":"product_cat","embeddable":true,"href":"https:\/\/flameguard.ee\/sv\/wp-json\/wp\/v2\/product_cat?post=17185"},{"taxonomy":"product_tag","embeddable":true,"href":"https:\/\/flameguard.ee\/sv\/wp-json\/wp\/v2\/product_tag?post=17185"}],"curies":[{"name":"wp","href":"https:\/\/api.w.org\/{rel}","templated":true}]}}