{"id":17190,"date":"2025-02-19T18:19:24","date_gmt":"2025-02-19T16:19:24","guid":{"rendered":"http:\/\/flameguard.ee.dedi7782.your-server.de\/?post_type=product&#038;p=17190"},"modified":"2025-06-01T00:00:23","modified_gmt":"2025-05-31T21:00:23","slug":"liitiumaku-tulekustuti-ver-dis-2l","status":"publish","type":"product","link":"https:\/\/flameguard.ee\/sv\/product\/litiumbatteri-brandslackare-ver-dis-2l\/","title":{"rendered":"Brandsl\u00e4ckare med litiumbatteri VER-DIS 2l"},"content":{"rendered":"<p>OGNIOCHRON litiumbatteribrandsl\u00e4ckare uppfyller de tekniska kraven och ger effektivt skydd under olika f\u00f6rh\u00e5llanden och situationer.<\/p>\n<p><a style=\"color: #fe312e;\" href=\"\/wp-content\/uploads\/2025\/02\/card_ver-dis_2x-1.pdf\" target=\"_blank\" rel=\"noopener\"><img decoding=\"async\" src=\"\/wp-content\/uploads\/2025\/02\/pdf-icon.webp\" \/> Produktkort<\/a><\/p>","protected":false},"excerpt":{"rendered":"<p>Denna typ av brandsl\u00e4ckare \u00e4r l\u00e4mplig f\u00f6r inomhusbruk. VER-DIS brandsl\u00e4ckare, som \u00e4r speciellt utformade f\u00f6r att sl\u00e4cka br\u00e4nder fr\u00e5n litiumjonbatterier, \u00e4r ocks\u00e5 l\u00e4mpliga f\u00f6r sl\u00e4ckning av str\u00f6mf\u00f6rande elektriska apparater upp till 1000 V. Det innovativa vermikulitbaserade sl\u00e4ckmedlet kyler snabbt batteriet och sl\u00e4cker l\u00e5gor. Det hermetiska lagret blockerar tillg\u00e5ngen till syre och f\u00f6rhindrar att elden sprider sig. Designad f\u00f6r sl\u00e4ckning av batterier: upp till 200 Wh. Anv\u00e4ndningsomr\u00e5den: b\u00e4rbara datorer, surfplattor, laddningsbatterier etc.<\/p>\n<p><strong>Teknisk information:<\/strong><br \/>\nM\u00e4ngd sl\u00e4ckblandning: 2 l<br \/>\nBrandsl\u00e4ckarens vikt: 3,5 kg<br \/>\nDrifttid (oavbruten): 20 sek.<br \/>\nSl\u00e4ckarens h\u00f6jd: 368 mm<br \/>\nBoettens diameter: 110 mm<br \/>\nArbetstemperatur: +5\u00b0C till +60\u00b0C<br \/>\nSl\u00e4ckningsgrad: A E litiumbatterier<br \/>\nCertifikat: CE, EN3<\/p>\n<p>&nbsp;<\/p>","protected":false},"featured_media":17191,"template":"","meta":[],"product_brand":[],"product_cat":[83],"product_tag":[],"class_list":{"0":"post-17190","1":"product","2":"type-product","3":"status-publish","4":"has-post-thumbnail","6":"product_cat-tulekustutid","8":"first","9":"instock","10":"taxable","11":"shipping-taxable","12":"purchasable","13":"product-type-simple"},"_links":{"self":[{"href":"https:\/\/flameguard.ee\/sv\/wp-json\/wp\/v2\/product\/17190","targetHints":{"allow":["GET"]}}],"collection":[{"href":"https:\/\/flameguard.ee\/sv\/wp-json\/wp\/v2\/product"}],"about":[{"href":"https:\/\/flameguard.ee\/sv\/wp-json\/wp\/v2\/types\/product"}],"version-history":[{"count":7,"href":"https:\/\/flameguard.ee\/sv\/wp-json\/wp\/v2\/product\/17190\/revisions"}],"predecessor-version":[{"id":17231,"href":"https:\/\/flameguard.ee\/sv\/wp-json\/wp\/v2\/product\/17190\/revisions\/17231"}],"wp:featuredmedia":[{"embeddable":true,"href":"https:\/\/flameguard.ee\/sv\/wp-json\/wp\/v2\/media\/17191"}],"wp:attachment":[{"href":"https:\/\/flameguard.ee\/sv\/wp-json\/wp\/v2\/media?parent=17190"}],"wp:term":[{"taxonomy":"product_brand","embeddable":true,"href":"https:\/\/flameguard.ee\/sv\/wp-json\/wp\/v2\/product_brand?post=17190"},{"taxonomy":"product_cat","embeddable":true,"href":"https:\/\/flameguard.ee\/sv\/wp-json\/wp\/v2\/product_cat?post=17190"},{"taxonomy":"product_tag","embeddable":true,"href":"https:\/\/flameguard.ee\/sv\/wp-json\/wp\/v2\/product_tag?post=17190"}],"curies":[{"name":"wp","href":"https:\/\/api.w.org\/{rel}","templated":true}]}}