{"id":17212,"date":"2025-02-20T17:52:55","date_gmt":"2025-02-20T15:52:55","guid":{"rendered":"http:\/\/flameguard.ee.dedi7782.your-server.de\/?post_type=product&#038;p=17212"},"modified":"2025-03-13T12:08:59","modified_gmt":"2025-03-13T10:08:59","slug":"liitiumaku-tulekustuti-ver-dis-6l","status":"publish","type":"product","link":"https:\/\/flameguard.ee\/sv\/product\/litium-batteri-brandslackare-ver-dis-6l\/","title":{"rendered":"Brandsl\u00e4ckare med litiumbatteri VER-DIS 6L"},"content":{"rendered":"<p>OGNIOCHRON litiumbatteribrandsl\u00e4ckare uppfyller de tekniska kraven och ger effektivt skydd under olika f\u00f6rh\u00e5llanden och situationer.<\/p>\n<p><a style=\"color: #fe312e;\" href=\"\/wp-content\/uploads\/2025\/02\/card_ver-dis_6x-1.pdf\" target=\"_blank\" rel=\"noopener\"><img decoding=\"async\" src=\"\/wp-content\/uploads\/2025\/02\/pdf-icon.webp\" \/> Produktkort<\/a><\/p>","protected":false},"excerpt":{"rendered":"<div class=\"ewa-rteLine\">Denna typ av brandsl\u00e4ckare \u00e4r ocks\u00e5 l\u00e4mplig f\u00f6r inomhusbruk. VER-DIS brandsl\u00e4ckare, som \u00e4r speciellt utformade f\u00f6r att sl\u00e4cka br\u00e4nder fr\u00e5n litiumjonbatterier, \u00e4r ocks\u00e5 l\u00e4mpliga f\u00f6r sl\u00e4ckning av str\u00f6mf\u00f6rande elektriska apparater upp till 1000 V. Det innovativa vermikulitbaserade sl\u00e4ckmedlet kyler snabbt batteriet och sl\u00e4cker l\u00e5gor. Det hermetiska lagret blockerar tillg\u00e5ngen till syre och f\u00f6rhindrar att elden sprider sig. Anv\u00e4ndningsomr\u00e5den: b\u00e4rbara datorer, surfplattor, laddningsbatterier, skotrar, skotrar, elektriska skotrar etc.<\/div>\n<div><\/div>\n<div>.<\/div>\n<div>\n<div class=\"ewa-rteLine\"><strong>Teknisk information: <\/strong><\/div>\n<div class=\"ewa-rteLine\">M\u00e4ngd sl\u00e4ckblandning: 6 l<\/div>\n<div class=\"ewa-rteLine\">Brandsl\u00e4ckarens vikt: 9,7 kg<\/div>\n<div class=\"ewa-rteLine\">Drifttid (oavbruten): 40 sek.<\/div>\n<div class=\"ewa-rteLine\">Sl\u00e4ckarens h\u00f6jd: 502 mm<\/div>\n<div class=\"ewa-rteLine\">Fodralets diameter: 160 mm<\/div>\n<div class=\"ewa-rteLine\">Arbetstemperatur: +5\u00b0C till +60\u00b0C<\/div>\n<div class=\"ewa-rteLine\">Sl\u00e4ckningsgrad: A E litiumbatterier<\/div>\n<div>Designad f\u00f6r att sl\u00e4cka batterier: upp till 500 Wh.<\/div>\n<div class=\"ewa-rteLine\">Certifikat: CE, EN3<\/div>\n<\/div>\n<div class=\"ewa-rteLine\"><\/div>","protected":false},"featured_media":17287,"template":"","meta":[],"product_brand":[],"product_cat":[83],"product_tag":[],"class_list":{"0":"post-17212","1":"product","2":"type-product","3":"status-publish","4":"has-post-thumbnail","6":"product_cat-tulekustutid","8":"first","9":"instock","10":"sale","11":"taxable","12":"shipping-taxable","13":"purchasable","14":"product-type-simple"},"_links":{"self":[{"href":"https:\/\/flameguard.ee\/sv\/wp-json\/wp\/v2\/product\/17212","targetHints":{"allow":["GET"]}}],"collection":[{"href":"https:\/\/flameguard.ee\/sv\/wp-json\/wp\/v2\/product"}],"about":[{"href":"https:\/\/flameguard.ee\/sv\/wp-json\/wp\/v2\/types\/product"}],"version-history":[{"count":19,"href":"https:\/\/flameguard.ee\/sv\/wp-json\/wp\/v2\/product\/17212\/revisions"}],"predecessor-version":[{"id":18644,"href":"https:\/\/flameguard.ee\/sv\/wp-json\/wp\/v2\/product\/17212\/revisions\/18644"}],"wp:featuredmedia":[{"embeddable":true,"href":"https:\/\/flameguard.ee\/sv\/wp-json\/wp\/v2\/media\/17287"}],"wp:attachment":[{"href":"https:\/\/flameguard.ee\/sv\/wp-json\/wp\/v2\/media?parent=17212"}],"wp:term":[{"taxonomy":"product_brand","embeddable":true,"href":"https:\/\/flameguard.ee\/sv\/wp-json\/wp\/v2\/product_brand?post=17212"},{"taxonomy":"product_cat","embeddable":true,"href":"https:\/\/flameguard.ee\/sv\/wp-json\/wp\/v2\/product_cat?post=17212"},{"taxonomy":"product_tag","embeddable":true,"href":"https:\/\/flameguard.ee\/sv\/wp-json\/wp\/v2\/product_tag?post=17212"}],"curies":[{"name":"wp","href":"https:\/\/api.w.org\/{rel}","templated":true}]}}