{"id":17243,"date":"2025-02-20T15:24:53","date_gmt":"2025-02-20T13:24:53","guid":{"rendered":"http:\/\/flameguard.ee.dedi7782.your-server.de\/?post_type=product&#038;p=17243"},"modified":"2025-03-12T11:32:51","modified_gmt":"2025-03-12T09:32:51","slug":"liitiumaku-tulekustuti-ver-dis-2l-2","status":"publish","type":"product","link":"https:\/\/flameguard.ee\/sv\/product\/litium-batteri-brandslackare-ver-dis-2l-2\/","title":{"rendered":"Universell brandsl\u00e4ckare Firexo 2L"},"content":{"rendered":"<p>FIREXO universalbrandsl\u00e4ckare uppfyller de tekniska kraven och erbjuder ett effektivt skydd i m\u00e5nga olika f\u00f6rh\u00e5llanden och situationer.<\/p>\n<p><a style=\"color: #fe312e;\" href=\"\/wp-content\/uploads\/2025\/02\/2022-firexo-uk-data-sheet-2l-extinguisher.pdf\" target=\"_blank\" rel=\"noopener\"><img decoding=\"async\" src=\"\/wp-content\/uploads\/2025\/02\/pdf-icon.webp\" \/> Produktkort<\/a><\/p>\n<p><a style=\"color: #fe312e;\" href=\"\/wp-content\/uploads\/2025\/02\/2LTR-EH-18-1202-1070-DIELECTRIC-ONLY-13.12.18.pdf\" target=\"_blank\" rel=\"noopener\"><img decoding=\"async\" src=\"\/wp-content\/uploads\/2025\/02\/pdf-icon.webp\" \/> F\u00f6rs\u00e4kran om \u00f6verensst\u00e4mmelse<\/a><\/p>\n<p><a style=\"color: #fe312e;\" href=\"\/wp-content\/uploads\/2025\/02\/Lithium-ion-Test.pdf\" target=\"_blank\" rel=\"noopener\"><img decoding=\"async\" src=\"\/wp-content\/uploads\/2025\/02\/pdf-icon.webp\" \/> Test_raport<\/a><\/p>","protected":false},"excerpt":{"rendered":"<p>Universal Firexo ALL FIRES 2-liters brandsl\u00e4ckare passar <strong>ALLA<\/strong> brandklasser: f\u00f6r sl\u00e4ckning av fasta \u00e4mnen, br\u00e4nnbara v\u00e4tskor, gaser, str\u00f6mf\u00f6rande elektrisk utrustning (upp till 400 V), fettbr\u00e4nder, br\u00e4nder orsakade av litiumjonbatterier och metaller. Den \u00e4r idealisk f\u00f6r anv\u00e4ndning i fordon, husbilar, hem, garage, tr\u00e4dg\u00e5rdshus eller kontor.<\/p>\n<p><strong>Teknisk information:<\/strong><br \/>\nM\u00e4ngd sl\u00e4ckblandning: 2 l<br \/>\nBrandsl\u00e4ckarens vikt: 4 kg<br \/>\nDrifttid (oavbruten): 25 sek<br \/>\nSl\u00e4ckarens h\u00f6jd: 415 mm<br \/>\nBoettens diameter: 110 mm<br \/>\nArbetstemperatur: -15\u00b0C till +60\u00b0C<br \/>\nRaderingsklass: 13A 34B 25F C E D Litiumbatterier<\/p>\n<p>&nbsp;<\/p>","protected":false},"featured_media":17244,"template":"","meta":[],"product_brand":[],"product_cat":[83],"product_tag":[],"class_list":{"0":"post-17243","1":"product","2":"type-product","3":"status-publish","4":"has-post-thumbnail","6":"product_cat-tulekustutid","8":"first","9":"instock","10":"taxable","11":"shipping-taxable","12":"purchasable","13":"product-type-simple"},"_links":{"self":[{"href":"https:\/\/flameguard.ee\/sv\/wp-json\/wp\/v2\/product\/17243","targetHints":{"allow":["GET"]}}],"collection":[{"href":"https:\/\/flameguard.ee\/sv\/wp-json\/wp\/v2\/product"}],"about":[{"href":"https:\/\/flameguard.ee\/sv\/wp-json\/wp\/v2\/types\/product"}],"version-history":[{"count":9,"href":"https:\/\/flameguard.ee\/sv\/wp-json\/wp\/v2\/product\/17243\/revisions"}],"predecessor-version":[{"id":18695,"href":"https:\/\/flameguard.ee\/sv\/wp-json\/wp\/v2\/product\/17243\/revisions\/18695"}],"wp:featuredmedia":[{"embeddable":true,"href":"https:\/\/flameguard.ee\/sv\/wp-json\/wp\/v2\/media\/17244"}],"wp:attachment":[{"href":"https:\/\/flameguard.ee\/sv\/wp-json\/wp\/v2\/media?parent=17243"}],"wp:term":[{"taxonomy":"product_brand","embeddable":true,"href":"https:\/\/flameguard.ee\/sv\/wp-json\/wp\/v2\/product_brand?post=17243"},{"taxonomy":"product_cat","embeddable":true,"href":"https:\/\/flameguard.ee\/sv\/wp-json\/wp\/v2\/product_cat?post=17243"},{"taxonomy":"product_tag","embeddable":true,"href":"https:\/\/flameguard.ee\/sv\/wp-json\/wp\/v2\/product_tag?post=17243"}],"curies":[{"name":"wp","href":"https:\/\/api.w.org\/{rel}","templated":true}]}}