{"id":17276,"date":"2025-02-20T17:32:36","date_gmt":"2025-02-20T15:32:36","guid":{"rendered":"http:\/\/flameguard.ee.dedi7782.your-server.de\/?post_type=product&#038;p=17276"},"modified":"2025-03-31T19:34:01","modified_gmt":"2025-03-31T16:34:01","slug":"tulekustutus-sprei-firesi-frse-fs","status":"publish","type":"product","link":"https:\/\/flameguard.ee\/sv\/product\/brand-slackning-spray-brander-frse-fs\/","title":{"rendered":"Brandsl\u00e4ckningsspray Br\u00e4nder FRSE-FS"},"content":{"rendered":"<p>FIRES brandsl\u00e4ckningsspray uppfyller tekniska krav och ger ett effektivt skydd i en m\u00e4ngd olika f\u00f6rh\u00e5llanden och situationer.<\/p>\n<p><a style=\"color: #fe312e;\" href=\"\/wp-content\/uploads\/2025\/02\/Technical-data-FRSE-FS.pdf\" target=\"_blank\" rel=\"noopener\"><img decoding=\"async\" src=\"\/wp-content\/uploads\/2025\/02\/pdf-icon.webp\" \/> Produktkort<\/a><\/p>","protected":false},"excerpt":{"rendered":"<p>Denna typ av brandsl\u00e4ckare \u00e4r avsedd att anv\u00e4ndas <strong>Inomhus<\/strong>. Br\u00e4nder spray \u00e4r l\u00e4mplig f\u00f6r <strong>ALLA<\/strong> brandklasser: f\u00f6r sl\u00e4ckning av fasta \u00e4mnen, br\u00e4nnbara v\u00e4tskor, gaser, str\u00f6mf\u00f6rande elektrisk utrustning (upp till 400 V), fettbr\u00e4nder, br\u00e4nder orsakade av litiumjonbatterier och metaller. Den \u00e4r idealisk f\u00f6r anv\u00e4ndning i fordon, husbilar, hem, garage, tr\u00e4dg\u00e5rdshus eller kontor.<\/p>\n<p><strong>Teknisk information:<\/strong><br \/>\nM\u00e4ngd sl\u00e4ckblandning: 400 ml<br \/>\nSl\u00e4ckarens vikt: 545 g Drifttid (oavbruten): 11 sek<br \/>\nSl\u00e4ckarens h\u00f6jd: 570 mm<br \/>\nBoettens diameter: 66 mm<br \/>\nArbetstemperatur: -15\u00b0C till +60\u00b0C<br \/>\nSl\u00e4ckningsklass: A B F E C D Litiumbatterier<\/p>\n<p>&nbsp;<\/p>","protected":false},"featured_media":17277,"template":"","meta":[],"product_brand":[],"product_cat":[83],"product_tag":[],"class_list":{"0":"post-17276","1":"product","2":"type-product","3":"status-publish","4":"has-post-thumbnail","6":"product_cat-tulekustutid","8":"first","9":"instock","10":"taxable","11":"shipping-taxable","12":"purchasable","13":"product-type-simple"},"_links":{"self":[{"href":"https:\/\/flameguard.ee\/sv\/wp-json\/wp\/v2\/product\/17276","targetHints":{"allow":["GET"]}}],"collection":[{"href":"https:\/\/flameguard.ee\/sv\/wp-json\/wp\/v2\/product"}],"about":[{"href":"https:\/\/flameguard.ee\/sv\/wp-json\/wp\/v2\/types\/product"}],"version-history":[{"count":5,"href":"https:\/\/flameguard.ee\/sv\/wp-json\/wp\/v2\/product\/17276\/revisions"}],"predecessor-version":[{"id":18881,"href":"https:\/\/flameguard.ee\/sv\/wp-json\/wp\/v2\/product\/17276\/revisions\/18881"}],"wp:featuredmedia":[{"embeddable":true,"href":"https:\/\/flameguard.ee\/sv\/wp-json\/wp\/v2\/media\/17277"}],"wp:attachment":[{"href":"https:\/\/flameguard.ee\/sv\/wp-json\/wp\/v2\/media?parent=17276"}],"wp:term":[{"taxonomy":"product_brand","embeddable":true,"href":"https:\/\/flameguard.ee\/sv\/wp-json\/wp\/v2\/product_brand?post=17276"},{"taxonomy":"product_cat","embeddable":true,"href":"https:\/\/flameguard.ee\/sv\/wp-json\/wp\/v2\/product_cat?post=17276"},{"taxonomy":"product_tag","embeddable":true,"href":"https:\/\/flameguard.ee\/sv\/wp-json\/wp\/v2\/product_tag?post=17276"}],"curies":[{"name":"wp","href":"https:\/\/api.w.org\/{rel}","templated":true}]}}