{"id":17293,"date":"2025-02-20T18:17:07","date_gmt":"2025-02-20T16:17:07","guid":{"rendered":"http:\/\/flameguard.ee.dedi7782.your-server.de\/?post_type=product&#038;p=17293"},"modified":"2025-03-12T11:39:44","modified_gmt":"2025-03-12T09:39:44","slug":"universaalne-tulekustuti-firesi-frse-f6","status":"publish","type":"product","link":"https:\/\/flameguard.ee\/sv\/product\/universell-brandslackare-brander-frse-f6\/","title":{"rendered":"Universell brandsl\u00e4ckare Br\u00e4nder FRSE-F6"},"content":{"rendered":"<p>FIREXO universalbrandsl\u00e4ckare uppfyller de tekniska kraven och erbjuder ett effektivt skydd i m\u00e5nga olika f\u00f6rh\u00e5llanden och situationer.<\/p>\n<p><a style=\"color: #fe312e;\" href=\"\/wp-content\/uploads\/2025\/02\/06_Datasheet_FRSE-F6-1.pdf\" target=\"_blank\" rel=\"noopener\"><img decoding=\"async\" src=\"\/wp-content\/uploads\/2025\/02\/pdf-icon.webp\" \/> Produktkort<\/a><\/p>\n<p><a style=\"color: #fe312e;\" href=\"\/wp-content\/uploads\/2025\/02\/09_EC-Declaration-of-Conformity_FRSE-F6-1.pdf\" target=\"_blank\" rel=\"noopener\"><img decoding=\"async\" src=\"\/wp-content\/uploads\/2025\/02\/pdf-icon.webp\" \/> F\u00f6rs\u00e4kran om \u00f6verensst\u00e4mmelse<\/a><\/p>","protected":false},"excerpt":{"rendered":"<p>H\u00f6geffektiv brandsl\u00e4ckare 6 liter l\u00e4mplig f\u00f6r <strong>ALLA<\/strong> brandklasser: f\u00f6r sl\u00e4ckning av fasta \u00e4mnen, br\u00e4nnbara v\u00e4tskor, gaser, str\u00f6mf\u00f6rande elektrisk utrustning (upp till 1000 V), fettbr\u00e4nder, br\u00e4nder orsakade av litiumjonbatterier och metaller. Den \u00e4r idealisk f\u00f6r anv\u00e4ndning i fordon, husbilar, hem, garage, tr\u00e4dg\u00e5rdshus eller kontor. Firexo ALL FIRES brandsl\u00e4ckare \u00e4r en av de s\u00e4kraste och mest m\u00e5ngsidiga produkterna att ha i h\u00e4ndelse av brand.<\/p>\n<p><strong>Teknisk information:<\/strong><br \/>\nM\u00e4ngd sl\u00e4ckblandning: 6 l<br \/>\nBrandsl\u00e4ckarens vikt: 9,5 kg<br \/>\nDrifttid (oavbruten): 20 sek<br \/>\nSl\u00e4ckarens h\u00f6jd: 235 mm<br \/>\nBoettens diameter: 150 mm<br \/>\nArbetstemperatur: -15\u00b0C till +60\u00b0C<br \/>\nRaderingsklass: A B F C E Litiumbatterier<\/p>\n<p>&nbsp;<\/p>","protected":false},"featured_media":17294,"template":"","meta":[],"product_brand":[],"product_cat":[83],"product_tag":[],"class_list":{"0":"post-17293","1":"product","2":"type-product","3":"status-publish","4":"has-post-thumbnail","6":"product_cat-tulekustutid","8":"first","9":"instock","10":"taxable","11":"shipping-taxable","12":"purchasable","13":"product-type-simple"},"_links":{"self":[{"href":"https:\/\/flameguard.ee\/sv\/wp-json\/wp\/v2\/product\/17293","targetHints":{"allow":["GET"]}}],"collection":[{"href":"https:\/\/flameguard.ee\/sv\/wp-json\/wp\/v2\/product"}],"about":[{"href":"https:\/\/flameguard.ee\/sv\/wp-json\/wp\/v2\/types\/product"}],"version-history":[{"count":5,"href":"https:\/\/flameguard.ee\/sv\/wp-json\/wp\/v2\/product\/17293\/revisions"}],"predecessor-version":[{"id":18696,"href":"https:\/\/flameguard.ee\/sv\/wp-json\/wp\/v2\/product\/17293\/revisions\/18696"}],"wp:featuredmedia":[{"embeddable":true,"href":"https:\/\/flameguard.ee\/sv\/wp-json\/wp\/v2\/media\/17294"}],"wp:attachment":[{"href":"https:\/\/flameguard.ee\/sv\/wp-json\/wp\/v2\/media?parent=17293"}],"wp:term":[{"taxonomy":"product_brand","embeddable":true,"href":"https:\/\/flameguard.ee\/sv\/wp-json\/wp\/v2\/product_brand?post=17293"},{"taxonomy":"product_cat","embeddable":true,"href":"https:\/\/flameguard.ee\/sv\/wp-json\/wp\/v2\/product_cat?post=17293"},{"taxonomy":"product_tag","embeddable":true,"href":"https:\/\/flameguard.ee\/sv\/wp-json\/wp\/v2\/product_tag?post=17293"}],"curies":[{"name":"wp","href":"https:\/\/api.w.org\/{rel}","templated":true}]}}